{"id":4897,"date":"2020-10-26T12:00:31","date_gmt":"2020-10-26T11:00:31","guid":{"rendered":"http:\/\/metrica6.xyz\/?page_id=4897"},"modified":"2020-10-30T13:02:15","modified_gmt":"2020-10-30T12:02:15","slug":"politica-de-privacidad","status":"publish","type":"page","link":"https:\/\/metrica6.xyz\/es\/politica-de-privacidad\/","title":{"rendered":"Pol\u00edtica de privacidad"},"content":{"rendered":"\t\t<div data-elementor-type=\"wp-page\" data-elementor-id=\"4897\" class=\"elementor elementor-4897\">\n\t\t\t\t\t\t<section class=\"elementor-section elementor-top-section elementor-element elementor-element-36b6eb84 elementor-section-boxed elementor-section-height-default elementor-section-height-default\" data-id=\"36b6eb84\" data-element_type=\"section\">\n\t\t\t\t\t\t<div class=\"elementor-container elementor-column-gap-default\">\n\t\t\t\t\t<div class=\"elementor-column elementor-col-100 elementor-top-column elementor-element elementor-element-5160da4d\" data-id=\"5160da4d\" data-element_type=\"column\">\n\t\t\t<div class=\"elementor-widget-wrap elementor-element-populated\">\n\t\t\t\t\t\t<div class=\"elementor-element elementor-element-14289bc elementor-widget elementor-widget-heading\" data-id=\"14289bc\" data-element_type=\"widget\" data-widget_type=\"heading.default\">\n\t\t\t\t<div class=\"elementor-widget-container\">\n\t\t\t\t\t<h2 class=\"elementor-heading-title elementor-size-default\">Pol\u00edtica de privacidad<\/h2>\t\t\t\t<\/div>\n\t\t\t\t<\/div>\n\t\t\t\t<div class=\"elementor-element elementor-element-d8054a3 elementor-widget-divider--view-line elementor-widget elementor-widget-divider\" data-id=\"d8054a3\" data-element_type=\"widget\" data-widget_type=\"divider.default\">\n\t\t\t\t<div class=\"elementor-widget-container\">\n\t\t\t\t\t\t\t<div class=\"elementor-divider\">\n\t\t\t<span class=\"elementor-divider-separator\">\n\t\t\t\t\t\t<\/span>\n\t\t<\/div>\n\t\t\t\t\t\t<\/div>\n\t\t\t\t<\/div>\n\t\t\t\t<div class=\"elementor-element elementor-element-d6c8a70 elementor-widget elementor-widget-text-editor\" data-id=\"d6c8a70\" data-element_type=\"widget\" data-widget_type=\"text-editor.default\">\n\t\t\t\t<div class=\"elementor-widget-container\">\n\t\t\t\t\t\t\t\t\t\n<h4><strong>1 &#8211; \u00c1MBITO DE APLICACI\u00d3N. CONTENIDO<\/strong><\/h4>\n<p>\u00a0<\/p>\n\n<p>La siguiente Pol\u00edtica de Privacidad establecen las condiciones en las cuales se gestionan los datos facilitados por el usuario a trav\u00e9s de la web www.metrica6.xyz (en adelante, \u201cla Web\u201d) propiedad de \u00a0M\u00e9trica6 Ingenier\u00eda y Desarrollos S.L., en adelante \u201cM\u00e9trica6\u201d, \u201cLa Empresa\u201d o \u201cNosotros\u201d inscrita en el Registro Mercantil de M\u00e1laga, bajo el n\u00famero 4.523 del orden del protocolo, tomo 5198, folio 102, hoja n\u00famero MA-120322, inscripci\u00f3n 1\u00ba y C.I.F. B93288207. <a href=\"mailto:datos@metrica6.es\">datos@metrica6.es<\/a><\/p>\n<p>\u00a0<\/p>\n<p><span style=\"text-decoration: underline;\">Responsable de los datos<\/span><\/p>\n<p>\u00a0<\/p>\n<p>En cumplimiento del art\u00edculo 10 de la Ley 34\/2002, de 11 de julio, de Servicios de la Sociedad de la Informaci\u00f3n y Comercio Electr\u00f3nico, el Titular expone sus datos identificativos.<\/p>\n<p>\u00a0<\/p>\n<ul>\n<li style=\"list-style-type: none;\">\n<ul>\n<li><strong>Titular: <\/strong>M\u00e9trica6 Ingenier\u00eda y Desarrollos S.L.<\/li>\n<li><strong>NIF: <\/strong>B93288207<\/li>\n<li><strong>Domicilio: <\/strong>Avenida Juan L\u00f3pez Pe\u00f1alver 17, planta baja, ala B, oficina 3 derecha, CP: 29590, M\u00e1laga, Espa\u00f1a<\/li>\n<li><strong>Correo electr\u00f3nico: <\/strong><a href=\"mailto:datos@metrica6.es\">datos@metrica6.es<\/a><\/li>\n<li><strong>Sitio Web: <\/strong>metrica6.xyz<\/li>\n<\/ul>\n<\/li>\n<\/ul>\n<p>\u00a0<\/p>\n<p>Como parte de M\u00e9trica6 apreciamos su inter\u00e9s en nuestra empresa y nuestros productos. Nos tomamos muy en serio la protecci\u00f3n de su privacidad. A continuaci\u00f3n, le informamos sobre c\u00f3mo tratamos sus datos personales recopilados desde las distintas fuentes existentes en la Web en cumplimiento del Reglamento General Europeo de Protecci\u00f3n de Datos (\u201cRGPD\u201d).<\/p>\n<p>\u00a0<\/p>\n\n<h4><strong>2 &#8211; \u00bfC\u00d3MO TRATAMOS SUS DATOS PERSONALES?<\/strong><\/h4>\n<p>\u00a0<\/p>\n\n<p>La finalidad principal de los datos recogidos en la web y medios asociados es posibilitar la prestaci\u00f3n de los servicios solicitados por el usuario, atender sus consultas y gestionar los pedidos a trav\u00e9s de la web.<\/p>\n<p>\u00a0<\/p>\n<p>En principio, el prop\u00f3sito de dicho tratamiento de datos es el siguiente: el inicio de relaciones contractuales y la ejecuci\u00f3n de las mismas (Art. 6, apdo. 1, letra b del RGPD), la protecci\u00f3n de intereses leg\u00edtimos (Art. 6, apdo. 1, letra f del RGPD), el tratamiento basado en su consentimiento (Art. 6, apdo. 1, letra a del RGPD) y\/o el tratamiento sujeto a las disposiciones legales (Art. 6, apdo. 1, letra c del RGPD).<br \/><br \/>A continuaci\u00f3n puede encontrar m\u00e1s informaci\u00f3n sobre qu\u00e9 datos personales tratamos y el prop\u00f3sito por el que los recopilamos, as\u00ed como sobre los fundamentos legales para dicho tratamiento.<\/p>\n<p>\u00a0<\/p>\n<p><strong>2.1. &#8211; Contacto con nosotros a trav\u00e9s de correo electr\u00f3nico o mediante formulario de contacto<\/strong><\/p>\n<p>\u00a0<\/p>\n<p>Cuando usted se pone en contacto con nosotros a trav\u00e9s del correo electr\u00f3nico o mediante los formularios de contacto presentes en la web, tambi\u00e9n tratamos tanto su correo electr\u00f3nico como la informaci\u00f3n que nos proporciona para poder ofrecerle la mejor respuesta a cualquier pregunta o problema que le pueda surgir. <br \/><br \/>M\u00e1s informaci\u00f3n sobre los fundamentos legales del tratamiento de los datos personales en el Art. 6, apdo. 1, letra f del RGPD (intereses leg\u00edtimos). Nuestro inter\u00e9s leg\u00edtimo en el tratamiento de datos se debe a nuestro deseo de ofrecer una buena atenci\u00f3n al cliente y una \u00f3ptima gesti\u00f3n de sus consultas.<\/p>\n<p>\u00a0<\/p>\n<p><strong>2.2. &#8211; Solicitud de pedidos a trav\u00e9s de la web<\/strong><\/p>\n<p>\u00a0<\/p>\n<p>Para la gesti\u00f3n de las compras que realice en la web, incluyendo la gesti\u00f3n del pago y la remisi\u00f3n del pedido. Recogeremos los datos necesarios para la correcta ejecuci\u00f3n del servicio, siendo estos: Nombre y apellidos, domicilio y domicilio de entrega, direcci\u00f3n de correo electr\u00f3nico, tel\u00e9fono y datos bancarios (en los casos necesarios).<\/p>\n<p>\u00a0<\/p>\n<p><strong>2.3. &#8211;\u00a0 Gesti\u00f3n de incidencias y prestaci\u00f3n de servicios de soporte<\/strong><\/p>\n<p>\u00a0<\/p>\n<p>Tratamos ciertos datos personales en caso de mal funcionamiento o da\u00f1os notificados sobre los productos desarrollados por M\u00e9trica6, incluyendo el acceso a sus datos personales por parte del equipo de soporte de M\u00e9trica6 y sus entidades colaboradoras para su an\u00e1lisis y para proporcionar una soluci\u00f3n a la aver\u00eda o da\u00f1o, as\u00ed como para poder ponerse en contacto con usted. Esto incluye sus datos de contacto y la informaci\u00f3n necesaria respecto a la incidencia en cuesti\u00f3n (\u201cInformaci\u00f3n de la incidencia\u201d).<\/p>\n<p>\u00a0<\/p>\n<p>Para poder ofrecerle un soporte y un servicio \u00f3ptimos y contactar con usted, podemos transmitir la Informaci\u00f3n de la incidencia a la empresa local colaboradora correspondiente, ubicada en su zona de residencia (\u201cEmpresa de soporte local\u00bb). Tambi\u00e9n podemos compartir sus datos de contacto e informaci\u00f3n sobre los datos personales de la incidencia en cuesti\u00f3n con proveedores de servicios externos (p. ej., instaladores), que act\u00faan su nuestro nombre en caso de que las solicitudes de servicio necesiten una visita <em>in situ<\/em>.<\/p>\n<p>\u00a0<\/p>\n<p>M\u00e1s informaci\u00f3n sobre los fundamentos legales del tratamiento de datos personales en el Art. 6, apdo. 1, letra b del RGPD (ejecuci\u00f3n de un contrato).<\/p>\n<p>\u00a0<\/p>\n<p><strong>2.4. &#8211; Comunicaciones con fines comerciales<\/strong><\/p>\n<p>\u00a0<\/p>\n<p>Tramitamos sus datos (p. ej. correo electr\u00f3nico y n\u00famero de tel\u00e9fono) para ofrecerle productos espec\u00edficos de M\u00e9trica6 y sus empresas colaboradoras, en los casos que exista un consentimiento expreso por su parte.<\/p>\n<p>\u00a0<\/p>\n<p>Si est\u00e1 de acuerdo, tambi\u00e9n podemos compartir sus datos personales con empresas afiliadas del Grupo M\u00e9trica6, es decir, la empresa matriz de M\u00e9trica6 u otras empresas pertenecientes al Grupo M\u00e9trica6, para enviarle informaci\u00f3n comercial.<\/p>\n<p>M\u00e1s informaci\u00f3n sobre el tratamiento de los datos personales en el Art. 6, apdo. 1, letra a del RGPD (consentimiento). <br \/><br \/><\/p>\n<p><strong>2.7. &#8211;\u00a0 Seguimiento y an\u00e1lisis web<\/strong><\/p>\n<p>\u00a0<\/p>\n<p>La web utiliza Google Analytics, una herramienta de seguimiento web de Google Inc. (en adelante, \u201cGoogle\u201d). Google Analytics utiliza cookies para analizar su uso de la web. Los datos recogidos por las cookies se env\u00edan, por lo general, a un servidor de Google en los EE.UU. y se almacenan all\u00ed.<\/p>\n<p>\u00a0<\/p>\n<p>Puede encontrar informaci\u00f3n m\u00e1s detallada sobre los t\u00e9rminos y condiciones, as\u00ed como sobre la protecci\u00f3n de datos en <a href=\"https:\/\/www.google.com\/policies\/privacy\/\">https:\/\/www.google.com\/policies\/privacy\/<\/a>.<\/p>\n<p>\u00a0<\/p>\n<p>El tratamiento de los datos personales a trav\u00e9s de Google Analytics se basa en el Art. 6, apdo. 1, letra f del RGPD. Nuestro prop\u00f3sito e inter\u00e9s leg\u00edtimo se basan en el an\u00e1lisis del uso de nuestros servicios.<\/p>\n<p>\u00a0<\/p>\n\n<h4><strong>3 &#8211; <\/strong><strong>\u00bfEST\u00c1 USTED OBLIGADO A PROPORCIONAR DATOS PERSONALES?<\/strong><\/h4>\n<p>\u00a0<\/p>\n<p>No existe una obligaci\u00f3n legal o contractual de proporcionarnos sus datos personales, a excepci\u00f3n de aquellos que sean necesarios para ofrecerle nuestros servicios. Sin estos datos personales, nuestros servicios podr\u00edan verse limitados.<\/p>\n\n<p>\u00a0<\/p>\n\n<h4><strong>4 &#8211; <\/strong><strong>\u00bfCON QUI\u00c9N COMPARTIMOS SUS DATOS PERSONALES?<\/strong><\/h4>\n<p>\u00a0<\/p>\n<p><strong>4.1. Contrataci\u00f3n de proveedores de servicios<\/strong><\/p>\n<p>\u00a0<\/p>\n<p>En ocasiones utilizamos proveedores de servicios externos para tratar datos personales cuando sea requerido para la prestaci\u00f3n de servicios. El tratamiento de datos personales por parte del proveedor de servicios se llevar\u00e1 a cabo en nuestro nombre y conforme a nuestras instrucciones (los llamados \u201cEncargados\u201d, consulte el Art. 4, apdo. 8 del RGPD). Contratamos los siguientes proveedores de servicios o categor\u00edas de proveedores de servicios:<\/p>\n<p>\u00a0<\/p>\n<ul class=\"wp-block-list\">\n<li style=\"list-style-type: none;\">\n<ul>\n<li>Proveedores de servicios de TI (que incluyen alojamiento, revisiones de seguridad, pruebas de algoritmos, administraci\u00f3n de cuentas, an\u00e1lisis web).<\/li>\n<li>Proveedores de servicios de soporte (incluida la gesti\u00f3n de incidencias).<\/li>\n<\/ul>\n<\/li>\n<\/ul>\n<p>\u00a0<\/p>\n<p><strong>4.2. Transferencia de datos personales a terceros<\/strong><\/p>\n<p>\u00a0<\/p>\n<p>Tambi\u00e9n podemos compartir datos personales con los destinatarios, que tratan datos personales bajo su propia responsabilidad y para sus propios fines (consulte el Art. 4, apdo. 7 del RGPD). Esto incluye la transferencia a los siguientes destinatarios o categor\u00edas de destinatarios:<\/p>\n<p>\u00a0<\/p>\n<ul>\n<li style=\"list-style-type: none;\">\n<ul>\n<li>Empresas asociadas de M\u00e9trica6 y empresas de soporte local.<\/li>\n<li>Socios colaboradores.<\/li>\n<li>Empresas de transporte.<\/li>\n<\/ul>\n<\/li>\n<\/ul>\n<p>\u00a0<\/p>\n\n<h4><strong>5 &#8211; <\/strong><strong>\u00bfTRANSFERIMOS SUS DATOS PERSONALES A TERCEROS PA\u00cdSES?<\/strong><\/h4>\n<p>\u00a0<\/p>\n\n<p>Podemos transferir sus datos personales a proveedores de servicios y destinatarios ubicados en pa\u00edses fuera del Espacio Econ\u00f3mico Europeo (EEE), si dicha transferencia es necesaria para los fines descritos en esta Pol\u00edtica de privacidad. Dicha transmisi\u00f3n de datos tiene lugar en los siguientes casos:<\/p>\n<p>\u00a0<\/p>\n<ul>\n<li>Tratamiento de datos personales por parte de proveedores de servicios que act\u00faan en nuestro nombre, incluido el seguimiento y el an\u00e1lisis web.<\/li>\n<\/ul>\n<p>\u00a0<\/p>\n<p>Cualquier transferencia de datos a un tercer pa\u00eds se llevar\u00e1 a cabo solo de conformidad con las normas de protecci\u00f3n de datos aplicables, en concreto, la garant\u00eda adecuada de la protecci\u00f3n de datos. Hemos implementado las medidas de seguridad apropiadas, es decir, cl\u00e1usulas contractuales est\u00e1ndar de acuerdo con el art. 46, apdo. 2, letra c del RGPD, garantizando as\u00ed la seguridad de sus datos personales.<\/p>\n<p>\u00a0<\/p>\n<p>\u00a0<\/p>\n\n<h4><strong>6 &#8211; <\/strong><strong>\u00bfDURANTE CU\u00c1NTO TIEMPO ALMACENAMOS SUS DATOS PERSONALES?<\/strong><\/h4>\n<p>\u00a0<\/p>\n\n<p>En general, tratamos sus datos personales solo mientras sea necesario en relaci\u00f3n con el prop\u00f3sito inicial especificado, expl\u00edcito y leg\u00edtimo.<\/p>\n<p>\u00a0<\/p>\n<p>Adem\u00e1s, estamos sujetos a diversas obligaciones legales en materia de archivo y documentaci\u00f3n. Los per\u00edodos de conservaci\u00f3n de tales obligaciones de almacenamiento y documentaci\u00f3n pueden ser de hasta diez a\u00f1os.<\/p>\n<p>\u00a0<\/p>\n<p>Ante posibles reclamaciones legales, el per\u00edodo de conservaci\u00f3n tambi\u00e9n est\u00e1 determinado por plazos de prescripci\u00f3n legales, que pueden ser de hasta treinta a\u00f1os; el plazo de prescripci\u00f3n regular es de tres a\u00f1os.<\/p>\n<p>\u00a0<\/p>\n<h4><strong>7 &#8211; \u00bfC\u00d3MO PROTEGEMOS SUS DATOS PERSONALES?<\/strong><\/h4>\n<p>\u00a0<\/p>\n<p>Actualizamos las medidas t\u00e9cnicas para garantizar la seguridad de sus datos, en concreto para proteger su informaci\u00f3n personal de amenazas al transferir dichos datos y del conocimiento previo adquirido por terceros. Estas medidas se adaptan constantemente a la \u00faltima actualizaci\u00f3n del art\u00edculo.<\/p>\n<p><br \/>Para evitar el acceso no autorizado de terceros a sus datos personales, la conexi\u00f3n se encripta mediante cifrado SSL.<\/p>\n<p>\u00a0<\/p>\n<h4><strong>8 &#8211; <\/strong><strong>\u00bfCU\u00c1LES SON SUS DERECHOS?<\/strong><\/h4>\n<p>\u00a0<\/p>\n<p>Usted tiene derecho de acceso (Art. 15 del RGPD), derecho de rectificaci\u00f3n (Art. 16 del RGPD), derecho de borrado (Art. 17 del RGPD), derecho de limitaci\u00f3n del tratamiento (Art. 18 del RGPD) y derecho a la portabilidad de datos (Art. 20 del RGPD).<\/p>\n<p>\u00a0<\/p>\n<p>Cuando los datos personales se tratan con su consentimiento, usted tiene derecho a retirar su consentimiento de acuerdo con el art. 7, apdo. 3 del RGPD. Tenga en cuenta que su renuncia solo afecta al tratamiento futuro de sus datos basado en su consentimiento.<\/p>\n<p>\u00a0<\/p>\n<p>En la medida en que los datos personales se traten sobre la base de nuestro inter\u00e9s leg\u00edtimo de acuerdo con el art. 6, apdo. 1, letra f del RGPD, usted tiene derecho a oponerse de acuerdo con el art. 21 del RGPD.<\/p>\n<p>Puede encontrar m\u00e1s informaci\u00f3n sobre su derecho a oponerse al final de esta Pol\u00edtica de Privacidad.<\/p>\n<p><br \/>Para ejercer los derechos antes mencionados, puede ponerse en contacto con nosotros enviando un correo electr\u00f3nico a <a href=\"mailto:datos@metrica6.es\">datos@metrica6.es<\/a>. Para facilitar el tratamiento de su solicitud, indique en su mensaje d\u00f3nde se puso en contacto con nosotros (p. ej., en qu\u00e9 regi\u00f3n y bajo qu\u00e9 circunstancias). Tenga en cuenta que podemos solicitarle que presente un documento de identidad para comprobar su idoneidad para ejercer dichos derechos.<\/p>\n<p>\u00a0<\/p>\n<p>Si considera que el tratamiento de sus datos personales es ilegal, tiene derecho a presentar una queja ante el \u00f3rgano de control competente (Art. 77 del RGPD). Este derecho a presentar una queja se entiende sin perjuicio de cualquier otro recurso administrativo o judicial.<\/p>\n<p>\u00a0<\/p>\n<p>Informaci\u00f3n sobre su derecho a oponerse de conformidad con el art. 21 del Reglamento general de protecci\u00f3n de datos (RGPD).<\/p>\n<p>\u00a0<\/p>\n<p>Tiene derecho a oponerse, por motivos relacionados con su situaci\u00f3n particular, en cualquier momento al tratamiento de sus datos personales en funci\u00f3n del art. 6, apdo. 1, letra f del RGPD (tratamiento de datos personales basado en un equilibrio de intereses); esto incluye la elaboraci\u00f3n de perfiles en funci\u00f3n de dichas disposiciones (Art. 4 apdo. 4 del RGPD).<\/p>\n<p>\u00a0<\/p>\n<p>Si decide oponerse al tratamiento de datos, dejaremos de tratar sus datos personales, a menos que podamos demostrar motivos leg\u00edtimos imperiosos para dicho tratamiento que prevalezcan sobre sus intereses, derechos y libertades o si el tratamiento tiene el prop\u00f3sito de formular, ejercer o defender reclamaciones judiciales.<\/p>\n<p>\u00a0<\/p>\n<p>Tambi\u00e9n tiene derecho a oponerse en cualquier momento al tratamiento de sus datos personales con fines publicitarios; esto tambi\u00e9n se aplica a la elaboraci\u00f3n de perfiles siempre y cuando est\u00e9 vinculada a fines publicitarios.<\/p>\n<p>\u00a0<\/p>\n<p>Si decide oponerse al tratamiento de datos con fines publicitarios, dejaremos de tratar sus datos personales para tales fines.<\/p>\n<p>\u00a0<\/p>\n<p>\u00a0<\/p>\n\t\t\t\t\t\t\t\t<\/div>\n\t\t\t\t<\/div>\n\t\t\t\t\t<\/div>\n\t\t<\/div>\n\t\t\t\t\t<\/div>\n\t\t<\/section>\n\t\t\t\t<\/div>\n\t\t","protected":false},"excerpt":{"rendered":"<p>Pol\u00edtica de privacidad 1 &#8211; \u00c1MBITO DE APLICACI\u00d3N. CONTENIDO \u00a0 La siguiente Pol\u00edtica de Privacidad establecen las condiciones en las&#8230;<\/p>\n","protected":false},"author":1,"featured_media":0,"parent":0,"menu_order":0,"comment_status":"closed","ping_status":"closed","template":"","meta":{"footnotes":""},"class_list":["post-4897","page","type-page","status-publish","hentry"],"_links":{"self":[{"href":"https:\/\/metrica6.xyz\/es\/wp-json\/wp\/v2\/pages\/4897","targetHints":{"allow":["GET"]}}],"collection":[{"href":"https:\/\/metrica6.xyz\/es\/wp-json\/wp\/v2\/pages"}],"about":[{"href":"https:\/\/metrica6.xyz\/es\/wp-json\/wp\/v2\/types\/page"}],"author":[{"embeddable":true,"href":"https:\/\/metrica6.xyz\/es\/wp-json\/wp\/v2\/users\/1"}],"replies":[{"embeddable":true,"href":"https:\/\/metrica6.xyz\/es\/wp-json\/wp\/v2\/comments?post=4897"}],"version-history":[{"count":1,"href":"https:\/\/metrica6.xyz\/es\/wp-json\/wp\/v2\/pages\/4897\/revisions"}],"predecessor-version":[{"id":5017,"href":"https:\/\/metrica6.xyz\/es\/wp-json\/wp\/v2\/pages\/4897\/revisions\/5017"}],"wp:attachment":[{"href":"https:\/\/metrica6.xyz\/es\/wp-json\/wp\/v2\/media?parent=4897"}],"curies":[{"name":"wp","href":"https:\/\/api.w.org\/{rel}","templated":true}]}}