{"id":2301,"date":"2018-09-26T09:04:10","date_gmt":"2018-09-26T07:04:10","guid":{"rendered":"http:\/\/metrica6.xyz\/?page_id=2301"},"modified":"2020-10-30T13:17:22","modified_gmt":"2020-10-30T12:17:22","slug":"politica-de-cookies","status":"publish","type":"page","link":"https:\/\/metrica6.xyz\/es\/politica-de-cookies\/","title":{"rendered":"Pol\u00edtica de cookies"},"content":{"rendered":"<p>[vc_row css_animation=\u00bb\u00bb row_type=\u00bbrow\u00bb use_row_as_full_screen_section=\u00bbno\u00bb type=\u00bbfull_width\u00bb angled_section=\u00bbno\u00bb text_align=\u00bbleft\u00bb background_image_as_pattern=\u00bbwithout_pattern\u00bb css=\u00bb.vc_custom_1537947095567{padding-bottom: 3% !important;}\u00bb z_index=\u00bb\u00bb][vc_column][vc_column_text]<\/p>\n<h4 style=\"text-align: center;\"><strong>POL\u00cdTICA DE COOKIES<\/strong><\/h4>\n<h4 style=\"padding: 20px 0;\"><strong>CONCEPTO DE COOKIES<\/strong><\/h4>\n<p>Est\u00e1 leyendo nuestra pol\u00edtica de cookies. Durante la navegaci\u00f3n a trav\u00e9s de la nuestra Web es posible que recopilemos informaci\u00f3n relativa al flujo del tr\u00e1fico, as\u00ed como a patrones de visita de las P\u00e1ginas de nuestro dominio. Dicha informaci\u00f3n ser\u00e1 tratada a trav\u00e9s de cookies (peque\u00f1as cantidades de informaci\u00f3n en formato texto que la P\u00e1gina env\u00eda al ordenador o equipo del Usuario mientras visita la misma).<\/p>\n<p style=\"padding-top: 20px;\">El objetivo de la utilizaci\u00f3n de las Cookies&nbsp;es personalizar el acceso a la P\u00e1gina con el prop\u00f3sito de mejorar la navegaci\u00f3n y sus condiciones de funcionalidad.<\/p>\n<p style=\"padding: 20px 0;\">En esta p\u00e1gina web cumplimos con lo dispuesto en la <a href=\"https:\/\/www.boe.es\/buscar\/act.php?id=BOE-A-2002-13758\">Ley de Servicios de la Sociedad de la Informaci\u00f3n<\/a>, norma que ha recogido la transposici\u00f3n de la Directiva 2009\/136\/CE, conocida como \u201cLey de Cookies\u201d.<\/p>\n<p>Una cookie es un peque\u00f1o archivo de texto, que se almacena en el ordenador, tablet, tel\u00e9fono m\u00f3vil o en definitiva, en el dispositivo que utilice para navegar a trav\u00e9s de Internet, y que puede guardar informaci\u00f3n relativa a la frecuencia con la que visita las p\u00e1ginas web, sus preferencias de navegaci\u00f3n, la informaci\u00f3n que m\u00e1s le interesa, nombres de usuario, registrar productos, etc.<\/p>\n<p>En nuestro caso, las cookies que utilizamos en nuestra web no recopilan informaci\u00f3n que le identifique de forma personal.<\/p>\n<p>&nbsp;<\/p>\n<h4 style=\"padding: 20px 0;\"><strong>TIPOS DE COOKIES<\/strong><\/h4>\n<p>En funci\u00f3n de su naturaleza, las cookies pueden clasificarse en:\u201cCookies de sesi\u00f3n\u201d o \u201cCookies Persistentes\u201d: las primeras son eliminadas al cerrar el navegador, mientras que las segundas permanecen en el equipo inform\u00e1tico.<\/p>\n<p>\u201cCookies propias\u201d o \u201cCookies de tercero\u201d: en funci\u00f3n de si pertenecen al propio titular de la web, o a un tercero.<\/p>\n<p>&nbsp;<\/p>\n<h4 style=\"padding: 20px 0;\"><strong>\u00bfQU\u00c9 COOKIES UTILIZAMOS?<\/strong><\/h4>\n<h4><\/h4>\n<table style=\"border: 1px solid black;\" width=\"107%\">\n<thead>\n<tr>\n<td style=\"border: 1px solid black;\" width=\"15%\"><strong>Nombre de cookie<\/strong><\/td>\n<td style=\"border: 1px solid black;\" width=\"52%\"><strong>Descripci\u00f3n\/Finalidad<\/strong><\/td>\n<td style=\"border: 1px solid black;\" width=\"15%\"><strong>Procedencia<\/strong><\/td>\n<td style=\"border: 1px solid black;\" width=\"16%\"><strong>Duraci\u00f3n<\/strong><\/td>\n<\/tr>\n<tr>\n<td style=\"border: 1px solid black;\" width=\"15%\">SID, HSID, APISID, SAPISID, SSID<\/td>\n<td style=\"border: 1px solid black;\" width=\"52%\">Cookies empleadas para visualizar ubicaciones geogr\u00e1ficas, compartir en G+ adem\u00e1s de las cookies que Google requiere si mantiene la sesi\u00f3n activa con su cuenta, gestionada enteramente por Google.<\/td>\n<td style=\"border: 1px solid black;\" rowspan=\"2\" width=\"15%\">Cookie de&nbsp; terceros (google.com)<\/td>\n<td style=\"border: 1px solid black;\" width=\"16%\">Dos a\u00f1os a partir de su instalaci\u00f3n o actualizaci\u00f3n.<\/td>\n<\/tr>\n<tr>\n<td style=\"border: 1px solid black;\" width=\"15%\">NID<\/td>\n<td style=\"border: 1px solid black;\" width=\"52%\">El bot\u00f3n Google +1 utilizado en nuestro Sitio Web est\u00e1 alojado en Google, su navegador env\u00eda informaci\u00f3n de las cookies que Google requiere si mantiene la sesi\u00f3n activa con su cuenta, estos datos son utilizados por Google con el fin de asociarlos a su cuenta.<\/td>\n<td style=\"border: 1px solid black;\" width=\"16%\">Seis meses a partir de su instalaci\u00f3n o actualizaci\u00f3n.<\/td>\n<\/tr>\n<tr>\n<td style=\"border: 1px solid black;\" width=\"15%\">_ga<\/td>\n<td style=\"border: 1px solid black;\" width=\"52%\">Esta cookie se utiliza para hacer recuento de cuantas veces visita el sitio un usuario. Tambi\u00e9n registra cuando fue la primera y la \u00faltima vez que visit\u00f3 la web.<\/td>\n<td style=\"border: 1px solid black;\" rowspan=\"2\" width=\"15%\">cookie propia<\/td>\n<td style=\"border: 1px solid black;\" width=\"16%\">Dos a\u00f1os a partir de su instalaci\u00f3n o actualizaci\u00f3n.<\/td>\n<\/tr>\n<tr>\n<td style=\"border: 1px solid black;\" width=\"15%\">_gat<\/td>\n<td style=\"border: 1px solid black;\" width=\"52%\">Esta cookie se usa para conocer el tiempo de navegaci\u00f3n. Registra la hora de llegada a la p\u00e1gina.<\/td>\n<td style=\"border: 1px solid black;\" width=\"16%\">Un a\u00f1o a partir de su instalaci\u00f3n o actualizaci\u00f3n.<\/td>\n<\/tr>\n<tr>\n<td style=\"border: 1px solid black;\" width=\"15%\">datr<\/td>\n<td style=\"border: 1px solid black;\" width=\"52%\">Facebook utiliza cookies de seguridad. Este sistema de seguridad llamado \u201cDelta\u201d comprueba en cada login si la cuenta de usuario est\u00e1 siendo utilizada fraudulentamente por un tercero. Esta comprobaci\u00f3n la realiza con el cookie DATR y la informaci\u00f3n que contiene.<\/td>\n<td style=\"border: 1px solid black;\" rowspan=\"3\" width=\"15%\">Cookie de tercero<\/p>\n<p>(facebook.com)<\/td>\n<td style=\"border: 1px solid black;\" width=\"16%\">Dos a\u00f1os a partir de su instalaci\u00f3n o actualizaci\u00f3n<\/td>\n<\/tr>\n<tr>\n<td style=\"border: 1px solid black;\" width=\"15%\">fr<\/td>\n<td style=\"border: 1px solid black;\" width=\"52%\">Tienes 2 partes: La primera parte del archivo cookie es un identificador del navegador, que se utiliza para identificar el navegador web. La segunda parte del archivo cookie es una versi\u00f3n cifrada de la registrada en Facebook del usuario ID. Identificaci\u00f3n del usuario se vuelve a cifrar cada hora a un valor diferente.<\/td>\n<td style=\"border: 1px solid black;\" width=\"16%\">Dos meses a partir de su instalaci\u00f3n o actualizaci\u00f3n.<\/td>\n<\/tr>\n<tr>\n<td style=\"border: 1px solid black;\" width=\"15%\">lu<\/td>\n<td style=\"border: 1px solid black;\" width=\"52%\">El ID de usuario del registrado previamente en usuario, o cero si el usuario ha iniciado sesi\u00f3n expl\u00edcitamente.<\/p>\n<p>Un contador que contiene el n\u00famero de veces consecutivas que el mismo usuario ha iniciado sesi\u00f3n desde este navegador y no se ha conectado de forma expl\u00edcita.<\/td>\n<td style=\"border: 1px solid black;\" width=\"16%\">Dos a\u00f1os a partir de su instalaci\u00f3n o actualizaci\u00f3n<\/td>\n<\/tr>\n<\/thead>\n<\/table>\n<p>&nbsp;<\/p>\n<table width=\"107%\">\n<thead>\n<tr>\n<td style=\"border: 1px solid black;\" width=\"15%\">xs<\/td>\n<td style=\"border: 1px solid black;\" width=\"52%\">La componen cuatro partes. La primera representa el n\u00famero de sesi\u00f3n. La segunda es para la confidencialidad de la sesi\u00f3n. El tercero determina si el usuario ha permitido la funci\u00f3n de navegaci\u00f3n segura. El cuarto componente que parece ser una marca de tiempo Unix.<\/td>\n<td style=\"border: 1px solid black;\" width=\"15%\"><\/td>\n<td style=\"border: 1px solid black;\" width=\"16%\">Dos meses a partir de su instalaci\u00f3n o actualizaci\u00f3n.<\/td>\n<\/tr>\n<tr>\n<td style=\"border: 1px solid black;\" width=\"15%\">dnt<\/td>\n<td style=\"border: 1px solid black;\" width=\"52%\">Si tiene una cuenta de Twitter, estas cookies le permitir\u00e1n compartir contenido de nuestro sitio web con sus contactos de Twitter.<\/td>\n<td style=\"border: 1px solid black;\" rowspan=\"4\" width=\"15%\">Cookie de tercero<\/p>\n<p>(Twitter.com)<\/td>\n<td style=\"border: 1px solid black;\" width=\"16%\">Seis meses a partir de su instalaci\u00f3n o actualizaci\u00f3n.<\/td>\n<\/tr>\n<tr>\n<td style=\"border: 1px solid black;\" width=\"15%\">_ga, guest_id<\/td>\n<td style=\"border: 1px solid black;\" width=\"52%\">Plugin de servicio twitter. Su finalidad es obtener la informaci\u00f3n de los usuarios que han utilizado este servicio.<\/td>\n<td style=\"border: 1px solid black;\" width=\"16%\">Dos a\u00f1os a partir de su instalaci\u00f3n o actualizaci\u00f3n<\/td>\n<\/tr>\n<tr>\n<td style=\"border: 1px solid black;\" width=\"15%\">eucn<\/td>\n<td style=\"border: 1px solid black;\" width=\"52%\">Va incorporadas en el bot\u00f3n social \u201cTwittear\u201d incluido en algunas de las p\u00e1ginas de la web. Es necesaria para reconocer el usuario logado con una cuenta de Twitter y la contabilizaci\u00f3n de las pulsaciones en dicho bot\u00f3n.<\/td>\n<td style=\"border: 1px solid black;\" width=\"16%\">Un a\u00f1o a partir de su instalaci\u00f3n o actualizaci\u00f3n<\/td>\n<\/tr>\n<tr>\n<td style=\"border: 1px solid black;\" width=\"15%\">tfw_exp<\/td>\n<td style=\"border: 1px solid black;\" width=\"52%\">Se utilizan para twittear e identificarse en el sitio web a trav\u00e9s de una cuenta de Twitter, as\u00ed como informaci\u00f3n sobre el contenido visto por el usuario para mostrar publicidad en funci\u00f3n del mismo.<\/td>\n<td style=\"border: 1px solid black;\" width=\"16%\">Quince d\u00edas a partir de su instalaci\u00f3n o actualizaci\u00f3n.<\/td>\n<\/tr>\n<tr>\n<td style=\"border: 1px solid black;\" width=\"15%\">lidc<\/td>\n<td style=\"border: 1px solid black;\" width=\"52%\">Utilizado para routing. Compartir botones y a\u00f1adir etiquetas<\/td>\n<td style=\"border: 1px solid black;\" rowspan=\"5\" width=\"15%\">Cookie de tercero<\/p>\n<p>(linkedin.com)<\/td>\n<td style=\"border: 1px solid black;\" width=\"16%\">Un d\u00eda a partir de su instalaci\u00f3n o actualizaci\u00f3n.<\/td>\n<\/tr>\n<tr>\n<td style=\"border: 1px solid black;\" width=\"15%\">bcookie<\/td>\n<td style=\"border: 1px solid black;\" width=\"52%\">Cookie de identificaci\u00f3n del navegador. Compartir botones y a\u00f1adir etiquetas<\/td>\n<td style=\"border: 1px solid black;\" width=\"16%\">Un a\u00f1o a partir de su instalaci\u00f3n o actualizaci\u00f3n.<\/td>\n<\/tr>\n<tr>\n<td style=\"border: 1px solid black;\" width=\"15%\">li_at<\/td>\n<td style=\"border: 1px solid black;\" rowspan=\"2\" width=\"52%\">Estas cookies nos permiten ubicar en nuestra web ciertas funcionalidades de LinkedIn, como la posibilidad de acceder a los perfiles de los miembros. La descarga de estas cookies puede y suele variar en funci\u00f3n de que el usuario est\u00e9 logado o no a LinkedIn en el momento en que est\u00e1 navegando por el Sitio Web<\/td>\n<td style=\"border: 1px solid black;\" width=\"16%\">Un a\u00f1o a partir de su instalaci\u00f3n o actualizaci\u00f3n<\/td>\n<\/tr>\n<tr>\n<td style=\"border: 1px solid black;\" width=\"15%\">liap<\/td>\n<td style=\"border: 1px solid black;\" width=\"16%\">Tres meses a partir de su instalaci\u00f3n o actualizaci\u00f3n<\/td>\n<\/tr>\n<tr>\n<td style=\"border: 1px solid black;\" width=\"15%\">lidc<\/td>\n<td style=\"border: 1px solid black;\" width=\"52%\">Utilizado para routing. Compartir botones y a\u00f1adir etiquetas<\/td>\n<td style=\"border: 1px solid black;\" width=\"16%\">Un d\u00eda a partir de su instalaci\u00f3n o actualizaci\u00f3n.<\/td>\n<\/tr>\n<\/thead>\n<\/table>\n<table style=\"border: 1px solid black;\" width=\"107%\">\n<thead>\n<tr>\n<td style=\"border: 1px solid black;\" width=\"15%\">bcookie<\/td>\n<td style=\"border: 1px solid black;\" width=\"52%\">Cookie de identificaci\u00f3n del navegador. Compartir botones y a\u00f1adir etiquetas<\/td>\n<td rowspan=\"3\" width=\"15%\"><\/td>\n<td style=\"border: 1px solid black;\" width=\"16%\">Un a\u00f1o a partir de su instalaci\u00f3n o actualizaci\u00f3n.<\/td>\n<\/tr>\n<tr>\n<td style=\"border: 1px solid black;\" width=\"15%\">li_at<\/td>\n<td style=\"border: 1px solid black;\" rowspan=\"2\" width=\"52%\">Estas cookies nos permiten ubicar en nuestra web ciertas funcionalidades de LinkedIn, como la posibilidad de acceder a los perfiles de los miembros. La descarga de estas cookies puede y suele variar en funci\u00f3n de que el usuario est\u00e9 logado o no a LinkedIn en el momento en que est\u00e1 navegando por el Sitio Web<\/td>\n<td style=\"border: 1px solid black;\" width=\"16%\">Un a\u00f1o a partir de su instalaci\u00f3n o actualizaci\u00f3n<\/td>\n<\/tr>\n<tr>\n<td style=\"border: 1px solid black;\" width=\"15%\">Liap<\/td>\n<td style=\"border: 1px solid black;\" width=\"16%\">Tres meses a partir de su instalaci\u00f3n o actualizaci\u00f3n<\/td>\n<\/tr>\n<tr>\n<td style=\"border: 1px solid black;\" width=\"15%\">_auth<\/td>\n<td style=\"border: 1px solid black;\" rowspan=\"5\" width=\"52%\">Cookie para la funcionalidad de Pinterest<\/p>\n<p>&nbsp;<\/td>\n<td style=\"border: 1px solid black;\" rowspan=\"5\" width=\"15%\">Cookie de tercero<\/p>\n<p>(Pinterest.com)<\/td>\n<td style=\"border: 1px solid black;\" width=\"16%\">Un a\u00f1o a partir de su instalaci\u00f3n o actualizaci\u00f3n<\/td>\n<\/tr>\n<tr>\n<td style=\"border: 1px solid black;\" width=\"15%\">_b<\/td>\n<td style=\"border: 1px solid black;\" width=\"16%\">Diez a\u00f1os a partir de su instalaci\u00f3n o actualizaci\u00f3n<\/td>\n<\/tr>\n<tr>\n<td style=\"border: 1px solid black;\" width=\"15%\">_pinterest_ct_rt<\/td>\n<td style=\"border: 1px solid black;\" width=\"16%\">Cookie de sesion<\/td>\n<\/tr>\n<tr>\n<td style=\"border: 1px solid black;\" width=\"15%\">_pinterest_pfob<\/td>\n<td width=\"16% style=\">Diez a\u00f1os a partir de su instalaci\u00f3n o actualizaci\u00f3n<\/td>\n<\/tr>\n<tr>\n<td style=\"border: 1px solid black;\" width=\"15%\">_pinterest_sess<\/td>\n<td style=\"border: 1px solid black;\" width=\"16%\">Un a\u00f1o a partir de su instalaci\u00f3n o actualizaci\u00f3n<\/td>\n<\/tr>\n<\/thead>\n<\/table>\n<p>&nbsp;<\/p>\n<h4 style=\"padding: 20px 0;\"><strong>\u00bfC\u00d3MO RECHAZAR LAS COOKIES?<\/strong><\/h4>\n<p>Puede configurar su navegador para aceptar o rechazar la instalaci\u00f3n de todas, o alg\u00fan tipo de cookie, o para solicitar que se le notifique cu\u00e1ndo se coloca una cookie.<\/p>\n<p style=\"padding: 20px 0;\">Cada navegador dispone de unas instrucciones espec\u00edficas de configuraci\u00f3n. A continuaci\u00f3n les proporcionamos los enlaces con la informaci\u00f3n concerniente a los navegadores m\u00e1s habituales:<\/p>\n<ul>\n<li><a href=\"http:\/\/support.google.com\/chrome\/bin\/answer.py?hl=es&amp;hlrm=en&amp;answer=95647\">Google Chrome<\/a><\/li>\n<li><a href=\"http:\/\/support.mozilla.org\/es\/kb\/cookies-informacion-que-los-sitios-web-guardan-en-?s=cookies&amp;r=1&amp;as=s\">Mozilla Firefox<\/a><\/li>\n<li><a href=\"http:\/\/support.microsoft.com\/kb\/196955\">Internet Explorer<\/a><\/li>\n<\/ul>\n<p>&nbsp;<\/p>\n<h4 style=\"padding: 20px 0;\"><strong>CAMBIOS EN LA POL\u00cdTICA DE COOKIES<\/strong><\/h4>\n<p>Es posible que actualicemos la Pol\u00edtica de Cookies de nuestro Sitio <a href=\"http:\/\/metrica6.xyz\/es\/\">Web<\/a>, por ello le recomendamos revisar esta pol\u00edtica cada vez que acceda a nuestro Sitio Web con el objetivo de estar adecuadamente informado sobre c\u00f3mo y para qu\u00e9 usamos las cookies.[\/vc_column_text][\/vc_column][\/vc_row]<\/p>\n","protected":false},"excerpt":{"rendered":"<p>[vc_row css_animation=\u00bb\u00bb row_type=\u00bbrow\u00bb use_row_as_full_screen_section=\u00bbno\u00bb type=\u00bbfull_width\u00bb angled_section=\u00bbno\u00bb text_align=\u00bbleft\u00bb background_image_as_pattern=\u00bbwithout_pattern\u00bb css=\u00bb.vc_custom_1537947095567{padding-bottom: 3% !important;}\u00bb z_index=\u00bb\u00bb][vc_column][vc_column_text] POL\u00cdTICA DE COOKIES CONCEPTO DE COOKIES Est\u00e1 leyendo&#8230;<\/p>\n","protected":false},"author":1,"featured_media":0,"parent":0,"menu_order":0,"comment_status":"closed","ping_status":"closed","template":"","meta":{"footnotes":""},"class_list":["post-2301","page","type-page","status-publish","hentry"],"_links":{"self":[{"href":"https:\/\/metrica6.xyz\/es\/wp-json\/wp\/v2\/pages\/2301","targetHints":{"allow":["GET"]}}],"collection":[{"href":"https:\/\/metrica6.xyz\/es\/wp-json\/wp\/v2\/pages"}],"about":[{"href":"https:\/\/metrica6.xyz\/es\/wp-json\/wp\/v2\/types\/page"}],"author":[{"embeddable":true,"href":"https:\/\/metrica6.xyz\/es\/wp-json\/wp\/v2\/users\/1"}],"replies":[{"embeddable":true,"href":"https:\/\/metrica6.xyz\/es\/wp-json\/wp\/v2\/comments?post=2301"}],"version-history":[{"count":1,"href":"https:\/\/metrica6.xyz\/es\/wp-json\/wp\/v2\/pages\/2301\/revisions"}],"predecessor-version":[{"id":5023,"href":"https:\/\/metrica6.xyz\/es\/wp-json\/wp\/v2\/pages\/2301\/revisions\/5023"}],"wp:attachment":[{"href":"https:\/\/metrica6.xyz\/es\/wp-json\/wp\/v2\/media?parent=2301"}],"curies":[{"name":"wp","href":"https:\/\/api.w.org\/{rel}","templated":true}]}}