{"id":1812,"date":"2018-05-29T05:30:22","date_gmt":"2018-05-29T05:30:22","guid":{"rendered":"http:\/\/metrica6.xyz\/?page_id=1812"},"modified":"2020-10-26T11:06:16","modified_gmt":"2020-10-26T10:06:16","slug":"noticias-y-actualidad","status":"publish","type":"page","link":"https:\/\/metrica6.xyz\/es\/noticias-y-actualidad\/","title":{"rendered":"Actualidad"},"content":{"rendered":"<p>[vc_row css_animation=\u00bb\u00bb row_type=\u00bbrow\u00bb use_row_as_full_screen_section=\u00bbno\u00bb type=\u00bbfull_width\u00bb angled_section=\u00bbno\u00bb text_align=\u00bbleft\u00bb background_image_as_pattern=\u00bbwithout_pattern\u00bb][vc_column][vc_row_inner row_type=\u00bbrow\u00bb type=\u00bbfull_width\u00bb text_align=\u00bbleft\u00bb css_animation=\u00bb\u00bb][vc_column_inner]<br \/>\n[\/vc_column_inner][\/vc_row_inner][vc_row_inner row_type=\u00bbrow\u00bb type=\u00bbgrid\u00bb text_align=\u00bbleft\u00bb css_animation=\u00bb\u00bb][vc_column_inner][vc_empty_space height=\u00bb48px\u00bb][vc_column_text]<\/p>\n<h1 style=\"text-align: center;\">Noticias y Actualidad<\/h1>\n<p>[\/vc_column_text][vc_empty_space height=\u00bb48px\u00bb]<div class='latest_post_holder boxes four_columns one_row' >\n    <ul>\n    \n        <li class=\"clearfix\">\n            <div class=\"boxes_image\">\n                <a itemprop=\"url\" href=\"https:\/\/metrica6.xyz\/es\/metrica6-decimo-aniversario\/\"><img fetchpriority=\"high\" decoding=\"async\" width=\"539\" height=\"303\" src=\"https:\/\/metrica6.xyz\/wp-content\/uploads\/2023\/11\/IMG_2886-min-1-539x303.jpg\" class=\"attachment-latest_post_boxes size-latest_post_boxes wp-post-image\" alt=\"\" \/><\/a>\n            <\/div>\n            <div class=\"latest_post\"  >\n                <div class=\"latest_post_text\">\n                    <div class=\"latest_post_inner\">\n                        <div class=\"latest_post_text_inner\">\n                            <h2 itemprop=\"name\" class=\"latest_post_title entry_title\"><a itemprop=\"url\" href=\"https:\/\/metrica6.xyz\/es\/metrica6-decimo-aniversario\/\">M\u00c9TRICA6 CELEBRA SU X ANIVERSARIO<\/a><\/h2>\n\t\t\t\t\t\t\t<span class=\"post_infos\">\n                                                                    <span class=\"date_hour_holder\">\n                                        <span itemprop=\"dateCreated\" class=\"date entry_date updated\"><i class=\"fa fa-calendar\"><\/i>08 noviembre, 2023 <meta itemprop=\"interactionCount\" content=\"UserComments: 0\"\/><\/span>\n                                    <\/span>\n                                                                                                    <span class=\"dots\"><i class=\"fa fa-square\"><\/i><\/span>\n                                                                            <a itemprop=\"url\" href=\"https:\/\/metrica6.xyz\/es\/category\/sin-categorizar\/\">Sin categorizar<\/a>\n                                                                    \n                                \n                                                            <\/span>\n                            <p itemprop=\"description\" class=\"excerpt\">M\u00e9trica6 est\u00e1 de celebraci\u00f3n y es que\u2026 \u00a1hemos cumplido 10 a\u00f1os! Nuestra empresa, que naci\u00f3 como una spin-off de la......<\/p>\t\t\t\t\t\t\t<span class=\"read-more\">\n\t\t\t\t\t\t\t<a href=\"https:\/\/metrica6.xyz\/es\/metrica6-decimo-aniversario\/\">Leer m\u00e1s <i class=\"fa fa-angle-right\"><\/i><\/a>\n\t\t\t\t\t\t\t<\/span>                            \n                        <\/div>\n                    <\/div>\n                <\/div>\n            <\/div>\n        <\/li>\n    \n        <li class=\"clearfix\">\n            <div class=\"boxes_image\">\n                <a itemprop=\"url\" href=\"https:\/\/metrica6.xyz\/es\/ai4flex-save-energy-with-artificial-intelligence-and-bigdata\/\"><img decoding=\"async\" width=\"539\" height=\"303\" src=\"https:\/\/metrica6.xyz\/wp-content\/uploads\/2023\/03\/pexels-mikael-blomkvist-6476589-539x303.jpg\" class=\"attachment-latest_post_boxes size-latest_post_boxes wp-post-image\" alt=\"\" \/><\/a>\n            <\/div>\n            <div class=\"latest_post\"  >\n                <div class=\"latest_post_text\">\n                    <div class=\"latest_post_inner\">\n                        <div class=\"latest_post_text_inner\">\n                            <h2 itemprop=\"name\" class=\"latest_post_title entry_title\"><a itemprop=\"url\" href=\"https:\/\/metrica6.xyz\/es\/ai4flex-save-energy-with-artificial-intelligence-and-bigdata\/\">AI4FLEX ahorrar energ\u00eda con Inteligencia Artificial y BigData<\/a><\/h2>\n\t\t\t\t\t\t\t<span class=\"post_infos\">\n                                                                    <span class=\"date_hour_holder\">\n                                        <span itemprop=\"dateCreated\" class=\"date entry_date updated\"><i class=\"fa fa-calendar\"><\/i>29 marzo, 2023 <meta itemprop=\"interactionCount\" content=\"UserComments: 0\"\/><\/span>\n                                    <\/span>\n                                                                                                    <span class=\"dots\"><i class=\"fa fa-square\"><\/i><\/span>\n                                                                            <a itemprop=\"url\" href=\"https:\/\/metrica6.xyz\/es\/category\/sin-categorizar\/\">Sin categorizar<\/a>\n                                                                    \n                                \n                                                            <\/span>\n                            <p itemprop=\"description\" class=\"excerpt\">Mientras los precios de la electricidad y las materias primas fluct\u00faan subiendo o bajando de precio afectando enormement...<\/p>\t\t\t\t\t\t\t<span class=\"read-more\">\n\t\t\t\t\t\t\t<a href=\"https:\/\/metrica6.xyz\/es\/ai4flex-save-energy-with-artificial-intelligence-and-bigdata\/\">Leer m\u00e1s <i class=\"fa fa-angle-right\"><\/i><\/a>\n\t\t\t\t\t\t\t<\/span>                            \n                        <\/div>\n                    <\/div>\n                <\/div>\n            <\/div>\n        <\/li>\n    \n        <li class=\"clearfix\">\n            <div class=\"boxes_image\">\n                <a itemprop=\"url\" href=\"https:\/\/metrica6.xyz\/es\/metrica6-presenta-en-el-programa-aei-su-proyecto-para-la-smartcity-imind\/\"><img decoding=\"async\" width=\"539\" height=\"303\" src=\"https:\/\/metrica6.xyz\/wp-content\/uploads\/2023\/03\/imind-m6-539x303.jpg\" class=\"attachment-latest_post_boxes size-latest_post_boxes wp-post-image\" alt=\"\" \/><\/a>\n            <\/div>\n            <div class=\"latest_post\"  >\n                <div class=\"latest_post_text\">\n                    <div class=\"latest_post_inner\">\n                        <div class=\"latest_post_text_inner\">\n                            <h2 itemprop=\"name\" class=\"latest_post_title entry_title\"><a itemprop=\"url\" href=\"https:\/\/metrica6.xyz\/es\/metrica6-presenta-en-el-programa-aei-su-proyecto-para-la-smartcity-imind\/\">Metrica6 presenta en el programa AEI su proyecto para la smartcity IMIND<\/a><\/h2>\n\t\t\t\t\t\t\t<span class=\"post_infos\">\n                                                                    <span class=\"date_hour_holder\">\n                                        <span itemprop=\"dateCreated\" class=\"date entry_date updated\"><i class=\"fa fa-calendar\"><\/i>07 marzo, 2023 <meta itemprop=\"interactionCount\" content=\"UserComments: 0\"\/><\/span>\n                                    <\/span>\n                                                                                                    <span class=\"dots\"><i class=\"fa fa-square\"><\/i><\/span>\n                                                                            <a itemprop=\"url\" href=\"https:\/\/metrica6.xyz\/es\/category\/sin-categorizar\/\">Sin categorizar<\/a>\n                                                                    \n                                \n                                                            <\/span>\n                            <p itemprop=\"description\" class=\"excerpt\">El proyecto IMIND tiene diferentes objetivos como la constituci\u00f3n de un ecosistema con la capacidad de proporcionar las ...<\/p>\t\t\t\t\t\t\t<span class=\"read-more\">\n\t\t\t\t\t\t\t<a href=\"https:\/\/metrica6.xyz\/es\/metrica6-presenta-en-el-programa-aei-su-proyecto-para-la-smartcity-imind\/\">Leer m\u00e1s <i class=\"fa fa-angle-right\"><\/i><\/a>\n\t\t\t\t\t\t\t<\/span>                            \n                        <\/div>\n                    <\/div>\n                <\/div>\n            <\/div>\n        <\/li>\n    \n        <li class=\"clearfix\">\n            <div class=\"boxes_image\">\n                <a itemprop=\"url\" href=\"https:\/\/metrica6.xyz\/es\/el-primer-piloto-de-mimex-en-el-sur-de-espana\/\"><img loading=\"lazy\" decoding=\"async\" width=\"539\" height=\"303\" src=\"https:\/\/metrica6.xyz\/wp-content\/uploads\/2022\/05\/uma-teatinos-coches_opt-539x303.jpg\" class=\"attachment-latest_post_boxes size-latest_post_boxes wp-post-image\" alt=\"\" \/><\/a>\n            <\/div>\n            <div class=\"latest_post\"  >\n                <div class=\"latest_post_text\">\n                    <div class=\"latest_post_inner\">\n                        <div class=\"latest_post_text_inner\">\n                            <h2 itemprop=\"name\" class=\"latest_post_title entry_title\"><a itemprop=\"url\" href=\"https:\/\/metrica6.xyz\/es\/el-primer-piloto-de-mimex-en-el-sur-de-espana\/\">El primer piloto de MIMEX en el sur de Espa\u00f1a<\/a><\/h2>\n\t\t\t\t\t\t\t<span class=\"post_infos\">\n                                                                    <span class=\"date_hour_holder\">\n                                        <span itemprop=\"dateCreated\" class=\"date entry_date updated\"><i class=\"fa fa-calendar\"><\/i>26 mayo, 2022 <meta itemprop=\"interactionCount\" content=\"UserComments: 0\"\/><\/span>\n                                    <\/span>\n                                                                                                    <span class=\"dots\"><i class=\"fa fa-square\"><\/i><\/span>\n                                                                            <a itemprop=\"url\" href=\"https:\/\/metrica6.xyz\/es\/category\/sin-categorizar\/\">Sin categorizar<\/a>\n                                                                            <a itemprop=\"url\" href=\"https:\/\/metrica6.xyz\/category\/uncategorized\/\">Uncategorized<\/a>\n                                                                    \n                                \n                                                            <\/span>\n                            <p itemprop=\"description\" class=\"excerpt\">El comercio inteligente llega a M\u00e1laga La inauguraci\u00f3n del piloto del mini market se llevar\u00e1 a cabo este verano en......<\/p>\t\t\t\t\t\t\t<span class=\"read-more\">\n\t\t\t\t\t\t\t<a href=\"https:\/\/metrica6.xyz\/es\/el-primer-piloto-de-mimex-en-el-sur-de-espana\/\">Leer m\u00e1s <i class=\"fa fa-angle-right\"><\/i><\/a>\n\t\t\t\t\t\t\t<\/span>                            \n                        <\/div>\n                    <\/div>\n                <\/div>\n            <\/div>\n        <\/li>\n        <\/ul>\n<\/div>[vc_empty_space height=\u00bb16px\u00bb][vc_column_text]<\/p>\n<h1 style=\"text-align: right;\"><a href=\"http:\/\/metrica6.xyz\/es\/category\/sin-categorizar\/\">Ver m\u00e1s noticias&#8230;<\/a><\/h1>\n<p>[\/vc_column_text][vc_empty_space height=\u00bb48px\u00bb][\/vc_column_inner][\/vc_row_inner][\/vc_column][\/vc_row]<\/p>\n","protected":false},"excerpt":{"rendered":"<p>[vc_row css_animation=\u00bb\u00bb row_type=\u00bbrow\u00bb use_row_as_full_screen_section=\u00bbno\u00bb type=\u00bbfull_width\u00bb angled_section=\u00bbno\u00bb text_align=\u00bbleft\u00bb background_image_as_pattern=\u00bbwithout_pattern\u00bb][vc_column][vc_row_inner row_type=\u00bbrow\u00bb type=\u00bbfull_width\u00bb text_align=\u00bbleft\u00bb css_animation=\u00bb\u00bb][vc_column_inner] [\/vc_column_inner][\/vc_row_inner][vc_row_inner row_type=\u00bbrow\u00bb type=\u00bbgrid\u00bb text_align=\u00bbleft\u00bb css_animation=\u00bb\u00bb][vc_column_inner][vc_empty_space height=\u00bb48px\u00bb][vc_column_text] Noticias y&#8230;<\/p>\n","protected":false},"author":1,"featured_media":0,"parent":0,"menu_order":0,"comment_status":"closed","ping_status":"closed","template":"full_width.php","meta":{"footnotes":""},"class_list":["post-1812","page","type-page","status-publish","hentry"],"_links":{"self":[{"href":"https:\/\/metrica6.xyz\/es\/wp-json\/wp\/v2\/pages\/1812","targetHints":{"allow":["GET"]}}],"collection":[{"href":"https:\/\/metrica6.xyz\/es\/wp-json\/wp\/v2\/pages"}],"about":[{"href":"https:\/\/metrica6.xyz\/es\/wp-json\/wp\/v2\/types\/page"}],"author":[{"embeddable":true,"href":"https:\/\/metrica6.xyz\/es\/wp-json\/wp\/v2\/users\/1"}],"replies":[{"embeddable":true,"href":"https:\/\/metrica6.xyz\/es\/wp-json\/wp\/v2\/comments?post=1812"}],"version-history":[{"count":1,"href":"https:\/\/metrica6.xyz\/es\/wp-json\/wp\/v2\/pages\/1812\/revisions"}],"predecessor-version":[{"id":7524,"href":"https:\/\/metrica6.xyz\/es\/wp-json\/wp\/v2\/pages\/1812\/revisions\/7524"}],"wp:attachment":[{"href":"https:\/\/metrica6.xyz\/es\/wp-json\/wp\/v2\/media?parent=1812"}],"curies":[{"name":"wp","href":"https:\/\/api.w.org\/{rel}","templated":true}]}}