{"id":1729,"date":"2018-05-17T15:20:06","date_gmt":"2018-05-17T15:20:06","guid":{"rendered":"http:\/\/metrica6.xyz\/?page_id=1729"},"modified":"2022-10-04T11:18:28","modified_gmt":"2022-10-04T09:18:28","slug":"contacto","status":"publish","type":"page","link":"https:\/\/metrica6.xyz\/es\/contacto\/","title":{"rendered":"Cont\u00e1ctanos"},"content":{"rendered":"<p>[vc_row css_animation=\u00bb\u00bb row_type=\u00bbrow\u00bb use_row_as_full_screen_section=\u00bbno\u00bb type=\u00bbfull_width\u00bb angled_section=\u00bbno\u00bb text_align=\u00bbleft\u00bb background_image_as_pattern=\u00bbwithout_pattern\u00bb css=\u00bb.vc_custom_1539183270806{padding-bottom: 4% !important;}\u00bb z_index=\u00bb\u00bb][vc_column]<div class='google_map_shortcode_holder' style='height:600px;'><div class='qode_google_map' style='height:600px;' id='map_canvas_28297' data-addresses='[\"Avda. Juan L\u00f3pez Pe\u00f1alver, 17. Parque Tecnol\u00f3gico de Andaluc\u00eda (M\u00e1laga)\"]' data-custom-map-style='false' data-color-overlay='#393939' data-saturation='-100' data-lightness='-60' data-zoom='16' data-pin='https:\/\/metrica6.xyz\/wp-content\/uploads\/2014\/11\/placemark_3-1.png' data-unique-id='28297' data-google-maps-scroll-wheel='false' data-snazzy-map-style='no' data-map-height='600'><\/div><div class='google_map_shortcode_overlay'><\/div><\/div>[vc_empty_space height=\u00bb64px\u00bb][vc_row_inner row_type=\u00bbrow\u00bb type=\u00bbgrid\u00bb text_align=\u00bbleft\u00bb css_animation=\u00bb\u00bb][vc_column_inner width=\u00bb1\/2&#8243;]\n<div class=\"wpcf7 no-js\" id=\"wpcf7-f3966-o1\" lang=\"es-ES\" dir=\"ltr\" data-wpcf7-id=\"3966\">\n<div class=\"screen-reader-response\"><p role=\"status\" aria-live=\"polite\" aria-atomic=\"true\"><\/p> <ul><\/ul><\/div>\n<form action=\"\/es\/wp-json\/wp\/v2\/pages\/1729#wpcf7-f3966-o1\" method=\"post\" class=\"wpcf7-form init cf7_custom_style_1\" aria-label=\"Formulario de contacto\" novalidate=\"novalidate\" data-status=\"init\">\n<fieldset class=\"hidden-fields-container\"><input type=\"hidden\" name=\"_wpcf7\" value=\"3966\" \/><input type=\"hidden\" name=\"_wpcf7_version\" value=\"6.1.5\" \/><input type=\"hidden\" name=\"_wpcf7_locale\" value=\"es_ES\" \/><input type=\"hidden\" name=\"_wpcf7_unit_tag\" value=\"wpcf7-f3966-o1\" \/><input type=\"hidden\" name=\"_wpcf7_container_post\" value=\"0\" \/><input type=\"hidden\" name=\"_wpcf7_posted_data_hash\" value=\"\" \/><input type=\"hidden\" name=\"_wpcf7_recaptcha_response\" value=\"\" \/>\n<\/fieldset>\n<p><label>Consulta relacionada con:<\/label><br \/>\n<span class=\"wpcf7-form-control-wrap\" data-name=\"recipient-re\"><select class=\"wpcf7-form-control wpcf7-select wpcf7-validates-as-required\" aria-required=\"true\" aria-invalid=\"false\" name=\"recipient-re\"><option value=\"I+D+i\">I+D+i<\/option><option value=\"WAISENSE\">WAISENSE<\/option><option value=\"QUICK\">QUICK<\/option><option value=\"Otro\">Otro<\/option><\/select><\/span>\n<\/p>\n<p><span class=\"wpcf7-form-control-wrap\" data-name=\"your-name\"><input size=\"40\" maxlength=\"400\" class=\"wpcf7-form-control wpcf7-text wpcf7-validates-as-required\" aria-required=\"true\" aria-invalid=\"false\" placeholder=\"Nombre y apellidos\" value=\"\" type=\"text\" name=\"your-name\" \/><\/span>\n<\/p>\n<p><span class=\"wpcf7-form-control-wrap\" data-name=\"tel-705\"><input size=\"40\" maxlength=\"400\" class=\"wpcf7-form-control wpcf7-tel wpcf7-validates-as-required wpcf7-text wpcf7-validates-as-tel\" aria-required=\"true\" aria-invalid=\"false\" placeholder=\"Tel\u00e9fono\" value=\"\" type=\"tel\" name=\"tel-705\" \/><\/span>\n<\/p>\n<p><span class=\"wpcf7-form-control-wrap\" data-name=\"email-998\"><input size=\"40\" maxlength=\"400\" class=\"wpcf7-form-control wpcf7-email wpcf7-validates-as-required wpcf7-text wpcf7-validates-as-email\" aria-required=\"true\" aria-invalid=\"false\" placeholder=\"Email\" value=\"\" type=\"email\" name=\"email-998\" \/><\/span>\n<\/p>\n<p><span class=\"wpcf7-form-control-wrap\" data-name=\"text-445\"><input size=\"40\" maxlength=\"400\" class=\"wpcf7-form-control wpcf7-text\" aria-invalid=\"false\" placeholder=\"Empresa (opcional)\" value=\"\" type=\"text\" name=\"text-445\" \/><\/span>\n<\/p>\n<p><span class=\"wpcf7-form-control-wrap\" data-name=\"your-subject\"><input size=\"40\" maxlength=\"400\" class=\"wpcf7-form-control wpcf7-text wpcf7-validates-as-required\" aria-required=\"true\" aria-invalid=\"false\" placeholder=\"Asunto\" value=\"\" type=\"text\" name=\"your-subject\" \/><\/span>\n<\/p>\n<p><span class=\"wpcf7-form-control-wrap\" data-name=\"your-message\"><textarea cols=\"40\" rows=\"10\" maxlength=\"2000\" class=\"wpcf7-form-control wpcf7-textarea wpcf7-validates-as-required\" aria-required=\"true\" aria-invalid=\"false\" placeholder=\"Mensaje\" name=\"your-message\"><\/textarea><\/span>\n<\/p>\n<p><span class=\"wpcf7-form-control-wrap\" data-name=\"acceptance-7\"><span class=\"wpcf7-form-control wpcf7-acceptance\"><span class=\"wpcf7-list-item\"><input type=\"checkbox\" name=\"acceptance-7\" value=\"1\" aria-invalid=\"false\" \/><\/span><\/span><\/span> He le\u00eddo y acepto la <a href=\"http:\/\/metrica6.xyz\/es\/politica-de-privacidad\/\">Pol\u00edtica de privacidad<\/a>\n<\/p>\n<p><input class=\"wpcf7-form-control wpcf7-submit has-spinner\" type=\"submit\" value=\"Enviar\" \/>\n<\/p><div class=\"wpcf7-response-output\" aria-hidden=\"true\"><\/div>\n<\/form>\n<\/div>\n[\/vc_column_inner][vc_column_inner width=\u00bb1\/2&#8243;][vc_column_text]<\/p>\n<h2>DATOS DE CONTACTO<\/h2>\n<p><a style=\"font-size: 22px; line-height: 30px; color: #00acff;\" href=\"mailto:info@metrica6.es\"><strong>info@metrica6.es<\/strong><\/a><\/p>\n<h4 style=\"font-size: 25px; line-height: 2;\"><strong>Direcci\u00f3n:<\/strong><\/h4>\n<p>Avda. Juan L\u00f3pez Pe\u00f1alver<br \/>\nN\u00ba17, Planta Baja B. Oficina 3 Derecha<br \/>\nC.P. 29590. Parque Tecnol\u00f3gico de Andaluc\u00eda (M\u00e1laga)<\/p>\n<h4 style=\"font-size: 25px; line-height: 2;\"><strong>Tel\u00e9fono:<\/strong><\/h4>\n<p><span class=\"gtm-phone-3\">+34 951 639 354<br \/>\n+34 665 016 613<\/span><\/p>\n<h4 style=\"font-size: 25px; line-height: 2;\"><strong>Horario de oficina:<\/strong><\/h4>\n<p>Lunes a Viernes de 8:30 a 14:00 horas[\/vc_column_text][vc_empty_space height=\u00bb30px\u00bb]<\/p>\n<h4 style=\"font-size: 25px; line-height: 2;\"><strong>Trabaja con nosotros:<\/strong><\/h4>\n<p><a style=\"margin-left: 30px;\" href=\"\/trabaja-con-nosotros\"> &gt; Env\u00edanos tu CV.<\/a>[vc_column_text]<\/p>\n<h4 style=\"font-size: 25px; line-height: 2;\"><strong>S\u00edguenos en: <\/strong><\/h4>\n<p>[\/vc_column_text][vc_empty_space height=\u00bb10px\u00bb][social_vc_father][social_vc_son url=\u00bbhttps:\/\/www.facebook.com\/Metrica6&#8243; size=\u00bb25px\u00bb icon=\u00bbfa fa-facebook\u00bb clr=\u00bb#c4c4c4&#8243;][social_vc_son url=\u00bbhttps:\/\/twitter.com\/Metrica6&#8243; size=\u00bb25px\u00bb icon=\u00bbfa fa-twitter\u00bb clr=\u00bb#c4c4c4&#8243;][social_vc_son url=\u00bbhttps:\/\/plus.google.com\/100447344278416969310&#8243; size=\u00bb25px\u00bb icon=\u00bbfa fa-google-plus\u00bb clr=\u00bb#c4c4c4&#8243;][social_vc_son url=\u00bbhttps:\/\/www.linkedin.com\/company\/metrica6&#8243; size=\u00bb25px\u00bb icon=\u00bbfa fa-linkedin\u00bb clr=\u00bb#c4c4c4&#8243;][social_vc_son url=\u00bbhttps:\/\/www.youtube.com\/user\/Metrica6&#8243; size=\u00bb25px\u00bb icon=\u00bbfa fa-youtube\u00bb clr=\u00bb#c4c4c4&#8243;][\/social_vc_father][\/vc_column_inner][\/vc_row_inner][\/vc_column][\/vc_row]<\/p>\n","protected":false},"excerpt":{"rendered":"<p>[vc_row css_animation=\u00bb\u00bb row_type=\u00bbrow\u00bb use_row_as_full_screen_section=\u00bbno\u00bb type=\u00bbfull_width\u00bb angled_section=\u00bbno\u00bb text_align=\u00bbleft\u00bb background_image_as_pattern=\u00bbwithout_pattern\u00bb css=\u00bb.vc_custom_1539183270806{padding-bottom: 4% !important;}\u00bb z_index=\u00bb\u00bb][vc_column][vc_empty_space height=\u00bb64px\u00bb][vc_row_inner row_type=\u00bbrow\u00bb type=\u00bbgrid\u00bb text_align=\u00bbleft\u00bb css_animation=\u00bb\u00bb][vc_column_inner width=\u00bb1\/2&#8243;][\/vc_column_inner][vc_column_inner width=\u00bb1\/2&#8243;][vc_column_text] DATOS&#8230;<\/p>\n","protected":false},"author":1,"featured_media":0,"parent":0,"menu_order":0,"comment_status":"closed","ping_status":"closed","template":"full_width.php","meta":{"footnotes":""},"class_list":["post-1729","page","type-page","status-publish","hentry"],"_links":{"self":[{"href":"https:\/\/metrica6.xyz\/es\/wp-json\/wp\/v2\/pages\/1729","targetHints":{"allow":["GET"]}}],"collection":[{"href":"https:\/\/metrica6.xyz\/es\/wp-json\/wp\/v2\/pages"}],"about":[{"href":"https:\/\/metrica6.xyz\/es\/wp-json\/wp\/v2\/types\/page"}],"author":[{"embeddable":true,"href":"https:\/\/metrica6.xyz\/es\/wp-json\/wp\/v2\/users\/1"}],"replies":[{"embeddable":true,"href":"https:\/\/metrica6.xyz\/es\/wp-json\/wp\/v2\/comments?post=1729"}],"version-history":[{"count":3,"href":"https:\/\/metrica6.xyz\/es\/wp-json\/wp\/v2\/pages\/1729\/revisions"}],"predecessor-version":[{"id":6992,"href":"https:\/\/metrica6.xyz\/es\/wp-json\/wp\/v2\/pages\/1729\/revisions\/6992"}],"wp:attachment":[{"href":"https:\/\/metrica6.xyz\/es\/wp-json\/wp\/v2\/media?parent=1729"}],"curies":[{"name":"wp","href":"https:\/\/api.w.org\/{rel}","templated":true}]}}