{"id":1722,"date":"2018-05-17T10:40:02","date_gmt":"2018-05-17T08:40:02","guid":{"rendered":"http:\/\/metrica6.xyz\/?page_id=1722"},"modified":"2023-05-19T11:27:00","modified_gmt":"2023-05-19T09:27:00","slug":"la-tecnologia-ness-productos","status":"publish","type":"page","link":"https:\/\/metrica6.xyz\/es\/la-tecnologia-ness-productos\/","title":{"rendered":"Tecnolog\u00eda NESS"},"content":{"rendered":"\n<h2 class=\"has-text-align-center wp-block-heading\">La Tecnolog\u00eda NESS es compatible con tecnolog\u00eda WAISENSE<\/h2>\n\n\n<div class=\"wp-block-image\">\n<figure class=\"aligncenter size-large is-resized\"><a href=\"https:\/\/metrica6.xyz\/es\/waisense\"><img decoding=\"async\" src=\"https:\/\/metrica6.xyz\/wp-content\/uploads\/2022\/03\/A_LogoWaisense_EscaladoAzules_SinBlanco-e1639043797221.png\" alt=\"WAISENSE COMFORT\" class=\"wp-image-6470\" width=\"473\" height=\"90\" srcset=\"https:\/\/metrica6.xyz\/wp-content\/uploads\/2022\/03\/A_LogoWaisense_EscaladoAzules_SinBlanco-e1639043797221.png 1000w, https:\/\/metrica6.xyz\/wp-content\/uploads\/2022\/03\/A_LogoWaisense_EscaladoAzules_SinBlanco-e1639043797221-300x57.png 300w, https:\/\/metrica6.xyz\/wp-content\/uploads\/2022\/03\/A_LogoWaisense_EscaladoAzules_SinBlanco-e1639043797221-768x146.png 768w, https:\/\/metrica6.xyz\/wp-content\/uploads\/2022\/03\/A_LogoWaisense_EscaladoAzules_SinBlanco-e1639043797221-700x133.png 700w, https:\/\/metrica6.xyz\/wp-content\/uploads\/2022\/03\/A_LogoWaisense_EscaladoAzules_SinBlanco-e1639043797221-600x114.png 600w\" sizes=\"(max-width: 473px) 100vw, 473px\" \/><\/a><\/figure><\/div>\n\n\n<p class=\"has-text-align-center\">Ve a la nueva p\u00e1gina y descubre todo sobre WAISENSE<\/p>\n\n\n\n<p><\/p>\n\n\n\n<div class=\"wp-block-buttons is-content-justification-center is-layout-flex wp-container-core-buttons-is-layout-16018d1d wp-block-buttons-is-layout-flex\">\n<div class=\"wp-block-button\"><a class=\"wp-block-button__link\" href=\"https:\/\/metrica6.xyz\/es\/waisense\" target=\"_blank\" rel=\"noreferrer noopener\">Ver m\u00e1s<\/a><\/div>\n<\/div>\n\n\n<p>[vc_row css_animation=\u00bb\u00bb row_type=\u00bbrow\u00bb use_row_as_full_screen_section=\u00bbno\u00bb type=\u00bbfull_width\u00bb angled_section=\u00bbno\u00bb text_align=\u00bbleft\u00bb background_image_as_pattern=\u00bbwithout_pattern\u00bb css=\u00bb.vc_custom_1527686947929{padding-top: 3% !important;padding-bottom: 3% !important;}\u00bb z_index=\u00bb\u00bb][vc_column][vc_column_text]<\/p>\n<h2 style=\"text-align: center;\">LA TECNOLOG\u00cdA NESS<strong><sup>\u00ae<\/sup><\/strong>. Smart Water Living<\/h2>\n<p>[\/vc_column_text][vc_empty_space height=\u00bb70px\u00bb][vc_row_inner row_type=\u00bbrow\u00bb type=\u00bbgrid\u00bb text_align=\u00bbleft\u00bb row_negative_margin=\u00bbdisable_negative_margin\u00bb css_animation=\u00bb\u00bb][vc_column_inner width=\u00bb1\/2&#8243;][vc_single_image image=\u00bb2817&#8243; img_size=\u00bb1080&#215;2020&#8243; qode_css_animation=\u00bb\u00bb el_class=\u00bbdespilfarro\u00bb css=\u00bb.vc_custom_1540838381220{padding-right: 30px !important;padding-left: 30px !important;}\u00bb][\/vc_column_inner][vc_empty_space height=\u00bb20px\u00bb][vc_column_inner width=\u00bb1\/2&#8243;][vc_column_text]<strong>LA TECNOLOG\u00cdA NESS\u00ae. Smart Water Living. El agua es uno de los recursos naturales m\u00e1s importantes para la humanidad. Su buen uso y conservaci\u00f3n es quiz\u00e1s el mayor reto de la sociedad del nuevo siglo<\/strong> para garantizar el buen estado del planeta en un futuro cada vez m\u00e1s pr\u00f3ximo. Hay multitud de rutinas que, por costumbre o desconocimiento, las personas realizan de un modo incorrecto. Especialmente, si se presta atenci\u00f3n a todo lo relacionado con el uso diario del agua. <strong>Con frecuencia, somos testigos de c\u00f3mo litros y litros de agua potable se desperdician mientras se espera a que llegue caliente a los grifos.<\/strong> Sin embargo, las nuevas tecnolog\u00edas solucionan este problema, favoreciendo construcciones sostenibles con una mayor eficiencia, innovaci\u00f3n y disfrute para el usuario.<\/p>\n<p><strong><a href=\"https:\/\/metrica6.xyz\/es\/\">M\u00c9TRICA6<\/a> crea la Tecnolog\u00eda NESS<sup>\u00ae<\/sup>, comercializada en Espa\u00f1a por GRUPO PRESTO IB\u00c9RICA<\/strong>, un sistema que se instala en cualquier tipo de vivienda o establecimiento donde se use agua caliente, para hacerla m\u00e1s inteligente y eficiente.<strong> Su objetivo es llevar agua caliente desde el calentador instalado hasta la habitaci\u00f3n donde va a ser utilizada, sin desperdiciar una sola gota.<\/strong> La tecnolog\u00eda impulsa el agua fr\u00eda estancada en la instalaci\u00f3n, mediante un proceso de recirculaci\u00f3n temporal y a demanda del usuario cuyo retorno se lleva a cabo a trav\u00e9s de las tuber\u00edas de agua fr\u00eda. Por lo tanto, no es necesario agregar tuber\u00edas adicionales ni un nuevo tanque de agua, ya que \u00e9sta se mantiene almacenada dentro de las propias tuber\u00edas mientras el ciclo de recirculaci\u00f3n est\u00e1 activo. As\u00ed nace la Tecnolog\u00eda NESS<sup>\u00ae<\/sup>, un innovador sistema con el que salvar esos litros de agua potable que se perd\u00edan por el desag\u00fce durante cada uso, y todo ello, con la comodidad de un sensor parecido al interruptor de la luz. <strong>Un simple gesto y tendr\u00e1s agua caliente en toda tu vivienda o local sin malgastar ni una gota. Contigo ofreceremos a las pr\u00f3ximas generaciones un mundo m\u00e1s sostenible.<\/strong>[\/vc_column_text][\/vc_column_inner][\/vc_row_inner][vc_empty_space height=\u00bb40px\u00bb][\/vc_column][\/vc_row][vc_row css_animation=\u00bb\u00bb row_type=\u00bbrow\u00bb use_row_as_full_screen_section=\u00bbno\u00bb type=\u00bbfull_width\u00bb angled_section=\u00bbno\u00bb text_align=\u00bbleft\u00bb background_image_as_pattern=\u00bbwithout_pattern\u00bb css=\u00bb.vc_custom_1527686919482{padding-top: 3% !important;padding-bottom: 3% !important;background-color: #34a5dd !important;}\u00bb z_index=\u00bb\u00bb][vc_column][vc_column_text]<\/p>\n<h3 style=\"text-align: center;\"><strong>LOS M\u00d3DULOS DE LA TECNOLOG\u00cdA NESS<sup>\u00ae<\/sup><\/strong><\/h3>\n<p>[\/vc_column_text][vc_empty_space][vc_row_inner row_type=\u00bbrow\u00bb type=\u00bbgrid\u00bb text_align=\u00bbleft\u00bb css_animation=\u00bb\u00bb][vc_column_inner][vc_column_text]<\/p>\n<p style=\"text-align: left;\"><span style=\"color: #ffffff;\">La <strong>Tecnolog\u00eda NESS<sup>\u00ae<\/sup><\/strong> est\u00e1 formada por al menos tres m\u00f3dulos independientes, que se comunican entre s\u00ed de manera inal\u00e1mbrica: un <strong>M\u00f3dulo de Potencia<\/strong>, un <strong>M\u00f3dulo de Bypass<\/strong> y un <strong>M\u00f3dulo de Activaci\u00f3n<\/strong>. Solo es necesario disponer de un m\u00f3dulo de cada tipo para comenzar a disfrutar del agua caliente inteligente en cualquier lugar con calentador de agua individual.<br><\/span><\/p>\n<p>[\/vc_column_text][vc_empty_space][\/vc_column_inner][\/vc_row_inner][vc_row_inner row_type=\u00bbrow\u00bb type=\u00bbgrid\u00bb text_align=\u00bbleft\u00bb css_animation=\u00bb\u00bb][vc_column_inner width=\u00bb1\/3&#8243; css=\u00bb.vc_custom_1540664613837{padding-right: 10px !important;padding-left: 10px !important;}\u00bb][vc_single_image image=\u00bb2821&#8243; img_size=\u00bb323&#215;400&#8243; alignment=\u00bbcenter\u00bb qode_css_animation=\u00bb\u00bb][vc_empty_space height=\u00bb12px\u00bb][vc_column_text]<span style=\"color: #ffffff;\"><strong>M\u00d3DULO DE POTENCIA<\/strong><br>Se instala en la entrada de agua fr\u00eda al calentador existente, impulsando el agua caliente hacia el M\u00f3dulo de Bypass cuando el ciclo de recirculaci\u00f3n est\u00e9 activo.<\/span>[\/vc_column_text][\/vc_column_inner][vc_column_inner width=\u00bb1\/3&#8243;][vc_empty_space height=\u00bb50px\u00bb][vc_single_image image=\u00bb2857&#8243; img_size=\u00bbmedium\u00bb alignment=\u00bbcenter\u00bb qode_css_animation=\u00bb\u00bb][vc_column_text]<span style=\"color: #ffffff;\"><strong>M\u00d3DULO DE BYPASS<\/strong><br>Une las tuber\u00edas de agua caliente y fr\u00eda en un punto de consumo determinado, como un cuarto de ba\u00f1o, mientras dura la recirculaci\u00f3n, es decir, hasta que el agua caliente est\u00e1 al lado del grifo.<\/span>[\/vc_column_text][\/vc_column_inner][vc_column_inner width=\u00bb1\/3&#8243;][vc_empty_space height=\u00bb60px\u00bb][vc_gallery interval=\u00bb3&#8243; images=\u00bb2851,2853&#8243; img_size=\u00bblarge\u00bb onclick=\u00bbimg_link_large\u00bb custom_links_target=\u00bb_blank\u00bb css=\u00bb.vc_custom_1540666228491{padding-top: -20px !important;padding-bottom: -20px !important;}\u00bb][vc_column_text]<span style=\"color: #ffffff;\"><strong>M\u00d3DULO ACTIVADOR<\/strong><br>Similar a un interruptor de la luz, es el encargado de llamar al agua caliente y avisar a trav\u00e9s de una luz cuando el agua est\u00e1 a la temperatura adecuada.<\/span>[\/vc_column_text][vc_empty_space height=\u00bb12px\u00bb][\/vc_column_inner][\/vc_row_inner][\/vc_column][\/vc_row][vc_row css_animation=\u00bb\u00bb row_type=\u00bbrow\u00bb use_row_as_full_screen_section=\u00bbno\u00bb type=\u00bbfull_width\u00bb angled_section=\u00bbno\u00bb text_align=\u00bbleft\u00bb background_image_as_pattern=\u00bbwithout_pattern\u00bb background_color=\u00bb#000000&#8243; css=\u00bb.vc_custom_1540667889611{padding-top: 3% !important;padding-bottom: 3% !important;background-color: #000000 !important;}\u00bb z_index=\u00bb\u00bb][vc_column][vc_row_inner row_type=\u00bbrow\u00bb use_as_box=\u00bbuse_row_as_box\u00bb type=\u00bbgrid\u00bb text_align=\u00bbleft\u00bb row_negative_margin=\u00bbdisable_negative_margin\u00bb css_animation=\u00bb\u00bb][vc_column_inner][vc_column_text]<\/p>\n<p style=\"text-align: left;\"><span style=\"color: #ffffff;\">Adem\u00e1s, existen otros <strong>dos m\u00f3dulos opcionales<\/strong>, cuyo empleo ser\u00e1 alternativo o complementario a los anteriores dependiendo de las caracter\u00edsticas de la instalaci\u00f3n:<\/span><\/p>\n<p>[\/vc_column_text][vc_empty_space][\/vc_column_inner][\/vc_row_inner][vc_row_inner row_type=\u00bbrow\u00bb type=\u00bbgrid\u00bb text_align=\u00bbleft\u00bb css_animation=\u00bb\u00bb][vc_column_inner width=\u00bb1\/12&#8243;][\/vc_column_inner][vc_column_inner width=\u00bb5\/12&#8243;][vc_single_image image=\u00bb2823&#8243; img_size=\u00bb330&#215;415&#8243; alignment=\u00bbcenter\u00bb qode_css_animation=\u00bb\u00bb][vc_empty_space height=\u00bb12px\u00bb][vc_column_text]<span style=\"color: #ffffff;\"><strong>M\u00d3DULO DE ALTA POTENCIA<\/strong><br>Posee las mismas funciones y m\u00e9todo de instalaci\u00f3n que el M\u00f3dulo de Potencia, pero con unas prestaciones superiores en cuanto a altura y caudal de agua m\u00e1ximos generados.<\/span>[\/vc_column_text][\/vc_column_inner][vc_column_inner width=\u00bb1\/12&#8243;][\/vc_column_inner][vc_column_inner width=\u00bb4\/12&#8243;][vc_empty_space height=\u00bb62px\u00bb][vc_gallery interval=\u00bb3&#8243; images=\u00bb2859,2861&#8243; img_size=\u00bbmedium\u00bb onclick=\u00bbimg_link_large\u00bb custom_links_target=\u00bb_blank\u00bb direction_nav=\u00bbyes\u00bb control_nav=\u00bbno\u00bb][vc_column_text]<span style=\"color: #ffffff;\"><strong>M\u00d3DULO REPETIDOR<\/strong><\/span><br><span style=\"color: #ffffff;\">Su funci\u00f3n es la de repetir la se\u00f1al inal\u00e1mbrica por la que se comunican todos los m\u00f3dulos del sistema para aumentar la cobertura de comunicaci\u00f3n de la Tecnolog\u00eda NESS<sup>\u00ae<\/sup>.<\/span>[\/vc_column_text][\/vc_column_inner][vc_column_inner width=\u00bb1\/12&#8243;][\/vc_column_inner][\/vc_row_inner][\/vc_column][\/vc_row][vc_row css_animation=\u00bb\u00bb row_type=\u00bbrow\u00bb use_row_as_full_screen_section=\u00bbno\u00bb type=\u00bbfull_width\u00bb angled_section=\u00bbno\u00bb text_align=\u00bbcenter\u00bb background_image_as_pattern=\u00bbwithout_pattern\u00bb css=\u00bb.vc_custom_1540675006983{padding-top: 4% !important;padding-bottom: 2% !important;}\u00bb z_index=\u00bb\u00bb][vc_column][vc_column_text]<\/p>\n<h3 style=\"text-align: center;\"><strong>\u00bfQU\u00c9 PROBLEMA RESUELVE?<\/strong><\/h3>\n<p>[\/vc_column_text][vc_empty_space][vc_row_inner row_type=\u00bbrow\u00bb type=\u00bbgrid\u00bb text_align=\u00bbleft\u00bb css_animation=\u00bb\u00bb][vc_column_inner][vc_column_text]Normalmente, cuando queremos usar el agua caliente, hay un tramo de tuber\u00eda desde el calentador hasta el grifo que est\u00e1 lleno de agua que se ha quedado fr\u00eda desde el \u00faltimo uso (tramo en azul oscuro en el esquema). Este es el agua que desperdiciamos hasta que sale caliente, y que dependiendo de la vivienda, puede suponer entre 6 y 25 litros por cada uso.<\/p>\n<p><strong>El objetivo de la Tecnolog\u00eda NESS<sup>\u00ae<\/sup> no es otro que traer el agua caliente desde el calentador individual instalado hasta las cercan\u00edas del grifo, empujando el agua fr\u00eda que estaba ah\u00ed almacenada de vuelta hacia el calentador por las tuber\u00edas de agua fr\u00eda. <\/strong>As\u00ed es como se crea un circuito de recirculaci\u00f3n temporal y a demanda del usuario sin tener que a\u00f1adir tuber\u00edas ni dep\u00f3sitos adicionales.[\/vc_column_text][vc_empty_space][\/vc_column_inner][\/vc_row_inner][vc_row_inner row_type=\u00bbrow\u00bb type=\u00bbgrid\u00bb text_align=\u00bbleft\u00bb css_animation=\u00bb\u00bb][vc_column_inner width=\u00bb1\/3&#8243;][vc_single_image image=\u00bb2863&#8243; img_size=\u00bb400&#215;350&#8243; alignment=\u00bbcenter\u00bb qode_css_animation=\u00bb\u00bb][\/vc_column_inner][vc_column_inner width=\u00bb2\/3&#8243;][vc_single_image image=\u00bb2966&#8243; img_size=\u00bblarge\u00bb alignment=\u00bbcenter\u00bb qode_css_animation=\u00bb\u00bb][\/vc_column_inner][vc_column_inner][vc_empty_space][vc_column_text]Comienza el ciclo de recirculaci\u00f3n al usar el M\u00f3dulo Activador. Durante esta fase, el M\u00f3dulo Activador muestra una luz azul por lo que, si abrimos el grifo, el agua saldr\u00e1 fr\u00eda. Cuando el ciclo termina y el agua est\u00e1 caliente, el M\u00f3dulo Activador muestra una luz roja.<\/p>\n<p><strong>\u00a1Entonces podremos abrir el grifo y disfrutar del agua caliente sin haber malgastado ni una gota!<\/strong>[\/vc_column_text][vc_empty_space height=\u00bb40px\u00bb][vc_single_image image=\u00bb2964&#8243; img_size=\u00bblarge\u00bb alignment=\u00bbcenter\u00bb qode_css_animation=\u00bb\u00bb][vc_empty_space height=\u00bb35px\u00bb][\/vc_column_inner][\/vc_row_inner][\/vc_column][\/vc_row][vc_row css_animation=\u00bb\u00bb row_type=\u00bbrow\u00bb use_row_as_full_screen_section=\u00bbno\u00bb type=\u00bbfull_width\u00bb angled_section=\u00bbno\u00bb text_align=\u00bbleft\u00bb background_image_as_pattern=\u00bbwithout_pattern\u00bb][vc_column][vc_column_text]<\/p>\n<h3 style=\"text-align: center;\">BENEFICIOS PARA EL USUARIO<\/h3>\n<p>[\/vc_column_text][vc_empty_space][\/vc_column][\/vc_row][vc_row css_animation=\u00bb\u00bb row_type=\u00bbrow\u00bb use_row_as_full_screen_section=\u00bbno\u00bb type=\u00bbgrid\u00bb angled_section=\u00bbno\u00bb text_align=\u00bbleft\u00bb background_image_as_pattern=\u00bbwithout_pattern\u00bb z_index=\u00bb\u00bb][vc_column width=\u00bb1\/2&#8243;][vc_empty_space][vc_single_image image=\u00bb2871&#8243; img_size=\u00bbfull\u00bb qode_css_animation=\u00bb\u00bb][\/vc_column][vc_column width=\u00bb1\/2&#8243;][vc_column_text]<strong>La funci\u00f3n principal de la Tecnolog\u00eda NESS<sup>\u00ae<\/sup> es hacerte la vida m\u00e1s c\u00f3moda.<\/strong> Por ello, su interfaz es de lo m\u00e1s simple, basta con pasar la mano durante 2 o 3 segundos por el M\u00f3dulo Activador y esperar a que llegue el agua caliente.<\/p>\n<p><strong>As\u00ed de simple.<\/strong> Como cualquier sistema de recirculaci\u00f3n, la Tecnolog\u00eda NESS<sup>\u00ae<\/sup> requiere que todos los grifos est\u00e9n cerrados mientras dure el ciclo. Al final del mismo, podr\u00e1s disfrutar del agua caliente inteligente: comodidad, ahorro, tecnolog\u00eda y sostenibilidad.<\/p>\n<p><strong>La Tecnolog\u00eda NESS<sup>\u00ae<\/sup> est\u00e1 hecha para gente como t\u00fa: para el que quiere la \u00faltima tecnolog\u00eda en su vivienda, para la que se preocupa por el medioambiente, para quien quiere mejorar su calidad de vida, para los ahorradores o para aquellos que desean ofrecer lo mejor a sus clientes.<\/strong>[\/vc_column_text][\/vc_column][vc_column][vc_empty_space height=\u00bb22px\u00bb][\/vc_column][\/vc_row][vc_row css_animation=\u00bb\u00bb row_type=\u00bbrow\u00bb use_row_as_full_screen_section=\u00bbno\u00bb type=\u00bbgrid\u00bb angled_section=\u00bbno\u00bb text_align=\u00bbcenter\u00bb background_image_as_pattern=\u00bbwithout_pattern\u00bb z_index=\u00bb\u00bb][vc_column width=\u00bb1\/2&#8243;][vc_empty_space height=\u00bb50px\u00bb][vc_single_image image=\u00bb2873&#8243; img_size=\u00bbfull\u00bb alignment=\u00bbcenter\u00bb qode_css_animation=\u00bb\u00bb][\/vc_column][vc_column width=\u00bb1\/2&#8243;][vc_empty_space height=\u00bb20px\u00bb][vc_column_text]<\/p>\n<p style=\"text-align: left;\">El agua que normalmente se desperdicia mientras esperamos a que llegue caliente desde el calentador al grifo, es adem\u00e1s un agua car\u00edsima, puesto que pagamos por ella pero realmente no la disfrutamos, con lo que hasta ahora, podr\u00edamos decir que estamos pagando por nada. Pero el aspecto econ\u00f3mico no es lo m\u00e1s importante de la Tecnolog\u00eda NESS<sup>\u00ae<\/sup>. Son los miles de litros de agua que anualmente dejaremos de desperdiciar, colaborando de manera activa con el cuidado del medioambiente, nuestro entorno. Para hacernos una idea, en nuestro pa\u00eds cada persona utiliza una media de 142 litros de agua al d\u00eda. <strong>La Tecnolog\u00eda NESS<sup>\u00ae<\/sup> supone un ahorro que llega hasta el 56% en viviendas unifamiliares. Para negocios que usan agua caliente este porcentaje puede incluso aumentar.<\/strong> Si hacemos cuentas, se puede llegar a un ahorro de 1.000 litros de agua potable al mes por persona. Y todo ello con un significativo aporte de confort para ti, tu familia o tus clientes.<\/p>\n<p>[\/vc_column_text][\/vc_column][vc_column][vc_empty_space height=\u00bb70px\u00bb][\/vc_column][\/vc_row][vc_row css_animation=\u00bb\u00bb row_type=\u00bbrow\u00bb use_row_as_full_screen_section=\u00bbno\u00bb type=\u00bbfull_width\u00bb angled_section=\u00bbno\u00bb text_align=\u00bbleft\u00bb background_image_as_pattern=\u00bbwithout_pattern\u00bb][vc_column][vc_text_separator title=\u00bbDISFRUTA EL MOMENTO SMART WATER LIVING\u00bb border=\u00bbno\u00bb][vc_empty_space height=\u00bb12px\u00bb][vc_single_image image=\u00bb3190&#8243; img_size=\u00bbfull\u00bb alignment=\u00bbcenter\u00bb onclick=\u00bbcustom_link\u00bb qode_css_animation=\u00bb\u00bb link=\u00bbhttps:\/\/metrica6.xyz\/wp-content\/uploads\/2019\/01\/DOSSIER-NESS-ESPA\u00d1A-M\u00c9TRICA6.pdf\u00bb][vc_empty_space height=\u00bb0px\u00bb]<a  itemprop=\"url\" href=\"https:\/\/metrica6.xyz\/wp-content\/uploads\/2021\/07\/Dossier-Espana-Metrica6-2021.pdf\" target=\"_blank\" data-hover-background-color=#ffffff data-hover-border-color=#34a5dd data-hover-color=#34a5dd class=\"qbutton  big_large_full_width center white default\" style=\"color: #ffffff; border-color: rgba(255,255,255,0.01); font-weight: 600; margin: 0 0 0 0; border-radius: 0px;-moz-border-radius: 0px;-webkit-border-radius: 0px; background-color: #34a5dd;\">PULSA PARA DESCARGAR EL DOSSIER COMPLETO<\/a><\/p>\n<p>[vc_empty_space height=\u00bb30px\u00bb][\/vc_column][\/vc_row][vc_row css_animation=\u00bb\u00bb row_type=\u00bbrow\u00bb use_row_as_full_screen_section=\u00bbno\u00bb type=\u00bbgrid\u00bb anchor=\u00bb#interesenness\u00bb angled_section=\u00bbno\u00bb text_align=\u00bbleft\u00bb background_image_as_pattern=\u00bbwithout_pattern\u00bb z_index=\u00bb\u00bb el_id=\u00bbinteresenness\u00bb][vc_column][vc_column_text]<\/p>\n<h3 style=\"text-align: center;\">\u00bfQUIERES SABER M\u00c1S SOBRE LA TECNOLOG\u00cdA NESS<sup>\u00ae<\/sup>?<\/h3>\n<p>[\/vc_column_text][vc_empty_space height=\u00bb40px\u00bb][\/vc_column][\/vc_row][vc_row css_animation=\u00bb\u00bb row_type=\u00bbrow\u00bb use_row_as_full_screen_section=\u00bbno\u00bb type=\u00bbgrid\u00bb angled_section=\u00bbno\u00bb text_align=\u00bbcenter\u00bb background_image_as_pattern=\u00bbwithout_pattern\u00bb z_index=\u00bb\u00bb el_id=\u00bbbotones-ira-productos-pc\u00bb][vc_column el_id=\u00bbnessinterest\u00bb][vc_single_image image=\u00bb2883&#8243; img_size=\u00bb400&#215;350&#8243; alignment=\u00bbcenter\u00bb qode_css_animation=\u00bb\u00bb][vc_empty_space height=\u00bb20px\u00bb][vc_column_text]<\/p>\n<p style=\"text-align: center;\"><strong>Descubre todos los productos de la Tecnolog\u00eda NESS disponibles en nuestra tienda M\u00e9trica6<\/strong><\/p>\n<p>[\/vc_column_text][vc_empty_space height=\u00bb20px\u00bb]<a  itemprop=\"url\" href=\"https:\/\/metrica6.xyz\/es\/tienda-tecnologia-ness\/\" target=\"_blank\" data-hover-background-color=#ffffff data-hover-border-color=#34a5dd data-hover-color=#34a5dd class=\"qbutton  medium center default\" style=\"color: #ffffff; border-color: rgba(255,255,255,0.01); font-weight: 600; margin: 0 0 0 0; border-radius: 0px;-moz-border-radius: 0px;-webkit-border-radius: 0px; background-color: #34a5dd;\">Ir a Tienda<\/a>[vc_empty_space height=\u00bb30px\u00bb][vc_empty_space height=\u00bb35px\u00bb][\/vc_column][\/vc_row]<\/p>\n<p>[vc_row css_animation=\u00bb\u00bb row_type=\u00bbrow\u00bb use_row_as_full_screen_section=\u00bbno\u00bb type=\u00bbgrid\u00bb angled_section=\u00bbno\u00bb text_align=\u00bbcenter\u00bb background_image_as_pattern=\u00bbwithout_pattern\u00bb z_index=\u00bb\u00bb el_id=\u00bbbotones-ira-productos-movil\u00bb][vc_column el_class=\u00bbpresto-go\u00bb][vc_column_text]<\/p>\n<p style=\"text-align: center;\"><strong>Descubre todos los productos de la Tecnolog\u00eda NESS disponibles en nuestra tienda M\u00e9trica6<\/strong><\/p>\n<p>[\/vc_column_text][vc_empty_space height=\u00bb20px\u00bb][vc_single_image image=\u00bb2883&#8243; img_size=\u00bblarge\u00bb qode_css_animation=\u00bb\u00bb][vc_empty_space height=\u00bb20px\u00bb]<a  itemprop=\"url\" href=\"https:\/\/metrica6.xyz\/es\/tienda-tecnologia-ness\/\" target=\"_blank\" data-hover-background-color=#ffffff data-hover-border-color=#34a5dd data-hover-color=#34a5dd class=\"qbutton  medium center default\" style=\"color: #ffffff; border-color: rgba(255,255,255,0.01); font-weight: 600; margin: 0 0 0 0; border-radius: 0px;-moz-border-radius: 0px;-webkit-border-radius: 0px; background-color: #34a5dd;\">Ir a Tienda<\/a>[vc_empty_space height=\u00bb20px\u00bb][\/vc_row][vc_row css_animation=\u00bb\u00bb row_type=\u00bbrow\u00bb use_row_as_full_screen_section=\u00bbno\u00bb type=\u00bbgrid\u00bb angled_section=\u00bbno\u00bb text_align=\u00bbleft\u00bb&nbsp; z_index=\u00bb\u00bb css=\u00bb.vc_custom_1539182219145{padding-top: 2% !important;padding-bottom: 2% !important;}\u00bb][vc_empty_space height=\u00bb20px\u00bb]<\/p>\n<p>[vc_column width=\u00bb1\/2&#8243;][vc_column_text]<\/p>\n<p style=\"text-align: center;\"><strong>Si no resides en ESPA\u00d1A<\/strong> pero quieres m\u00e1s informaci\u00f3n sobre la <strong>TECNOLOG\u00cdA NESS<sup>\u00ae<\/sup><\/strong> y c\u00f3mo adquirirla, <a href=\"mailto:info@metrica6.xyz\">escr\u00edbenos<\/a>.<\/p>\n<p>[\/vc_column_text][vc_empty_space height=\u00bb12px\u00bb][vc_empty_space height=\u00bb12px\u00bb][\/vc_column][vc_column width=\u00bb1\/2&#8243;][vc_column_text]<\/p>\n<p style=\"text-align: center;\"><strong>M\u00e9trica6 busca representantes internacionales de la TECNOLOG\u00cdA NESS<sup>\u00ae<\/sup>.<\/strong> Si est\u00e1s interesado, <a href=\"mailto:info@metrica6.xyz\">contacta con nosotros<\/a>.<\/p>\n<p>[\/vc_column_text][\/vc_column][vc_empty_space height=\u00bb20px\u00bb][\/vc_row][vc_row css_animation=\u00bb\u00bb row_type=\u00bbrow\u00bb use_row_as_full_screen_section=\u00bbno\u00bb type=\u00bbfull_width\u00bb angled_section=\u00bbno\u00bb text_align=\u00bbcenter\u00bb background_image_as_pattern=\u00bbwithout_pattern\u00bb css=\u00bb.vc_custom_1539772040607{padding-top: 0px !important;}\u00bb z_index=\u00bb\u00bb][vc_column parallax=\u00bbcontent-moving-fade\u00bb parallax_image=\u00bb2276&#8243; parallax_speed_bg=\u00bb1.75&#8243; css=\u00bb.vc_custom_1539772067559{padding-top: 0px !important;}\u00bb][vc_empty_space height=\u00bb200px\u00bb][vc_column_text]<\/p>\n<p style=\"font-size: 50px; line-height: 50px; color: white; font-weight: bold; text-align: center;\"><span style=\"color: #ffffff;\">MENOS AGUA DESPERDICIADA ES M\u00c1S AGUA PARA TODOS<\/span><\/p>\n<p>[\/vc_column_text][vc_empty_space height=\u00bb200px\u00bb][\/vc_column][\/vc_row]<\/p>","protected":false},"excerpt":{"rendered":"<p>La Tecnolog\u00eda NESS es compatible con tecnolog\u00eda WAISENSE Ve a la nueva p\u00e1gina y descubre todo sobre WAISENSE [vc_row css_animation=\u00bb\u00bb&#8230;<\/p>\n","protected":false},"author":1,"featured_media":0,"parent":0,"menu_order":0,"comment_status":"closed","ping_status":"closed","template":"full_width.php","meta":{"footnotes":""},"class_list":["post-1722","page","type-page","status-publish","hentry"],"_links":{"self":[{"href":"https:\/\/metrica6.xyz\/es\/wp-json\/wp\/v2\/pages\/1722","targetHints":{"allow":["GET"]}}],"collection":[{"href":"https:\/\/metrica6.xyz\/es\/wp-json\/wp\/v2\/pages"}],"about":[{"href":"https:\/\/metrica6.xyz\/es\/wp-json\/wp\/v2\/types\/page"}],"author":[{"embeddable":true,"href":"https:\/\/metrica6.xyz\/es\/wp-json\/wp\/v2\/users\/1"}],"replies":[{"embeddable":true,"href":"https:\/\/metrica6.xyz\/es\/wp-json\/wp\/v2\/comments?post=1722"}],"version-history":[{"count":9,"href":"https:\/\/metrica6.xyz\/es\/wp-json\/wp\/v2\/pages\/1722\/revisions"}],"predecessor-version":[{"id":7650,"href":"https:\/\/metrica6.xyz\/es\/wp-json\/wp\/v2\/pages\/1722\/revisions\/7650"}],"wp:attachment":[{"href":"https:\/\/metrica6.xyz\/es\/wp-json\/wp\/v2\/media?parent=1722"}],"curies":[{"name":"wp","href":"https:\/\/api.w.org\/{rel}","templated":true}]}}