{"id":7242,"date":"2023-04-14T09:20:40","date_gmt":"2023-04-14T07:20:40","guid":{"rendered":"https:\/\/metrica6.xyz\/?page_id=7242"},"modified":"2023-05-19T10:41:58","modified_gmt":"2023-05-19T08:41:58","slug":"dispositivo-de-conduccion-asistida","status":"publish","type":"page","link":"https:\/\/metrica6.xyz\/en\/dispositivo-de-conduccion-asistida\/","title":{"rendered":"Dispositivo de Conducci\u00f3n Asistida"},"content":{"rendered":"\n<h1 class=\"wp-block-heading\">Dispositivo de Conducci\u00f3n Asistida<\/h1>\n\n\n\n<p>[vc_empty_space]<\/p>\n\n\n\n<p>[vc_empty_space height=\u00bb10px\u00bb]<\/p>\n\n\n\n<p>La Universidad de M\u00e1laga (UMA) ha desarrollado un dispositivo de conducci\u00f3n asistida para veh\u00edculos propulsados por motores como sillas de ruedas, carros el\u00e9ctricos, y otro tipos de sistemas comparables.<\/p>\n\n\n\n<p>[vc_empty_space]<\/p>\n\n\n\n<p>[vc_empty_space height=\u00bb18px\u00bb]<\/p>\n\n\n\n<div data-wp-interactive=\"core\/file\" class=\"wp-block-file\"><object data-wp-bind--hidden=\"!state.hasPdfPreview\" hidden class=\"wp-block-file__embed\" data=\"https:\/\/metrica6.xyz\/wp-content\/uploads\/2023\/04\/Presentacion-DISPOSITIVO-DE-CONDUCCION-ASISTIDA.pdf\" type=\"application\/pdf\" style=\"width:100%;height:600px\" aria-label=\"Embed of Incrustado de Presentaci\u00f3n DISPOSITIVO DE CONDUCCI\u00d3N ASISTIDA..\"><\/object><a id=\"wp-block-file--media-6c31778a-c0ca-4f60-8de5-28900e4d7891\" href=\"https:\/\/metrica6.xyz\/wp-content\/uploads\/2023\/04\/Presentacion-DISPOSITIVO-DE-CONDUCCION-ASISTIDA.pdf\">Presentaci\u00f3n DISPOSITIVO DE CONDUCCI\u00d3N ASISTIDA<\/a><a href=\"https:\/\/metrica6.xyz\/wp-content\/uploads\/2023\/04\/Presentacion-DISPOSITIVO-DE-CONDUCCION-ASISTIDA.pdf\" class=\"wp-block-file__button\" download aria-describedby=\"wp-block-file--media-6c31778a-c0ca-4f60-8de5-28900e4d7891\">Descarga<\/a><\/div>\n\n\n\n<p>[vc_empty_space]<\/p>\n\n\n\n<p>[vc_empty_space height=\u00bb100px\u00bb]<\/p>\n","protected":false},"excerpt":{"rendered":"<p>Dispositivo de Conducci\u00f3n Asistida [vc_empty_space] [vc_empty_space height=\u00bb10px\u00bb] La Universidad de M\u00e1laga (UMA) ha desarrollado un dispositivo de conducci\u00f3n asistida para veh\u00edculos propulsados por motores como sillas de ruedas, carros el\u00e9ctricos, y otro tipos de sistemas comparables. [vc_empty_space] [vc_empty_space height=\u00bb18px\u00bb] [vc_empty_space] [vc_empty_space height=\u00bb100px\u00bb]<\/p>\n","protected":false},"author":1,"featured_media":7245,"parent":0,"menu_order":0,"comment_status":"closed","ping_status":"closed","template":"","meta":{"_kadence_starter_templates_imported_post":false,"_kad_post_transparent":"","_kad_post_title":"","_kad_post_layout":"","_kad_post_sidebar_id":"","_kad_post_content_style":"","_kad_post_vertical_padding":"","_kad_post_feature":"","_kad_post_feature_position":"","_kad_post_header":false,"_kad_post_footer":false,"_kad_post_classname":"","footnotes":""},"class_list":["post-7242","page","type-page","status-publish","has-post-thumbnail","hentry"],"jetpack_sharing_enabled":true,"_links":{"self":[{"href":"https:\/\/metrica6.xyz\/en\/wp-json\/wp\/v2\/pages\/7242","targetHints":{"allow":["GET"]}}],"collection":[{"href":"https:\/\/metrica6.xyz\/en\/wp-json\/wp\/v2\/pages"}],"about":[{"href":"https:\/\/metrica6.xyz\/en\/wp-json\/wp\/v2\/types\/page"}],"author":[{"embeddable":true,"href":"https:\/\/metrica6.xyz\/en\/wp-json\/wp\/v2\/users\/1"}],"replies":[{"embeddable":true,"href":"https:\/\/metrica6.xyz\/en\/wp-json\/wp\/v2\/comments?post=7242"}],"version-history":[{"count":3,"href":"https:\/\/metrica6.xyz\/en\/wp-json\/wp\/v2\/pages\/7242\/revisions"}],"predecessor-version":[{"id":7256,"href":"https:\/\/metrica6.xyz\/en\/wp-json\/wp\/v2\/pages\/7242\/revisions\/7256"}],"wp:featuredmedia":[{"embeddable":true,"href":"https:\/\/metrica6.xyz\/en\/wp-json\/wp\/v2\/media\/7245"}],"wp:attachment":[{"href":"https:\/\/metrica6.xyz\/en\/wp-json\/wp\/v2\/media?parent=7242"}],"curies":[{"name":"wp","href":"https:\/\/api.w.org\/{rel}","templated":true}]}}