{"id":6678,"date":"2022-03-01T11:44:07","date_gmt":"2022-03-01T10:44:07","guid":{"rendered":"https:\/\/metrica6.xyz\/waisense-2\/"},"modified":"2026-05-11T16:02:36","modified_gmt":"2026-05-11T14:02:36","slug":"waisense-water-2","status":"publish","type":"page","link":"https:\/\/metrica6.xyz\/en\/waisense-water-2\/","title":{"rendered":"WAISENSE \u2014 Smart Water Living"},"content":{"rendered":"<div class=\"wp-block-group\" style=\"background-color:#0d0d0d;padding-top:80px;padding-bottom:80px\"><div class=\"wp-block-group__inner-container is-layout-constrained wp-block-group-is-layout-constrained\">\n<p class=\"has-text-align-center\" style=\"color:#29ABE2;font-size:12px;letter-spacing:3px;text-transform:uppercase;font-weight:600\">Tecnolog\u00eda propia<\/p>\n<h1 class=\"has-text-align-center wp-block-heading\" style=\"color:#ffffff;font-size:52px;font-weight:600;line-height:1.2\">WAISENSE<\/h1>\n<p class=\"has-text-align-center\" style=\"color:#29ABE2;font-size:20px;font-weight:300;letter-spacing:2px\">Smart Water Living<\/p>\n<div style=\"height:16px\" aria-hidden=\"true\" class=\"wp-block-spacer\"><\/div>\n<p class=\"has-text-align-center\" style=\"color:#aaaaaa;font-size:18px;line-height:1.7\">La tecnolog\u00eda que evita el desperdicio de agua mientras esperas que se caliente.<\/p>\n<div style=\"height:32px\" aria-hidden=\"true\" class=\"wp-block-spacer\"><\/div>\n\n<div class=\"wp-block-buttons is-content-justification-center is-layout-flex wp-container-core-buttons-is-layout-16018d1d wp-block-buttons-is-layout-flex\">\n\n<div class=\"wp-block-button\"><a class=\"wp-block-button__link\" href=\"https:\/\/waisense.com\" target=\"_blank\" style=\"background-color:#29ABE2;color:#ffffff;border-radius:6px;font-size:16px;font-weight:600\">Visitar waisense.com \u2192<\/a><\/div>\n\n<\/div>\n\n<\/div><\/div>\n\n\n<div class=\"wp-block-group\" style=\"padding:64px 24px\"><div class=\"wp-block-group__inner-container is-layout-constrained wp-container-core-group-is-layout-b012de15 wp-block-group-is-layout-constrained\">\n\n<div class=\"wp-block-columns are-vertically-aligned-center is-layout-flex wp-container-core-columns-is-layout-db840fa2 wp-block-columns-is-layout-flex\">\n\n<div class=\"wp-block-column is-layout-flow wp-block-column-is-layout-flow\">\n\n<figure class=\"wp-block-image\" style=\"border-radius:12px\"><img decoding=\"async\" src=\"https:\/\/metrica6.xyz\/wp-content\/uploads\/2026\/05\/Hot-water-saving-WAISENSE-scaled.jpg\" alt=\"WAISENSE sistema inteligente de agua\" style=\"border-radius:12px;width:100%;object-fit:cover\"\/><\/figure>\n\n<\/div>\n\n<div class=\"wp-block-column is-layout-flow wp-block-column-is-layout-flow\">\n<p style=\"color:#29ABE2;font-size:12px;letter-spacing:3px;text-transform:uppercase;font-weight:600\">Qu\u00e9 es WAISENSE<\/p>\n<h2 class=\"wp-block-heading\" style=\"font-size:36px;font-weight:600\">Disfruta los beneficios del agua inteligente<\/h2>\n<div style=\"height:16px\" aria-hidden=\"true\" class=\"wp-block-spacer\"><\/div>\n<p style=\"font-size:16px;line-height:1.8;color:#555555\">WAISENSE es un conjunto de soluciones f\u00edsicas y digitales para aumentar la eficiencia h\u00eddrica en m\u00faltiples sectores. Es el resultado de la innovaci\u00f3n tecnol\u00f3gica y experiencia acumulada de M\u00e9trica6.<\/p>\n<div style=\"height:8px\" aria-hidden=\"true\" class=\"wp-block-spacer\"><\/div>\n<p style=\"font-size:16px;line-height:1.8;color:#555555\">WAISENSE mejora los procesos de gesti\u00f3n del agua, potenciando el ahorro y la sostenibilidad en instalaciones residenciales, hoteleras e industriales.<\/p>\n<\/div>\n<\/div>\n<\/div><\/div>\n\n\n<div class=\"wp-block-group\" style=\"background-color:#0d0d0d;padding:64px 24px\"><div class=\"wp-block-group__inner-container is-layout-constrained wp-container-core-group-is-layout-b012de15 wp-block-group-is-layout-constrained\">\n<p style=\"color:#29ABE2;font-size:12px;letter-spacing:3px;text-transform:uppercase;font-weight:600\">Beneficios<\/p>\n<h2 class=\"wp-block-heading\" style=\"color:#ffffff;font-size:36px;font-weight:600\">Por qu\u00e9 elegir WAISENSE<\/h2>\n<div style=\"height:32px\" aria-hidden=\"true\" class=\"wp-block-spacer\"><\/div>\n\n<div class=\"wp-block-columns is-layout-flex wp-container-core-columns-is-layout-b97086c3 wp-block-columns-is-layout-flex\">\n<div class=\"wp-block-column is-layout-flow wp-block-column-is-layout-flow\">\n\n<div class=\"wp-block-group\" style=\"border:1px solid #222222;border-radius:8px;background-color:#111111;padding:32px\"><div class=\"wp-block-group__inner-container is-layout-flow wp-block-group-is-layout-flow\">\n<p style=\"color:#29ABE2;font-size:36px\">&#x1f4a7;<\/p>\n<h3 class=\"wp-block-heading\" style=\"color:#ffffff;font-size:20px;font-weight:600\">Ahorro de agua<\/h3>\n<p style=\"color:#aaaaaa;font-size:15px;line-height:1.7\">Reduce el consumo mientras esperas el agua caliente. Menos desperdicio, misma comodidad.<\/p>\n<\/div><\/div>\n<\/div>\n<div class=\"wp-block-column is-layout-flow wp-block-column-is-layout-flow\">\n\n<div class=\"wp-block-group\" style=\"border:1px solid #222222;border-radius:8px;background-color:#111111;padding:32px\"><div class=\"wp-block-group__inner-container is-layout-flow wp-block-group-is-layout-flow\">\n<p style=\"color:#29ABE2;font-size:36px\">&#x1f331;<\/p>\n<h3 class=\"wp-block-heading\" style=\"color:#ffffff;font-size:20px;font-weight:600\">Sostenibilidad<\/h3>\n<p style=\"color:#aaaaaa;font-size:15px;line-height:1.7\">Mejora los procesos de gesti\u00f3n del agua y reduce el impacto ambiental en instalaciones residenciales e industriales.<\/p>\n<\/div><\/div>\n<\/div>\n<div class=\"wp-block-column is-layout-flow wp-block-column-is-layout-flow\">\n\n<div class=\"wp-block-group\" style=\"border:1px solid #222222;border-radius:8px;background-color:#111111;padding:32px\"><div class=\"wp-block-group__inner-container is-layout-flow wp-block-group-is-layout-flow\">\n<p style=\"color:#29ABE2;font-size:36px\">&#x26a1;<\/p>\n<h3 class=\"wp-block-heading\" style=\"color:#ffffff;font-size:20px;font-weight:600\">Eficiencia energ\u00e9tica<\/h3>\n<p style=\"color:#aaaaaa;font-size:15px;line-height:1.7\">Optimiza el uso de energ\u00eda en sistemas de agua caliente sanitaria, reduciendo costes de operaci\u00f3n.<\/p>\n<\/div><\/div>\n<\/div>\n<\/div>\n<\/div><\/div>\n\n\n<div class=\"wp-block-group\" style=\"background-color:#111111;padding-top:64px;padding-bottom:64px\"><div class=\"wp-block-group__inner-container is-layout-constrained wp-block-group-is-layout-constrained\">\n<h2 class=\"has-text-align-center wp-block-heading\" style=\"color:#ffffff;font-size:36px;font-weight:600\">\u00bfQuieres saber m\u00e1s sobre WAISENSE?<\/h2>\n<p class=\"has-text-align-center\" style=\"color:#29ABE2;font-size:18px;line-height:1.7\">Visita la web oficial del producto para toda la informaci\u00f3n t\u00e9cnica y comercial.<\/p>\n<div style=\"height:24px\" aria-hidden=\"true\" class=\"wp-block-spacer\"><\/div>\n\n<div class=\"wp-block-buttons is-content-justification-center is-layout-flex wp-container-core-buttons-is-layout-16018d1d wp-block-buttons-is-layout-flex\">\n\n<div class=\"wp-block-button\"><a class=\"wp-block-button__link\" href=\"https:\/\/waisense.com\" target=\"_blank\" style=\"background-color:#29ABE2;color:#ffffff;border-radius:6px;font-size:16px;font-weight:600\">Ir a waisense.com \u2192<\/a><\/div>\n\n\n<div class=\"wp-block-button is-style-outline is-style-outline--1\"><a class=\"wp-block-button__link\" href=\"\/en\/contacto\/\" style=\"color:#29ABE2;border-color:#29ABE2;border-radius:6px;font-size:16px\">Contactar con M\u00e9trica6<\/a><\/div>\n\n<\/div>\n<\/div><\/div>","protected":false},"excerpt":{"rendered":"<p>Tecnolog\u00eda propia WAISENSE Smart Water Living La tecnolog\u00eda que evita el desperdicio de agua mientras esperas que se caliente. Qu\u00e9 es WAISENSE Disfruta los beneficios del agua inteligente WAISENSE es un conjunto de soluciones f\u00edsicas y digitales para aumentar la eficiencia h\u00eddrica en m\u00faltiples sectores. Es el resultado de la innovaci\u00f3n tecnol\u00f3gica y experiencia acumulada&#8230;<\/p>","protected":false},"author":1,"featured_media":0,"parent":0,"menu_order":0,"comment_status":"closed","ping_status":"closed","template":"full_width.php","meta":{"_kadence_starter_templates_imported_post":false,"_kad_post_transparent":"","_kad_post_title":"","_kad_post_layout":"","_kad_post_sidebar_id":"","_kad_post_content_style":"","_kad_post_vertical_padding":"","_kad_post_feature":"","_kad_post_feature_position":"","_kad_post_header":false,"_kad_post_footer":false,"_kad_post_classname":"","footnotes":""},"class_list":["post-6678","page","type-page","status-publish","hentry"],"jetpack_sharing_enabled":true,"_links":{"self":[{"href":"https:\/\/metrica6.xyz\/en\/wp-json\/wp\/v2\/pages\/6678","targetHints":{"allow":["GET"]}}],"collection":[{"href":"https:\/\/metrica6.xyz\/en\/wp-json\/wp\/v2\/pages"}],"about":[{"href":"https:\/\/metrica6.xyz\/en\/wp-json\/wp\/v2\/types\/page"}],"author":[{"embeddable":true,"href":"https:\/\/metrica6.xyz\/en\/wp-json\/wp\/v2\/users\/1"}],"replies":[{"embeddable":true,"href":"https:\/\/metrica6.xyz\/en\/wp-json\/wp\/v2\/comments?post=6678"}],"version-history":[{"count":13,"href":"https:\/\/metrica6.xyz\/en\/wp-json\/wp\/v2\/pages\/6678\/revisions"}],"predecessor-version":[{"id":8390,"href":"https:\/\/metrica6.xyz\/en\/wp-json\/wp\/v2\/pages\/6678\/revisions\/8390"}],"wp:attachment":[{"href":"https:\/\/metrica6.xyz\/en\/wp-json\/wp\/v2\/media?parent=6678"}],"curies":[{"name":"wp","href":"https:\/\/api.w.org\/{rel}","templated":true}]}}