{"id":6410,"date":"2022-03-01T11:44:07","date_gmt":"2022-03-01T10:44:07","guid":{"rendered":"https:\/\/metrica6.xyz\/?page_id=6410"},"modified":"2022-03-03T11:40:35","modified_gmt":"2022-03-03T10:40:35","slug":"waisense","status":"publish","type":"page","link":"https:\/\/metrica6.xyz\/en\/waisense\/","title":{"rendered":"WAISENSE: El agua caliente inteligente"},"content":{"rendered":"<h4>M\u00e9trica6 presenta<\/h4>\n<p><img decoding=\"async\" width=\"526\" height=\"100\" src=\"https:\/\/metrica6.xyz\/wp-content\/uploads\/2022\/03\/A_LogoWaisense_negativo_EscaladoAzules_SinBlanco-pgv8hnmsu74vye399hl1s9h6rcnt49ee6qysy29fcw.png\" alt=\"\" loading=\"lazy\" srcset=\"https:\/\/metrica6.xyz\/wp-content\/uploads\/2022\/03\/A_LogoWaisense_negativo_EscaladoAzules_SinBlanco-pgv8hnmsu74vye399hl1s9h6rcnt49ee6qysy29fcw.png 526w, https:\/\/metrica6.xyz\/wp-content\/uploads\/2022\/03\/A_LogoWaisense_negativo_EscaladoAzules_SinBlanco-pgv8hnmsu74vye399hl1s9h6rcnt49ee6qysy29fcw-300x57.png 300w\" sizes=\"auto, (max-width: 526px) 100vw, 526px\"><\/p>\n<h2>LA TECNOLOG\u00cdA QUE EVITA EL DESPERDICIO DE AGUA MIENTRAS ESPERAS QUE SE CALIENTE<\/h2>\n<p><a href=\"https:\/\/waisense.com\/es\/waisense-comfort\/\" role=\"button\"><br \/>\nDESC\u00daBRELA<br \/>\n<\/a><\/p>\n<h2>Disfruta de los beneficios del agua inteligente<\/h2>\n<p><strong>WAISENSE<\/strong> es un&nbsp;es un conjunto de soluciones f\u00edsicas y digitales para aumentar la eficiencia h\u00eddrica en m\u00faltiples sectores,&nbsp;fruto de la innovaci\u00f3n tecnol\u00f3gica y experiencia de <strong>M\u00e9trica6<\/strong>. <strong>WAISENSE<\/strong> permite mejorar los procesos de gesti\u00f3n del agua, potenciando el ahorro y la sostenibilidad.<\/p>\n<p>Una de las principales soluciones es <strong>WAISENSE COMFORT<\/strong>, conocida en Espa\u00f1a como&nbsp;<strong>Tecnolog\u00eda NESS<\/strong><sup>\u00ae<\/sup>, comercializada en Espa\u00f1a por <strong>GRUPO PRESTO IB\u00c9RICA SA<\/strong>,&nbsp;bajo las marcas <strong>Presto Go System<\/strong> y <strong>Galindo Confort System<\/strong>.<\/p>\n<p><a href=\"https:\/\/metrica6.xyz\/wp-content\/uploads\/2022\/03\/Historico-WAISENSE-ESP-2022-1920x582-1.jpg\" data-elementor-open-lightbox=\"yes\" data-elementor-lightbox-title=\"Historico-WAISENSE-ESP-2022-1920x582\"><br \/>\n<img decoding=\"async\" width=\"1920\" height=\"582\" src=\"https:\/\/metrica6.xyz\/wp-content\/uploads\/2022\/03\/Historico-WAISENSE-ESP-2022-1920x582-1.jpg\" alt=\"\" loading=\"lazy\" srcset=\"https:\/\/metrica6.xyz\/wp-content\/uploads\/2022\/03\/Historico-WAISENSE-ESP-2022-1920x582-1.jpg 1920w, https:\/\/metrica6.xyz\/wp-content\/uploads\/2022\/03\/Historico-WAISENSE-ESP-2022-1920x582-1-300x91.jpg 300w, https:\/\/metrica6.xyz\/wp-content\/uploads\/2022\/03\/Historico-WAISENSE-ESP-2022-1920x582-1-1024x310.jpg 1024w, https:\/\/metrica6.xyz\/wp-content\/uploads\/2022\/03\/Historico-WAISENSE-ESP-2022-1920x582-1-768x233.jpg 768w, https:\/\/metrica6.xyz\/wp-content\/uploads\/2022\/03\/Historico-WAISENSE-ESP-2022-1920x582-1-1536x466.jpg 1536w, https:\/\/metrica6.xyz\/wp-content\/uploads\/2022\/03\/Historico-WAISENSE-ESP-2022-1920x582-1-700x212.jpg 700w, https:\/\/metrica6.xyz\/wp-content\/uploads\/2022\/03\/Historico-WAISENSE-ESP-2022-1920x582-1-600x182.jpg 600w\" sizes=\"auto, (max-width: 1920px) 100vw, 1920px\">\t\t\t\t\t\t\t\t<\/a><\/p>\n<p>smart water system<\/p>\n<h2>\u00bfQu\u00e9 es waisense comfort?<\/h2>\n<p>Cada vez que usamos agua caliente, tenemos que desperdiciar varios litros de agua que se encuentran acumulados en las tuber\u00edas que hay desde el calentador al punto de consumo.<\/p>\n<p><strong>WAISENSE COMFORT<\/strong> es un sistema compuesto por m\u00f3dulos, que al instalarse en el sistema de fontaner\u00eda de una vivienda o establecimiento, evita que se produzca este desperdicio, devolviendo el agua fr\u00eda acumulada al circuito. En resumen, evita los siguientes problemas:<\/p>\n<ul>\n<li>Desperdicio de litros de agua (y no solo \u20ac, \u00a1el agua es un recurso limitado!).<\/li>\n<li>P\u00e9rdida de tiempo esperando o teniendo que estar atento.<\/li>\n<li>El agua no sale a la temperatura deseada desde el principio.<\/li>\n<\/ul>\n<p><strong>WAISENSE COMFORT<\/strong> elimina estos problemas en construcciones nuevas y ya existentes, sin necesidad de realizar ninguna reforma ni instalaciones complejas.&nbsp;<\/p>\n<p><a href=\"https:\/\/waisense.com\/es\/waisense-comfort\/\" role=\"button\"><br \/>\nIr a WAISENSE<br \/>\n<\/a><br \/>\n<img decoding=\"async\" width=\"1280\" height=\"1920\" src=\"https:\/\/metrica6.xyz\/wp-content\/uploads\/2022\/03\/pexels-cottonbro-4154979.jpg\" alt=\"\" loading=\"lazy\" srcset=\"https:\/\/metrica6.xyz\/wp-content\/uploads\/2022\/03\/pexels-cottonbro-4154979.jpg 1280w, https:\/\/metrica6.xyz\/wp-content\/uploads\/2022\/03\/pexels-cottonbro-4154979-200x300.jpg 200w, https:\/\/metrica6.xyz\/wp-content\/uploads\/2022\/03\/pexels-cottonbro-4154979-683x1024.jpg 683w, https:\/\/metrica6.xyz\/wp-content\/uploads\/2022\/03\/pexels-cottonbro-4154979-768x1152.jpg 768w, https:\/\/metrica6.xyz\/wp-content\/uploads\/2022\/03\/pexels-cottonbro-4154979-1024x1536.jpg 1024w, https:\/\/metrica6.xyz\/wp-content\/uploads\/2022\/03\/pexels-cottonbro-4154979-700x1050.jpg 700w, https:\/\/metrica6.xyz\/wp-content\/uploads\/2022\/03\/pexels-cottonbro-4154979-600x900.jpg 600w\" sizes=\"auto, (max-width: 1280px) 100vw, 1280px\"><\/p>\n<h5>Sin necesidad de a\u00f1adir tuber\u00edas o dep\u00f3sitos ni de cambiar el calentador o los grifos.<\/h5>\n<h5>Funciona a demanda: lo activas cuando quieras desde donde quieras.<\/h5>\n<h5>Comodidad y calidad de vida: no te preocupes por el tiempo que tarda en salir el agua caliente.<\/h5>\n<h5>Sostenibilidad: Ahorra entre 6 y 25 litros de agua por uso.<\/h5>\n<p><img decoding=\"async\" width=\"150\" height=\"150\" src=\"https:\/\/metrica6.xyz\/wp-content\/uploads\/2022\/03\/tuberias-150x150.png\" alt=\"\" loading=\"lazy\" srcset=\"https:\/\/metrica6.xyz\/wp-content\/uploads\/2022\/03\/tuberias-150x150.png 150w, https:\/\/metrica6.xyz\/wp-content\/uploads\/2022\/03\/tuberias-300x300.png 300w, https:\/\/metrica6.xyz\/wp-content\/uploads\/2022\/03\/tuberias-500x500.png 500w, https:\/\/metrica6.xyz\/wp-content\/uploads\/2022\/03\/tuberias-100x100.png 100w, https:\/\/metrica6.xyz\/wp-content\/uploads\/2022\/03\/tuberias.png 512w\" sizes=\"auto, (max-width: 150px) 100vw, 150px\"><br \/>\n<img decoding=\"async\" width=\"150\" height=\"150\" src=\"https:\/\/metrica6.xyz\/wp-content\/uploads\/2022\/03\/Activador-1-150x150.png\" alt=\"\" loading=\"lazy\" srcset=\"https:\/\/metrica6.xyz\/wp-content\/uploads\/2022\/03\/Activador-1-150x150.png 150w, https:\/\/metrica6.xyz\/wp-content\/uploads\/2022\/03\/Activador-1-300x300.png 300w, https:\/\/metrica6.xyz\/wp-content\/uploads\/2022\/03\/Activador-1-500x500.png 500w, https:\/\/metrica6.xyz\/wp-content\/uploads\/2022\/03\/Activador-1-100x100.png 100w, https:\/\/metrica6.xyz\/wp-content\/uploads\/2022\/03\/Activador-1.png 512w\" sizes=\"auto, (max-width: 150px) 100vw, 150px\"><br \/>\n<img decoding=\"async\" width=\"150\" height=\"150\" src=\"https:\/\/metrica6.xyz\/wp-content\/uploads\/2022\/03\/comodidad-150x150.png\" alt=\"\" loading=\"lazy\" srcset=\"https:\/\/metrica6.xyz\/wp-content\/uploads\/2022\/03\/comodidad-150x150.png 150w, https:\/\/metrica6.xyz\/wp-content\/uploads\/2022\/03\/comodidad-300x300.png 300w, https:\/\/metrica6.xyz\/wp-content\/uploads\/2022\/03\/comodidad-500x500.png 500w, https:\/\/metrica6.xyz\/wp-content\/uploads\/2022\/03\/comodidad-100x100.png 100w, https:\/\/metrica6.xyz\/wp-content\/uploads\/2022\/03\/comodidad.png 512w\" sizes=\"auto, (max-width: 150px) 100vw, 150px\"><br \/>\n<img decoding=\"async\" width=\"150\" height=\"150\" src=\"https:\/\/metrica6.xyz\/wp-content\/uploads\/2022\/03\/Sostenibilidad-150x150.png\" alt=\"\" loading=\"lazy\" srcset=\"https:\/\/metrica6.xyz\/wp-content\/uploads\/2022\/03\/Sostenibilidad-150x150.png 150w, https:\/\/metrica6.xyz\/wp-content\/uploads\/2022\/03\/Sostenibilidad-300x300.png 300w, https:\/\/metrica6.xyz\/wp-content\/uploads\/2022\/03\/Sostenibilidad-500x500.png 500w, https:\/\/metrica6.xyz\/wp-content\/uploads\/2022\/03\/Sostenibilidad-100x100.png 100w, https:\/\/metrica6.xyz\/wp-content\/uploads\/2022\/03\/Sostenibilidad.png 512w\" sizes=\"auto, (max-width: 150px) 100vw, 150px\"><br \/>\n<a href=\"https:\/\/waisense.com\/es\/wp-content\/uploads\/2022\/01\/Dossier-WAISENSE-ESPANA-ESPANOL-2022_compressed.pdf\" target=\"_blank\" role=\"button\" rel=\"noopener noreferrer\"><br \/>\nDescargar dossier<br \/>\n<\/a><br \/>\n<img decoding=\"async\" width=\"150\" height=\"150\" src=\"https:\/\/metrica6.xyz\/wp-content\/uploads\/2022\/03\/Ahorro-agua-150x150.png\" alt=\"\" loading=\"lazy\" srcset=\"https:\/\/metrica6.xyz\/wp-content\/uploads\/2022\/03\/Ahorro-agua-150x150.png 150w, https:\/\/metrica6.xyz\/wp-content\/uploads\/2022\/03\/Ahorro-agua-300x300.png 300w, https:\/\/metrica6.xyz\/wp-content\/uploads\/2022\/03\/Ahorro-agua-500x500.png 500w, https:\/\/metrica6.xyz\/wp-content\/uploads\/2022\/03\/Ahorro-agua-100x100.png 100w, https:\/\/metrica6.xyz\/wp-content\/uploads\/2022\/03\/Ahorro-agua.png 512w\" sizes=\"auto, (max-width: 150px) 100vw, 150px\"><br \/>\n<img decoding=\"async\" width=\"150\" height=\"150\" src=\"https:\/\/metrica6.xyz\/wp-content\/uploads\/2022\/03\/innovacion-150x150.png\" alt=\"\" loading=\"lazy\" srcset=\"https:\/\/metrica6.xyz\/wp-content\/uploads\/2022\/03\/innovacion-150x150.png 150w, https:\/\/metrica6.xyz\/wp-content\/uploads\/2022\/03\/innovacion-300x300.png 300w, https:\/\/metrica6.xyz\/wp-content\/uploads\/2022\/03\/innovacion-500x500.png 500w, https:\/\/metrica6.xyz\/wp-content\/uploads\/2022\/03\/innovacion-100x100.png 100w, https:\/\/metrica6.xyz\/wp-content\/uploads\/2022\/03\/innovacion.png 512w\" sizes=\"auto, (max-width: 150px) 100vw, 150px\"><br \/>\n<img decoding=\"async\" width=\"150\" height=\"150\" src=\"https:\/\/metrica6.xyz\/wp-content\/uploads\/2022\/03\/modular-150x150.png\" alt=\"\" loading=\"lazy\" srcset=\"https:\/\/metrica6.xyz\/wp-content\/uploads\/2022\/03\/modular-150x150.png 150w, https:\/\/metrica6.xyz\/wp-content\/uploads\/2022\/03\/modular-300x300.png 300w, https:\/\/metrica6.xyz\/wp-content\/uploads\/2022\/03\/modular-500x500.png 500w, https:\/\/metrica6.xyz\/wp-content\/uploads\/2022\/03\/modular-100x100.png 100w, https:\/\/metrica6.xyz\/wp-content\/uploads\/2022\/03\/modular.png 512w\" sizes=\"auto, (max-width: 150px) 100vw, 150px\"><br \/>\n<img decoding=\"async\" width=\"150\" height=\"150\" src=\"https:\/\/metrica6.xyz\/wp-content\/uploads\/2022\/03\/Proyecto-150x150.png\" alt=\"\" loading=\"lazy\" srcset=\"https:\/\/metrica6.xyz\/wp-content\/uploads\/2022\/03\/Proyecto-150x150.png 150w, https:\/\/metrica6.xyz\/wp-content\/uploads\/2022\/03\/Proyecto-300x300.png 300w, https:\/\/metrica6.xyz\/wp-content\/uploads\/2022\/03\/Proyecto-500x500.png 500w, https:\/\/metrica6.xyz\/wp-content\/uploads\/2022\/03\/Proyecto-100x100.png 100w, https:\/\/metrica6.xyz\/wp-content\/uploads\/2022\/03\/Proyecto.png 512w\" sizes=\"auto, (max-width: 150px) 100vw, 150px\"><\/p>\n<h5>Ahorro econ\u00f3mico: reduce la factura del agua hasta en un 52%<\/h5>\n<h5>Innovaci\u00f3n en tu hogar o negocio: un solo gesto para tener agua caliente al abrir el grifo.<\/h5>\n<h5>Compatible con cualquier calentador individual: placas solares, gas, el\u00e9ctricos, biomasa, aerotermia, etc.<\/h5>\n<h5>Se puede incluir en un proyecto de obra o reforma, o instalar sin hacer obra.<\/h5>\n<h2>WAISENSE COMFORT<\/h2>\n<h2>\u00bfC\u00f3mo funciona?<\/h2>\n<p><b>WAISENSE COMFORT<\/b> est\u00e1 formado por dispositivos, denominados \u00abm\u00f3dulos\u00bb, que se comunican entre s\u00ed de forma inal\u00e1mbrica para realizar su funci\u00f3n.&nbsp;<\/p>\n<p>Al pasar la mano por el <b>M\u00f3dulo activador<\/b>, similar a un interruptor, se inicia la recirculaci\u00f3n en el sistema. Mientras la luz del activador est\u00e9 azul, significa que el agua est\u00e1 circulando hasta el punto de consumo. Cuando la luz se vuelva roja, indica que la temperatura ha alcanzado la temperatura preestablecida y est\u00e1 lista para el consumo. En este momento, al abrir el grifo, saldr\u00e1 agua caliente instant\u00e1neamente.<\/p>\n<p><img decoding=\"async\" width=\"1000\" height=\"978\" src=\"https:\/\/metrica6.xyz\/wp-content\/uploads\/2022\/03\/Activador-funcionando-Galindo-2.gif\" alt=\"Tecnolog\u00eda NESS\" loading=\"lazy\"><\/p>\n<figure><img decoding=\"async\" src=\"https:\/\/metrica6.xyz\/wp-content\/uploads\/2022\/03\/Caja-Galindo-Kit-Basico.png\" alt=\"Tecnolog\u00eda NESS Galindo Confort System\"><\/figure>\n<figure><img decoding=\"async\" src=\"https:\/\/metrica6.xyz\/wp-content\/uploads\/2022\/03\/Caja-Presto-kit-basico-1.png\" alt=\"Tecnolog\u00eda NESS Presto Go System\"><\/figure>\n<figure><img decoding=\"async\" src=\"https:\/\/metrica6.xyz\/wp-content\/uploads\/2022\/03\/Caja-Alta-Potencia-Galindo.png\" alt=\"Tecnolog\u00eda NESS Galindo Confort System\"><\/figure>\n<figure><img decoding=\"async\" src=\"https:\/\/metrica6.xyz\/wp-content\/uploads\/2022\/03\/Caja-Alta-Potencia-Presto.png\" alt=\"Tecnolog\u00eda NESS Presto Go System\"><\/figure>\n<p>Anterior<br \/>\nSiguiente<\/p>\n<h2>waisense comfort<\/h2>\n<h2>M\u00f3dulos y kits<\/h2>\n<p>En el cat\u00e1logo de <b>WAISENSE<\/b> o <b>Tecnolog\u00eda NESS<\/b>, se encuentran los \u201cKITs\u201d, conjuntos de m\u00f3dulos preparados para empezar a disfrutar el agua caliente inteligente en cualquier instalaci\u00f3n. Algunos kits y m\u00f3dulos tienen 2 versiones: <b>Presto<\/b> y <b>Galindo<\/b>. Las diferencias entre ambas versiones son simplemente est\u00e9ticas, siendo ambas totalmente compatibles.<\/p>\n<p>Existen 2 tipos de <b>KIT WAISENSE COMFORT<\/b>, en funci\u00f3n de las caracter\u00edsticas de tu vivienda, negocio o proyecto:<\/p>\n<ul>\n<li><b>Kit B\u00e1sico<\/b>: Para viviendas o negocios de hasta 90m<sup>2 <\/sup>(excepto calentadores de gas).<\/li>\n<li><b>Kit de Alta Potencia<\/b>: Para viviendas o negocios de hasta 200m<sup>2<\/sup> y todo tipo de calentadores.<\/li>\n<\/ul>\n<p>Con un solo <b>KIT WAISENSE<\/b> se puede disfrutar de las ventajas de la tecnolog\u00eda en toda la instalaci\u00f3n, pero si se desea ampliar el alcance, puedes hacerlo con un <b>KIT DE EXPANSI\u00d3N<\/b>. Es recomendable para viviendas o negocios de grandes dimensiones o con varias plantas.<\/p>\n<p><a href=\"https:\/\/waisense.com\/es\/waisense-comfort\/\" role=\"button\"><br \/>\nIr a WAISENSE<br \/>\n<\/a><\/p>\n<h2>Cada KIT WAISENSE incluye 3 m\u00f3dulos:<\/h2>\n<h5>Ahorro econ\u00f3mico: reduce la factura del agua hasta en un 52%<\/h5>\n<p><img decoding=\"async\" src=\"https:\/\/metrica6.xyz\/wp-content\/uploads\/elementor\/thumbs\/Modulo-potencia-pl9qk59a9w3pe22z3qoxr75xuhsjd5u1w8xwa8wrb4.png\" title=\"Modulo-potencia.png\" alt=\"Modulo-potencia.png\"><\/p>\n<h2>M\u00f3dulo de Potencia<\/h2>\n<p style=\"text-align: center;\">Se instala en la entrada de agua fr\u00eda al calentador. Impulsa el agua caliente hac\u00eda el M\u00f3dulo bypass.<\/p>\n<p>\t\t\t\t\t\t\t\t\t\t\t\t<img decoding=\"async\" src=\"https:\/\/metrica6.xyz\/wp-content\/uploads\/elementor\/thumbs\/Modulo-bypass-pl9qkennooy85ldjjpvq0jl7iy78jsdjy7ttfmxx6o.png\" title=\"Modulo-bypass.png\" alt=\"Modulo-bypass.png\"><\/p>\n<h2>M\u00f3dulo Bypass<\/h2>\n<p style=\"text-align: center;\">Sirve de uni\u00f3n entre tuber\u00edas de agua caliente y fr\u00eda mientras est\u00e1 activa la recirculaci\u00f3n.<\/p>\n<figure><img decoding=\"async\" src=\"https:\/\/metrica6.xyz\/wp-content\/uploads\/2022\/03\/Act-G.png\" alt=\"Act-G.png\"><\/figure>\n<figure><img decoding=\"async\" src=\"https:\/\/metrica6.xyz\/wp-content\/uploads\/2022\/03\/ACT-PR.png\" alt=\"ACT-PR.png\"><\/figure>\n<p>Anterior<br \/>\nSiguiente<\/p>\n<h2>M\u00f3dulo Activador<\/h2>\n<p style=\"text-align: center;\">&nbsp;Sirve para activar el sistema y cuenta con aviso luminoso para indicarnos que el agua caliente est\u00e1 disponible.<\/p>\n<p>\t\t\t\t\t\t\t\t\t\t\t\t<img decoding=\"async\" src=\"https:\/\/metrica6.xyz\/wp-content\/uploads\/elementor\/thumbs\/Modulo-potencia-pl9qk59a9w3pe22z3qoxr75xuhsjd5u1w8xwa8wrb4.png\" title=\"Modulo-potencia.png\" alt=\"Modulo-potencia.png\"><br \/>\n<img decoding=\"async\" src=\"https:\/\/metrica6.xyz\/wp-content\/uploads\/elementor\/thumbs\/Modulo-bypass-pl9qkennooy85ldjjpvq0jl7iy78jsdjy7ttfmxx6o.png\" title=\"Modulo-bypass.png\" alt=\"Modulo-bypass.png\"><\/p>\n<figure><img decoding=\"async\" src=\"https:\/\/metrica6.xyz\/wp-content\/uploads\/2022\/03\/Act-G.png\" alt=\"Act-G.png\"><\/figure>\n<figure><img decoding=\"async\" src=\"https:\/\/metrica6.xyz\/wp-content\/uploads\/2022\/03\/ACT-PR.png\" alt=\"ACT-PR.png\"><\/figure>\n<p>Anterior<br \/>\nSiguiente<\/p>\n<h2>M\u00f3dulo de Potencia<\/h2>\n<p style=\"text-align: center;\">Se instala en la entrada de agua fr\u00eda al calentador. Impulsa el agua caliente hac\u00eda el <b>M\u00f3dulo Bypass<\/b>.<\/p>\n<h2>M\u00f3dulo Bypass<\/h2>\n<p style=\"text-align: center;\">Sirve de uni\u00f3n entre tuber\u00edas de agua caliente y fr\u00eda mientras est\u00e1 activa la recirculaci\u00f3n.<\/p>\n<h2>M\u00f3dulo Activador<\/h2>\n<p style=\"text-align: center;\">&nbsp;Sirve para activar el sistema y cuenta con aviso luminoso para indicarnos que el agua caliente est\u00e1 disponible.<\/p>\n<div style=\"width: 640px;\" class=\"wp-video\"><video class=\"wp-video-shortcode\" id=\"video-6410-1\" width=\"640\" height=\"360\" preload=\"metadata\" controls=\"controls\"><source type=\"video\/mp4\" src=\"https:\/\/metrica6.xyz\/wp-content\/uploads\/2022\/03\/Funcionamiento-WAISENSE-COMFORT-3.mp4?_=1\" \/><a href=\"https:\/\/metrica6.xyz\/wp-content\/uploads\/2022\/03\/Funcionamiento-WAISENSE-COMFORT-3.mp4\">https:\/\/metrica6.xyz\/wp-content\/uploads\/2022\/03\/Funcionamiento-WAISENSE-COMFORT-3.mp4<\/a><\/video><\/div>\n<p>Existen, adem\u00e1s, tres m\u00f3dulos que se pueden colocar de forma alternativa o complementaria a los b\u00e1sicos, seg\u00fan el tipo de instalaci\u00f3n<\/p>\n<h2>M\u00f3dulo de  Alta Potencia<\/h2>\n<p style=\"text-align: center;\">Tiene la misma funci\u00f3n que el M\u00f3dulo de potencia, pero con prestaciones superiores de altura y caudal de agua m\u00e1ximos generados.<\/p>\n<h2>M\u00f3dulo Activador Aut\u00f3nomo<\/h2>\n<p style=\"text-align: center;\">La funci\u00f3n es la misma que el m\u00f3dulo activador, pero no necesita conexi\u00f3n a la red el\u00e9ctrica y funciona con pilas AA.<\/p>\n<h2>M\u00f3dulo Repetidor<\/h2>\n<p style=\"text-align: center;\">Aumenta la cobertura de la conexi\u00f3n inal\u00e1mbrica de los m\u00f3dulos.<\/p>\n<p>\t\t\t\t\t\t\t\t\t\t\t\t<img decoding=\"async\" src=\"https:\/\/metrica6.xyz\/wp-content\/uploads\/elementor\/thumbs\/Modulo-alta-potencia-pl9r8nvqjrgb4ps0c9mt102g9509t7h93kwwk5li80.png\" title=\"Modulo-alta-potencia.png\" alt=\"Modulo-alta-potencia.png\"><\/p>\n<figure><img decoding=\"async\" src=\"https:\/\/metrica6.xyz\/wp-content\/uploads\/2022\/03\/Modulo-activacion-autonomo-modelo-galindo-3.png\" alt=\"Modulo-activacion-autonomo-modelo-galindo-3.png\"><\/figure>\n<figure><img decoding=\"async\" src=\"https:\/\/metrica6.xyz\/wp-content\/uploads\/2022\/03\/Modulo-activacion-autonomo-modelo-presto-2.png\" alt=\"Modulo-activacion-autonomo-modelo-presto-2.png\"><\/figure>\n<p>Anterior<br \/>\nSiguiente<\/p>\n<figure><img decoding=\"async\" src=\"https:\/\/metrica6.xyz\/wp-content\/uploads\/2022\/03\/REP-G.png\" alt=\"REP-G.png\"><\/figure>\n<figure><img decoding=\"async\" src=\"https:\/\/metrica6.xyz\/wp-content\/uploads\/2022\/03\/REP-P.png\" alt=\"REP-P.png\"><\/figure>\n<p>Anterior<br \/>\nSiguiente<\/p>\n<p>Eficiencia y ahorro<\/p>\n<h2>NO ES SOLO confort<\/h2>\n<h2>Impacto econ\u00f3mico y medioambiental desde la primera gota<\/h2>\n<p>WAISENSE COMFORT es una tecnolog\u00eda eficiente que reporta un ahorro econ\u00f3mico y un impacto positivo en el medioambiente.<\/p>\n<p>Litros ahorrados\/a\u00f1o<br \/>\n\u20ac<br \/>\nAhorro agua\/a\u00f1o<br \/>\n\u20ac<br \/>\nConsumo energ\u00eda\/a\u00f1o<br \/>\nkg<br \/>\nReducci\u00f3n emisiones CO2\/a\u00f1o<br \/>\n<a href=\"https:\/\/waisense.com\/es\/waisense-comfort\/\" role=\"button\"><br \/>\nIr a WAISENSE<br \/>\n<\/a><\/p>","protected":false},"excerpt":{"rendered":"<p>M\u00e9trica6 presenta LA TECNOLOG\u00cdA QUE EVITA EL DESPERDICIO DE AGUA MIENTRAS ESPERAS QUE SE CALIENTE DESC\u00daBRELA Disfruta de los beneficios del agua inteligente WAISENSE es un&nbsp;es un conjunto de soluciones f\u00edsicas y digitales para aumentar la eficiencia h\u00eddrica en m\u00faltiples sectores,&nbsp;fruto de la innovaci\u00f3n tecnol\u00f3gica y experiencia de M\u00e9trica6. WAISENSE permite mejorar los procesos de&#8230;<\/p>","protected":false},"author":1,"featured_media":0,"parent":0,"menu_order":0,"comment_status":"closed","ping_status":"closed","template":"full_width.php","meta":{"_kadence_starter_templates_imported_post":false,"_kad_post_transparent":"","_kad_post_title":"","_kad_post_layout":"","_kad_post_sidebar_id":"","_kad_post_content_style":"","_kad_post_vertical_padding":"","_kad_post_feature":"","_kad_post_feature_position":"","_kad_post_header":false,"_kad_post_footer":false,"_kad_post_classname":"","footnotes":""},"class_list":["post-6410","page","type-page","status-publish","hentry"],"jetpack_sharing_enabled":true,"_links":{"self":[{"href":"https:\/\/metrica6.xyz\/en\/wp-json\/wp\/v2\/pages\/6410","targetHints":{"allow":["GET"]}}],"collection":[{"href":"https:\/\/metrica6.xyz\/en\/wp-json\/wp\/v2\/pages"}],"about":[{"href":"https:\/\/metrica6.xyz\/en\/wp-json\/wp\/v2\/types\/page"}],"author":[{"embeddable":true,"href":"https:\/\/metrica6.xyz\/en\/wp-json\/wp\/v2\/users\/1"}],"replies":[{"embeddable":true,"href":"https:\/\/metrica6.xyz\/en\/wp-json\/wp\/v2\/comments?post=6410"}],"version-history":[{"count":101,"href":"https:\/\/metrica6.xyz\/en\/wp-json\/wp\/v2\/pages\/6410\/revisions"}],"predecessor-version":[{"id":6722,"href":"https:\/\/metrica6.xyz\/en\/wp-json\/wp\/v2\/pages\/6410\/revisions\/6722"}],"wp:attachment":[{"href":"https:\/\/metrica6.xyz\/en\/wp-json\/wp\/v2\/media?parent=6410"}],"curies":[{"name":"wp","href":"https:\/\/api.w.org\/{rel}","templated":true}]}}