{"id":6,"date":"2018-05-16T08:22:09","date_gmt":"2018-05-16T08:22:09","guid":{"rendered":"http:\/\/metrica6.xyz\/?page_id=6"},"modified":"2026-02-17T10:02:56","modified_gmt":"2026-02-17T09:02:56","slug":"metrica6-bienvenido-diseno-de-producto-innovacion-ingenieria","status":"publish","type":"page","link":"https:\/\/metrica6.xyz\/en\/","title":{"rendered":"M\u00e9trica6"},"content":{"rendered":"<p>[vc_row css_animation=\u00bb\u00bb row_type=\u00bbrow\u00bb use_row_as_full_screen_section=\u00bbno\u00bb type=\u00bbfull_width\u00bb angled_section=\u00bbno\u00bb text_align=\u00bbleft\u00bb background_image_as_pattern=\u00bbwithout_pattern\u00bb][vc_column][smartslider3 slider=\u00bb2&#8243;][\/vc_column][\/vc_row]<\/p>\n<p>[vc_row css_animation=\u00bb\u00bb row_type=\u00bbrow\u00bb use_row_as_full_screen_section=\u00bbno\u00bb type=\u00bbfull_width\u00bb angled_section=\u00bbno\u00bb text_align=\u00bbleft\u00bb background_image_as_pattern=\u00bbwithout_pattern\u00bb css=\u00bb.vc_custom_1526622729683{padding-top: 2.5% !important;padding-bottom: 3.5% !important;}\u00bb z_index=\u00bb\u00bb][vc_column][vc_row_inner row_type=\u00bbrow\u00bb type=\u00bbgrid\u00bb text_align=\u00bbleft\u00bb css_animation=\u00bb\u00bb][vc_column_inner][vc_empty_space height=\u00bb16px\u00bb][vc_column_text]<\/p>\n<h2 style=\"text-align: center;\">\u00bfQU\u00c9 HACEMOS?<\/h2>\n<p>[\/vc_column_text][vc_empty_space][vc_column_text]<\/p>\n<p style=\"text-align: center;\"><strong><span style=\"color: #00aaff;\" data-darkreader-inline-color=\"\">M\u00e9trica6<\/span> es una empresa de I+D+ i especializada en ingenier\u00eda de desarrollo de producto (Hardware &amp; Software) y consultor\u00eda estrat\u00e9gica de innovaci\u00f3n.<\/strong> Para nosotros un problema es tan solo el inicio de una soluci\u00f3n.<\/p>\n<p>[\/vc_column_text][vc_empty_space height=\u00bb25px\u00bb][vc_column_text]<\/p>\n<p style=\"text-align: center;\">Somos maestros del aprendizaje, pues una empresa de I+D+i ha de estar siempre a la vanguardia y en constante evoluci\u00f3n. Esto nos permite estar al tanto de nuevas tecnolog\u00edas, mercados y herramientas para darte una soluci\u00f3n adecuada a cada momento, con la m\u00e1xima rentabilidad. Explora nuestra oferta, comparte nuestra filosof\u00eda y si no encuentras lo que buscas, expl\u00edcanoslo y te ayudaremos a conseguirlo para que nunca dejes de avanzar.<\/p>\n<p>[\/vc_column_text][\/vc_column_inner][\/vc_row_inner][\/vc_column][\/vc_row][vc_row css_animation=\u00bb\u00bb row_type=\u00bbrow\u00bb use_row_as_full_screen_section=\u00bbno\u00bb type=\u00bbfull_width\u00bb angled_section=\u00bbno\u00bb text_align=\u00bbleft\u00bb background_image_as_pattern=\u00bbwithout_pattern\u00bb css=\u00bb.vc_custom_1526623402171{padding-top: 4.5% !important;padding-bottom: 3.5% !important;background-color: #00aaff !important;}\u00bb z_index=\u00bb\u00bb][vc_column][vc_row_inner row_type=\u00bbrow\u00bb type=\u00bbgrid\u00bb text_align=\u00bbleft\u00bb css_animation=\u00bb\u00bb][vc_column_inner width=\u00bb1\/3&#8243;][icon_text box_type=\u00bbnormal\u00bb icon_type=\u00bbnormal\u00bb icon_position=\u00bbtop\u00bb icon_size=\u00bbfa-4x\u00bb use_custom_icon_size=\u00bbno\u00bb title=\u00bbPERSONALIZACION\u00bb title_tag=\u00bbh3&#8243; title_font_weight=\u00bb500&#8243; separator=\u00bbno\u00bb image=\u00bb1735&#8243; icon_color=\u00bb#ffffff\u00bb title_color=\u00bb#ffffff\u00bb][\/vc_column_inner][vc_column_inner width=\u00bb1\/3&#8243;][icon_text box_type=\u00bbnormal\u00bb icon_type=\u00bbnormal\u00bb icon_position=\u00bbtop\u00bb icon_size=\u00bbfa-4x\u00bb use_custom_icon_size=\u00bbno\u00bb title=\u00bbFIABILIDAD\u00bb title_tag=\u00bbh3&#8243; title_font_weight=\u00bb500&#8243; separator=\u00bbno\u00bb image=\u00bb1736&#8243; icon_color=\u00bb#ffffff\u00bb title_color=\u00bb#ffffff\u00bb][\/vc_column_inner][vc_column_inner width=\u00bb1\/3&#8243;][icon_text box_type=\u00bbnormal\u00bb icon_type=\u00bbnormal\u00bb icon_position=\u00bbtop\u00bb icon_size=\u00bbfa-4x\u00bb use_custom_icon_size=\u00bbno\u00bb title=\u00bbRENTABILIDAD\u00bb title_tag=\u00bbh3&#8243; title_font_weight=\u00bb500&#8243; separator=\u00bbno\u00bb image=\u00bb1737&#8243; icon_color=\u00bb#ffffff\u00bb title_color=\u00bb#ffffff\u00bb][\/vc_column_inner][\/vc_row_inner][\/vc_column][\/vc_row][vc_row css_animation=\u00bb\u00bb row_type=\u00bbrow\u00bb use_row_as_full_screen_section=\u00bbno\u00bb type=\u00bbfull_width\u00bb angled_section=\u00bbno\u00bb text_align=\u00bbleft\u00bb background_image_as_pattern=\u00bbwithout_pattern\u00bb css=\u00bb.vc_custom_1538581853528{padding-top: 4.5% !important;padding-bottom: 4.5% !important;}\u00bb z_index=\u00bb\u00bb][vc_column][vc_row_inner row_type=\u00bbrow\u00bb type=\u00bbgrid\u00bb text_align=\u00bbleft\u00bb css_animation=\u00bb\u00bb][vc_column_inner][vc_column_text]<\/p>\n<h2 style=\"text-align: center;\">NUESTROS SERVICIOS<\/h2>\n<p>[\/vc_column_text][vc_empty_space][vc_column_text]<\/p>\n<p style=\"text-align: center;\">No solo somos ingenieros consultores, nosotros construimos. Somos ideadores, fabricantes, estrategas, proyectistas, calculistas, asesores y hacedores de nuestros planes para que t\u00fa solo tengas que preocuparte de decirnos qu\u00e9 quieres conseguir con absoluta fiabilidad.<\/p>\n<p>[\/vc_column_text][\/vc_column_inner][\/vc_row_inner][vc_row_inner row_type=\u00bbrow\u00bb type=\u00bbgrid\u00bb text_align=\u00bbleft\u00bb css_animation=\u00bb\u00bb css=\u00bb.vc_custom_1539100474926{padding-top: 2em !important;padding-bottom: 3.5% !important;}\u00bb el_id=\u00bbingenieria-idi-pc\u00bb][vc_column_inner width=\u00bb1\/2&#8243;][vc_single_image image=\u00bb1744&#8243; img_size=\u00bbfull\u00bb alignment=\u00bbcenter\u00bb qode_css_animation=\u00bb\u00bb el_class=\u00bbimagen-servicios\u00bb][\/vc_column_inner][vc_column_inner width=\u00bb1\/2&#8243;][vc_column_text]<\/p>\n<h3>INGENIER\u00cdA<br \/>\nI+D+i<\/h3>\n<p>[\/vc_column_text][vc_empty_space height=\u00bb16px\u00bb][vc_column_text]Descubre el servicio integral de desarrollo de producto <strong>(Hardware &amp; Software)<\/strong> y sistemas de innovaci\u00f3n. Desde la idea original, pasando por el an\u00e1lisis y prototipado, hasta el dise\u00f1o final o demostrador de ideas. Experiencia e ilusi\u00f3n marcan nuestro trabajo.[\/vc_column_text][vc_empty_space height=\u00bb16px\u00bb][button size=\u00bbmedium\u00bb target=\u00bb_self\u00bb hover_type=\u00bbdefault\u00bb text=\u00bbVER M\u00c1S\u00bb color=\u00bb#ffffff\u00bb hover_color=\u00bb#00aaff\u00bb background_color=\u00bb#00aaff\u00bb hover_background_color=\u00bb#ffffff\u00bb border_color=\u00bbrgba(255,255,255,0.01)\u00bb border_radius=\u00bb0&#8243; link=\u00bbhttps:\/\/metrica6.xyz\/es\/los-servicios-de-metrica6\/\u00bb][\/vc_column_inner][\/vc_row_inner][vc_row_inner row_type=\u00bbrow\u00bb type=\u00bbgrid\u00bb text_align=\u00bbleft\u00bb css_animation=\u00bb\u00bb css=\u00bb.vc_custom_1539100483956{padding-top: 2em !important;padding-bottom: 3.5% !important;}\u00bb el_id=\u00bbingenieria-idi-mobile\u00bb][vc_column_inner][vc_single_image image=\u00bb1744&#8243; img_size=\u00bbfull\u00bb alignment=\u00bbcenter\u00bb qode_css_animation=\u00bb\u00bb el_class=\u00bbimagen-servicios\u00bb][\/vc_column_inner][vc_column_inner][vc_column_text]<\/p>\n<h3 style=\"text-align: center;\">INGENIER\u00cdA<br \/>\nI+D+i<\/h3>\n<p>[\/vc_column_text][vc_empty_space height=\u00bb16px\u00bb][vc_column_text]<\/p>\n<p style=\"text-align: center;\">Descubre el servicio integral de desarrollo de producto\u00a0y sistemas de innovaci\u00f3n. Desde la idea original, pasando por el an\u00e1lisis y prototipado, hasta el dise\u00f1o final. Experiencia e ilusi\u00f3n marcan nuestro trabajo.<\/p>\n<p>[\/vc_column_text][vc_empty_space height=\u00bb16px\u00bb][button size=\u00bbmedium\u00bb target=\u00bb_self\u00bb hover_type=\u00bbdefault\u00bb text_align=\u00bbcenter\u00bb text=\u00bbVER M\u00c1S\u00bb color=\u00bb#ffffff\u00bb hover_color=\u00bb#00aaff\u00bb background_color=\u00bb#00aaff\u00bb hover_background_color=\u00bb#ffffff\u00bb border_color=\u00bbrgba(255,255,255,0.01)\u00bb border_radius=\u00bb0&#8243; link=\u00bbhttps:\/\/metrica6.xyz\/es\/los-servicios-de-metrica6\/\u00bb][\/vc_column_inner][\/vc_row_inner][vc_row_inner row_type=\u00bbrow\u00bb type=\u00bbgrid\u00bb text_align=\u00bbright\u00bb css_animation=\u00bb\u00bb el_id=\u00bbconsultoria-estrategica-pc\u00bb][vc_column_inner width=\u00bb1\/2&#8243;][vc_column_text]<\/p>\n<h3 style=\"text-align: right;\">CONSULTOR\u00cdA ESTRAT\u00c9GICA<br \/>\nINNOVACI\u00d3N Y MARKETING<\/h3>\n<p>[\/vc_column_text][vc_empty_space height=\u00bb16px\u00bb][vc_column_text]<\/p>\n<p style=\"text-align: right;\">Impulsa tu proyecto en la faceta que necesites. Con una buena estrategia puedes lograr tus objetivos de manera r\u00e1pida y eficaz. Desde el estudio de mercado, pasando por una estrategia de marketing efectiva, hasta la elaboraci\u00f3n de un plan de negocios s\u00f3lido. T\u00fa exiges las metas, nosotros ponemos el camino.<\/p>\n<p>[\/vc_column_text][vc_empty_space height=\u00bb16px\u00bb][button size=\u00bbmedium\u00bb target=\u00bb_self\u00bb hover_type=\u00bbdefault\u00bb text_align=\u00bbright\u00bb text=\u00bbVER M\u00c1S\u00bb color=\u00bb#ffffff\u00bb hover_color=\u00bb#00aaff\u00bb background_color=\u00bb#00aaff\u00bb hover_background_color=\u00bb#ffffff\u00bb border_color=\u00bbrgba(255,255,255,0.01)\u00bb border_radius=\u00bb0&#8243; link=\u00bbhttps:\/\/metrica6.xyz\/es\/los-servicios-de-metrica6\/\u00bb][\/vc_column_inner][vc_column_inner width=\u00bb1\/2&#8243;][vc_single_image image=\u00bb2199&#8243; img_size=\u00bbfull\u00bb alignment=\u00bbcenter\u00bb qode_css_animation=\u00bb\u00bb el_class=\u00bbimagen-servicios\u00bb][\/vc_column_inner][\/vc_row_inner][vc_row_inner row_type=\u00bbrow\u00bb type=\u00bbgrid\u00bb text_align=\u00bbright\u00bb css_animation=\u00bb\u00bb el_id=\u00bbconsultoria-estrategica-mobile\u00bb][vc_column_inner][vc_single_image image=\u00bb2199&#8243; img_size=\u00bbfull\u00bb alignment=\u00bbcenter\u00bb qode_css_animation=\u00bb\u00bb el_class=\u00bbimagen-servicios\u00bb][vc_column_text]<\/p>\n<h3 style=\"text-align: center;\">CONSULTOR\u00cdA ESTRAT\u00c9GICA, INNOVACI\u00d3N Y MARKETING<\/h3>\n<p>[\/vc_column_text][vc_empty_space height=\u00bb16px\u00bb][vc_column_text]<\/p>\n<p style=\"text-align: center;\">Impulsa tu proyecto en la faceta que necesites. Con una buena estrategia puedes lograr tus objetivos de manera r\u00e1pida y eficaz. Desde el estudio de mercado, pasando por una estrategia de marketing efectiva, hasta la elaboraci\u00f3n de un plan de negocios s\u00f3lido. T\u00fa exiges las metas, nosotros ponemos el camino.<\/p>\n<p>[\/vc_column_text][vc_empty_space height=\u00bb16px\u00bb][button size=\u00bbmedium\u00bb target=\u00bb_self\u00bb hover_type=\u00bbdefault\u00bb text_align=\u00bbcenter\u00bb text=\u00bbVER M\u00c1S\u00bb color=\u00bb#ffffff\u00bb hover_color=\u00bb#00aaff\u00bb background_color=\u00bb#00aaff\u00bb hover_background_color=\u00bb#ffffff\u00bb border_color=\u00bbrgba(255,255,255,0.01)\u00bb border_radius=\u00bb0&#8243; link=\u00bbhttps:\/\/metrica6.xyz\/es\/los-servicios-de-metrica6\/\u00bb][\/vc_column_inner][vc_column_inner][\/vc_column_inner][\/vc_row_inner][\/vc_column][\/vc_row][vc_row css_animation=\u00bb\u00bb row_type=\u00bbrow\u00bb use_row_as_full_screen_section=\u00bbno\u00bb type=\u00bbfull_width\u00bb angled_section=\u00bbno\u00bb text_align=\u00bbleft\u00bb background_image_as_pattern=\u00bbwithout_pattern\u00bb z_index=\u00bb\u00bb css=\u00bb.vc_custom_1537868318520{padding-bottom: 3% !important;}\u00bb][vc_column][vc_row_inner row_type=\u00bbrow\u00bb type=\u00bbgrid\u00bb text_align=\u00bbleft\u00bb css_animation=\u00bb\u00bb][vc_column_inner][vc_column_text]<\/p>\n<h2 style=\"text-align: center;\">NUESTROS PRODUCTOS<\/h2>\n<p>[\/vc_column_text][vc_empty_space][vc_column_text]<\/p>\n<p style=\"text-align: center;\">M\u00e9trica6 pone a disposici\u00f3n de los usuarios los resultados de su portfolio de desarrollos tecnol\u00f3gicos internos y externos; una variedad de productos propios y de terceros cuyo denominador com\u00fan es la innovaci\u00f3n y la vanguardia.<\/p>\n<p>[\/vc_column_text][\/vc_column_inner][\/vc_row_inner][vc_row_inner row_type=\u00bbrow\u00bb type=\u00bbgrid\u00bb text_align=\u00bbleft\u00bb css_animation=\u00bb\u00bb css=\u00bb.vc_custom_1539101410640{padding-top: 2em !important;padding-bottom: 3.5% !important;}\u00bb el_id=\u00bbtecnologias-desarrolladas-pc\u00bb][vc_column_inner el_class=\u00bbtecnologias-desarrolladas\u00bb width=\u00bb1\/2&#8243;][INSERT_ELEMENTOR id=4504][\/vc_column_inner][vc_column_inner width=\u00bb1\/2&#8243;][vc_column_text]<\/p>\n<h3>TECNOLOG\u00cdAS<br \/>\nDESARROLLADAS<\/h3>\n<p>[\/vc_column_text][vc_empty_space height=\u00bb16px\u00bb][vc_column_text] Descubre nuestros sistemas de ahorro de agua Tecnolog\u00eda NESS y nuestro sistema para la higiene contra la COVID-19, \u00abANGEL\u00bb. Estas tecnolog\u00edas desarrolladas son el resultado del portfolio de proyectos de I+D+i propia y para clientes que conf\u00edan en nuestro talento para impulsar su negocio.[\/vc_column_text][vc_empty_space height=\u00bb16px\u00bb][button size=\u00bbmedium\u00bb target=\u00bb_self\u00bb hover_type=\u00bbdefault\u00bb text=\u00bbVER M\u00c1S\u00bb color=\u00bb#ffffff\u00bb hover_color=\u00bb#00aaff\u00bb background_color=\u00bb#00aaff\u00bb hover_background_color=\u00bb#ffffff\u00bb border_color=\u00bbrgba(255,255,255,0.01)\u00bb border_radius=\u00bb0&#8243; link=\u00bbhttps:\/\/metrica6.xyz\/es\/productos-de-metrica6\/\u00bb][\/vc_column_inner][\/vc_row_inner][vc_row_inner row_type=\u00bbrow\u00bb type=\u00bbgrid\u00bb text_align=\u00bbleft\u00bb css_animation=\u00bb\u00bb css=\u00bb.vc_custom_1539101417680{padding-top: 2em !important;padding-bottom: 3.5% !important;}\u00bb el_id=\u00bbtecnologias-desarrolladas-mobile\u00bb][vc_column_inner el_class=\u00bbtecnologias-desarrolladas\u00bb][INSERT_ELEMENTOR id=4504][\/vc_column_inner][vc_column_inner][vc_column_text]<\/p>\n<h3 style=\"text-align: center;\">TECNOLOG\u00cdAS<br \/>\nDESARROLLADAS<\/h3>\n<p>[\/vc_column_text][vc_empty_space height=\u00bb16px\u00bb][vc_column_text]<\/p>\n<p style=\"text-align: center;\">Descubre nuestros sistemas de ahorro de agua Tecnolog\u00eda NESS y nuestro sistema para la higiene contra la COVID-19, \u00abANGEL\u00bb. Estas tecnolog\u00edas desarrolladas son el resultado del portfolio de proyectos de I+D+i propia y para clientes que conf\u00edan en nuestro talento para impulsar su negocio.<\/p>\n<p>[\/vc_column_text][vc_empty_space height=\u00bb16px\u00bb][button size=\u00bbmedium\u00bb target=\u00bb_self\u00bb hover_type=\u00bbdefault\u00bb text_align=\u00bbcenter\u00bb text=\u00bbVER M\u00c1S\u00bb color=\u00bb#ffffff\u00bb hover_color=\u00bb#00aaff\u00bb background_color=\u00bb#00aaff\u00bb hover_background_color=\u00bb#ffffff\u00bb border_color=\u00bbrgba(255,255,255,0.01)\u00bb border_radius=\u00bb0&#8243; link=\u00bbhttps:\/\/metrica6.xyz\/es\/productos-de-metrica6\/\u00bb][\/vc_column_inner][\/vc_row_inner][vc_row_inner row_type=\u00bbrow\u00bb type=\u00bbgrid\u00bb text_align=\u00bbright\u00bb css_animation=\u00bb\u00bb el_id=\u00bbtienda-pc\u00bb][vc_column_inner width=\u00bb1\/2&#8243;][vc_column_text]<\/p>\n<h3 style=\"text-align: right;\">TIENDA<\/h3>\n<p>[\/vc_column_text][vc_empty_space height=\u00bb16px\u00bb][vc_column_text]<\/p>\n<p style=\"text-align: right;\">Visita la Tienda de M\u00e9trica6, el espacio comercial donde podr\u00e1s encontrar una amplia gama de interesantes productos propios y otros desarrollados para nuestros clientes, junto a creaciones de otros fabricantes en un completo cat\u00e1logo donde destacan la tecnolog\u00eda, el dise\u00f1o, el confort y el medioambiente.<\/p>\n<p>[\/vc_column_text][vc_empty_space height=\u00bb16px\u00bb][button size=\u00bbmedium\u00bb target=\u00bb_blank\u00bb hover_type=\u00bbdefault\u00bb text_align=\u00bbright\u00bb text=\u00bbVER M\u00c1S\u00bb color=\u00bb#ffffff\u00bb hover_color=\u00bb#00aaff\u00bb background_color=\u00bb#00aaff\u00bb hover_background_color=\u00bb#ffffff\u00bb border_color=\u00bbrgba(255,255,255,0.01)\u00bb border_radius=\u00bb0&#8243; link=\u00bbhttps:\/\/metrica6.xyz\/es\/tienda-metrica6\/\u00bb][\/vc_column_inner][vc_column_inner width=\u00bb1\/2&#8243;][vc_single_image image=\u00bb4637&#8243; img_size=\u00bbfull\u00bb alignment=\u00bbcenter\u00bb qode_css_animation=\u00bb\u00bb el_class=\u00bbimagen-servicios\u00bb][\/vc_column_inner][\/vc_row_inner][vc_row_inner row_type=\u00bbrow\u00bb type=\u00bbgrid\u00bb text_align=\u00bbright\u00bb css_animation=\u00bb\u00bb el_id=\u00bbtienda-mobile\u00bb][vc_column_inner][vc_single_image image=\u00bb4637&#8243; img_size=\u00bbfull\u00bb alignment=\u00bbcenter\u00bb qode_css_animation=\u00bb\u00bb el_class=\u00bbimagen-servicios\u00bb][\/vc_column_inner][vc_column_inner][vc_column_text]<\/p>\n<h3 style=\"text-align: center;\">TIENDA<\/h3>\n<p>[\/vc_column_text][vc_empty_space height=\u00bb16px\u00bb][vc_column_text]<\/p>\n<p style=\"text-align: center;\">Visita la Tienda de M\u00e9trica6, el espacio comercial donde podr\u00e1s encontrar una amplia gama de interesantes productos propios y otros desarrollados para nuestros clientes, junto a creaciones de otros fabricantes en un completo cat\u00e1logo donde destacan la tecnolog\u00eda, el dise\u00f1o, el confort y el medioambiente.<\/p>\n<p>[\/vc_column_text][vc_empty_space height=\u00bb16px\u00bb][button size=\u00bbmedium\u00bb target=\u00bb_blank\u00bb hover_type=\u00bbdefault\u00bb text_align=\u00bbcenter\u00bb text=\u00bbVER M\u00c1S\u00bb color=\u00bb#ffffff\u00bb hover_color=\u00bb#00aaff\u00bb background_color=\u00bb#00aaff\u00bb hover_background_color=\u00bb#ffffff\u00bb border_color=\u00bbrgba(255,255,255,0.01)\u00bb border_radius=\u00bb0&#8243; link=\u00bbhttps:\/\/metrica6.xyz\/es\/tienda-metrica6\/\u00bb][\/vc_column_inner][\/vc_row_inner][vc_row_inner row_type=\u00bbrow\u00bb type=\u00bbgrid\u00bb text_align=\u00bbleft\u00bb css_animation=\u00bb\u00bb el_id=\u00bbFEDER\u00bb][vc_column_inner][vc_empty_space height=\u00bb52px\u00bb][vc_separator type=\u00bbnormal\u00bb][vc_empty_space height=\u00bb22px\u00bb][vc_column_text el_class=\u00bbfeder\u00bb ]<\/p>\n<p>\u201cM\u00e9trica6 Ingenier\u00eda y Desarrollos SL ha sido beneficiaria del Fondo Europeo de Desarrollo Regional cuyo objetivo es mejorar el uso y la calidad de las tecnolog\u00edas de la informaci\u00f3n y de las comunicaciones y el acceso a las mismas y gracias al que ha implantado una soluci\u00f3n CRM para la mejora de la estructura del modelo de negocio asi como una mejor acceso al cliente final. Diciembre de 2022. Para ello ha contado con el apoyo del Programa de TIC C\u00e1maras de la C\u00e1mara de Comercio de M\u00e1laga.\u201d<\/p>\n<p>[vc_empty_space height=\u00bb20px\u00bb]<\/p>\n<h3><\/h3>\n<h3>MUCHOS YA CONF\u00cdAN EN NOSOTROS<\/h3>\n<p>\u00bb border=\u00bbno\u00bb background_color=\u00bb#ffffff\u00bb title_color=\u00bb#303030&#8243;][\/vc_column_inner][\/vc_row_inner][vc_row_inner row_type=\u00bbrow\u00bb type=\u00bbgrid\u00bb text_align=\u00bbleft\u00bb css_animation=\u00bb\u00bb css=\u00bb.vc_custom_1539623343579{margin-top: 15px !important;}\u00bb][vc_column_inner el_class=\u00bbpartners\u00bb offset=\u00bbvc_hidden-xs\u00bb][vc_empty_space height=\u00bb44px\u00bb][qode_carousel carousel=\u00bbpartners\u00bb number_of_visible_items=\u00bb\u00bb show_in_two_rows=\u00bbyes\u00bb][vc_empty_space][\/vc_column_inner][\/vc_row_inner][vc_row_inner row_type=\u00bbrow\u00bb type=\u00bbgrid\u00bb text_align=\u00bbleft\u00bb css_animation=\u00bb\u00bb css=\u00bb.vc_custom_1540378215781{margin-top: 60px !important;}\u00bb][vc_column_inner el_class=\u00bbpartners\u00bb offset=\u00bbvc_hidden-lg vc_hidden-md vc_hidden-sm\u00bb][vc_empty_space height=\u00bb44px\u00bb][qode_carousel carousel=\u00bbpartners\u00bb number_of_visible_items=\u00bb\u00bb show_in_two_rows=\u00bbyes\u00bb][vc_empty_space][\/vc_column_inner][\/vc_row_inner][\/vc_column][\/vc_row]<\/p>\n","protected":false},"excerpt":{"rendered":"<p>[vc_row css_animation=\u00bb\u00bb row_type=\u00bbrow\u00bb use_row_as_full_screen_section=\u00bbno\u00bb type=\u00bbfull_width\u00bb angled_section=\u00bbno\u00bb text_align=\u00bbleft\u00bb background_image_as_pattern=\u00bbwithout_pattern\u00bb][vc_column][smartslider3 slider=\u00bb2&#8243;][\/vc_column][\/vc_row] [vc_row css_animation=\u00bb\u00bb row_type=\u00bbrow\u00bb use_row_as_full_screen_section=\u00bbno\u00bb type=\u00bbfull_width\u00bb angled_section=\u00bbno\u00bb text_align=\u00bbleft\u00bb background_image_as_pattern=\u00bbwithout_pattern\u00bb css=\u00bb.vc_custom_1526622729683{padding-top: 2.5% !important;padding-bottom: 3.5% !important;}\u00bb z_index=\u00bb\u00bb][vc_column][vc_row_inner row_type=\u00bbrow\u00bb type=\u00bbgrid\u00bb text_align=\u00bbleft\u00bb css_animation=\u00bb\u00bb][vc_column_inner][vc_empty_space height=\u00bb16px\u00bb][vc_column_text] \u00bfQU\u00c9 HACEMOS? [\/vc_column_text][vc_empty_space][vc_column_text] M\u00e9trica6 es una empresa de I+D+ i especializada en ingenier\u00eda de desarrollo de producto (Hardware &amp; Software) y consultor\u00eda estrat\u00e9gica de innovaci\u00f3n. Para nosotros&#8230;<\/p>\n","protected":false},"author":1,"featured_media":0,"parent":0,"menu_order":0,"comment_status":"closed","ping_status":"closed","template":"full_width.php","meta":{"_kadence_starter_templates_imported_post":false,"_kad_post_transparent":"","_kad_post_title":"","_kad_post_layout":"","_kad_post_sidebar_id":"","_kad_post_content_style":"","_kad_post_vertical_padding":"","_kad_post_feature":"","_kad_post_feature_position":"","_kad_post_header":false,"_kad_post_footer":false,"_kad_post_classname":"","footnotes":""},"class_list":["post-6","page","type-page","status-publish","hentry"],"jetpack_sharing_enabled":true,"_links":{"self":[{"href":"https:\/\/metrica6.xyz\/en\/wp-json\/wp\/v2\/pages\/6","targetHints":{"allow":["GET"]}}],"collection":[{"href":"https:\/\/metrica6.xyz\/en\/wp-json\/wp\/v2\/pages"}],"about":[{"href":"https:\/\/metrica6.xyz\/en\/wp-json\/wp\/v2\/types\/page"}],"author":[{"embeddable":true,"href":"https:\/\/metrica6.xyz\/en\/wp-json\/wp\/v2\/users\/1"}],"replies":[{"embeddable":true,"href":"https:\/\/metrica6.xyz\/en\/wp-json\/wp\/v2\/comments?post=6"}],"version-history":[{"count":44,"href":"https:\/\/metrica6.xyz\/en\/wp-json\/wp\/v2\/pages\/6\/revisions"}],"predecessor-version":[{"id":8275,"href":"https:\/\/metrica6.xyz\/en\/wp-json\/wp\/v2\/pages\/6\/revisions\/8275"}],"wp:attachment":[{"href":"https:\/\/metrica6.xyz\/en\/wp-json\/wp\/v2\/media?parent=6"}],"curies":[{"name":"wp","href":"https:\/\/api.w.org\/{rel}","templated":true}]}}