{"id":3842,"date":"2020-09-22T08:35:53","date_gmt":"2020-09-22T06:35:53","guid":{"rendered":"http:\/\/metrica6.xyz\/?page_id=3842"},"modified":"2020-12-10T08:20:44","modified_gmt":"2020-12-10T07:20:44","slug":"dispensador-gel-hidroalcoholico-angel","status":"publish","type":"page","link":"https:\/\/metrica6.xyz\/en\/dispensador-gel-hidroalcoholico-angel\/","title":{"rendered":"Dispensador autom\u00e1tico de gel hidroalcoh\u00f3lico ANGEL"},"content":{"rendered":"<h2>DISPENSADOR DE GEL hidroalcoh\u00f3lico <br \/>\u00abANGEL\u00bb<\/h2>\n<p>\t\t\t\t\t\t\t\t\t\t<img decoding=\"async\" width=\"475\" height=\"889\" src=\"https:\/\/metrica6.xyz\/wp-content\/uploads\/2020\/09\/Dispensador-angel.jpg\" alt=\"Dispensador autom\u00e1tico de gel hidroalcoh\u00f3lico\" loading=\"lazy\" srcset=\"https:\/\/metrica6.xyz\/wp-content\/uploads\/2020\/09\/Dispensador-angel.jpg 475w, https:\/\/metrica6.xyz\/wp-content\/uploads\/2020\/09\/Dispensador-angel-160x300.jpg 160w\" sizes=\"auto, (max-width: 475px) 100vw, 475px\" \/>\t\t\t\t\t\t\t\t\t\t\t<\/p>\n<h3 style=\"text-align: center;\">EL DISPENSADOR SMART DE M\u00c9TRICA6<\/h3>\n<p>\u00a0<\/p>\n<p>\u00a0<\/p>\n<p><strong style=\"font-size: 16px;\">ANGEL<\/strong> es un <strong style=\"font-size: 16px;\">dispensador inteligente<\/strong> y <strong style=\"font-size: 16px;\">autom\u00e1tico<\/strong> de <strong style=\"font-size: 16px;\">gel hidroalcoh\u00f3lico<\/strong>, dise\u00f1ado con el objetivo de garantizar la salud e higiene de clientes y trabajadores de cada establecimiento, lugar p\u00fablico o empresa donde se instale, potenciando la <strong style=\"font-size: 16px;\">lucha contra la COVID-19<\/strong> y otras enfermedades infecciosas, para <strong style=\"font-size: 16px;\">cumplir con la normativa vigente<\/strong>.<\/p>\n<p>\u00a0<\/p>\n<p>El dispositivo cuenta con una tecnolog\u00eda dise\u00f1ada por <strong>M\u00e9trica6<\/strong>, empresa especializada en el desarrollo y fabricaci\u00f3n de soluciones innovadoras. <strong>ANGEL<\/strong> es <strong>fabricado en Espa\u00f1a<\/strong> y distribuido en todo el territorio nacional, apoyando a la industria y al comercio local.<\/p>\n<p>\t\t\t<a href=\"#compra\" role=\"button\"><br \/>\n\t\t\t\t\t\tComprar<br \/>\n\t\t\t\t\t<\/a><\/p>\n<h2>Caracter\u00edsticas<\/h2>\n<h3>URBANO<\/h3>\n<p>Para interiores y exteriores,\u00a0mejorando la confianza\u00a0del p\u00fablico. <strong>Atrae nuevos\u00a0<\/strong><strong>clientes<\/strong> desde el exterior.<\/p>\n<h3>ECON\u00d3MICO Y ECOL\u00d3GICO<\/h3>\n<p>Rellena su dep\u00f3sito de 10\u00a0litros <strong>ahorrando hasta un 70%<\/strong> respecto a los dispensadores individuales y de menor tama\u00f1o.<\/p>\n<h3>PERSONALIZABLE<\/h3>\n<p>Mediante vinilos, QR y otros accesorios. <b>Ad\u00e1ptalo a tu imagen de marca <\/b>y promociona la seguridad de tu establecimiento.<\/p>\n<h2>ventajas<\/h2>\n<p>\t\t\t\t\t\t\t\t\t\t<img decoding=\"async\" width=\"700\" height=\"700\" src=\"https:\/\/metrica6.xyz\/wp-content\/uploads\/2020\/09\/control-dispositivo.png\" alt=\"\" loading=\"lazy\" srcset=\"https:\/\/metrica6.xyz\/wp-content\/uploads\/2020\/09\/control-dispositivo.png 700w, https:\/\/metrica6.xyz\/wp-content\/uploads\/2020\/09\/control-dispositivo-300x300.png 300w, https:\/\/metrica6.xyz\/wp-content\/uploads\/2020\/09\/control-dispositivo-150x150.png 150w, https:\/\/metrica6.xyz\/wp-content\/uploads\/2020\/09\/control-dispositivo-570x570.png 570w, https:\/\/metrica6.xyz\/wp-content\/uploads\/2020\/09\/control-dispositivo-500x500.png 500w, https:\/\/metrica6.xyz\/wp-content\/uploads\/2020\/09\/control-dispositivo-600x600.png 600w, https:\/\/metrica6.xyz\/wp-content\/uploads\/2020\/09\/control-dispositivo-100x100.png 100w\" sizes=\"auto, (max-width: 700px) 100vw, 700px\" \/>\t\t\t\t\t\t\t\t\t\t\t<\/p>\n<h3>Control del dispositivo<br \/> en la parte trasera<\/h3>\n<p>\t\t\t\t\t\t\t\t\t\t<img decoding=\"async\" width=\"700\" height=\"700\" src=\"https:\/\/metrica6.xyz\/wp-content\/uploads\/2020\/09\/dispensador-de-gel-sin-contacto2.png\" alt=\"dispensador de gel hidroalcoh\u00f3lico ANGEL\" loading=\"lazy\" srcset=\"https:\/\/metrica6.xyz\/wp-content\/uploads\/2020\/09\/dispensador-de-gel-sin-contacto2.png 700w, https:\/\/metrica6.xyz\/wp-content\/uploads\/2020\/09\/dispensador-de-gel-sin-contacto2-300x300.png 300w, https:\/\/metrica6.xyz\/wp-content\/uploads\/2020\/09\/dispensador-de-gel-sin-contacto2-100x100.png 100w, https:\/\/metrica6.xyz\/wp-content\/uploads\/2020\/09\/dispensador-de-gel-sin-contacto2-600x600.png 600w, https:\/\/metrica6.xyz\/wp-content\/uploads\/2020\/09\/dispensador-de-gel-sin-contacto2-150x150.png 150w, https:\/\/metrica6.xyz\/wp-content\/uploads\/2020\/09\/dispensador-de-gel-sin-contacto2-570x570.png 570w, https:\/\/metrica6.xyz\/wp-content\/uploads\/2020\/09\/dispensador-de-gel-sin-contacto2-500x500.png 500w\" sizes=\"auto, (max-width: 700px) 100vw, 700px\" \/>\t\t\t\t\t\t\t\t\t\t\t<\/p>\n<h3>Activaci\u00f3n sin <br \/> necesidad de tocar<\/h3>\n<p>\t\t\t\t\t\t\t\t\t\t<img decoding=\"async\" width=\"700\" height=\"700\" src=\"https:\/\/metrica6.xyz\/wp-content\/uploads\/2020\/09\/embudo-relleno.png\" alt=\"dispensador de gel hidroalcoh\u00f3lico ANGEL\" loading=\"lazy\" srcset=\"https:\/\/metrica6.xyz\/wp-content\/uploads\/2020\/09\/embudo-relleno.png 700w, https:\/\/metrica6.xyz\/wp-content\/uploads\/2020\/09\/embudo-relleno-300x300.png 300w, https:\/\/metrica6.xyz\/wp-content\/uploads\/2020\/09\/embudo-relleno-150x150.png 150w, https:\/\/metrica6.xyz\/wp-content\/uploads\/2020\/09\/embudo-relleno-570x570.png 570w, https:\/\/metrica6.xyz\/wp-content\/uploads\/2020\/09\/embudo-relleno-500x500.png 500w, https:\/\/metrica6.xyz\/wp-content\/uploads\/2020\/09\/embudo-relleno-600x600.png 600w, https:\/\/metrica6.xyz\/wp-content\/uploads\/2020\/09\/embudo-relleno-100x100.png 100w\" sizes=\"auto, (max-width: 700px) 100vw, 700px\" \/>\t\t\t\t\t\t\t\t\t\t\t<\/p>\n<h3>Embudo para rellenar oculto en la bandeja<\/h3>\n<h2>dimensiones<\/h2>\n<p>\t\t\t\t\t\t\t\t\t\t<img decoding=\"async\" width=\"705\" height=\"1000\" src=\"https:\/\/metrica6.xyz\/wp-content\/uploads\/2020\/09\/Medidas-dispensador-angel.png\" alt=\"dispensador de gel hidroalcoh\u00f3lico ANGEL\" loading=\"lazy\" srcset=\"https:\/\/metrica6.xyz\/wp-content\/uploads\/2020\/09\/Medidas-dispensador-angel.png 705w, https:\/\/metrica6.xyz\/wp-content\/uploads\/2020\/09\/Medidas-dispensador-angel-212x300.png 212w, https:\/\/metrica6.xyz\/wp-content\/uploads\/2020\/09\/Medidas-dispensador-angel-700x993.png 700w, https:\/\/metrica6.xyz\/wp-content\/uploads\/2020\/09\/Medidas-dispensador-angel-600x851.png 600w\" sizes=\"auto, (max-width: 705px) 100vw, 705px\" \/>\t\t\t\t\t\t\t\t\t\t\t<\/p>\n<h2>datos t\u00e9cnicos<\/h2>\n<ul>\n<li>Volumen de descarga: &lt;0,8 ml.<\/li>\n<li>Capacidad del dep\u00f3sito: 10 litros.<\/li>\n<li>Duraci\u00f3n del dep\u00f3sito: m\u00e1s de 4 meses con 100 descargas al d\u00eda.<\/li>\n<li>Sensores: para la descarga y para alertar de bajo nivel del dep\u00f3sito.<\/li>\n<li>Interfaz: botones y LED trasero que indica el estado de funcionamiento. Desde que se avisa del bajo nivel de gel en el dep\u00f3sito, quedar\u00e1n a\u00fan m\u00e1s de 1000 descargas.<\/li>\n<li>Consumo el\u00e9ctrico: 1Wh.<\/li>\n<li>Peso: 25kg con el dep\u00f3sito lleno.<\/li>\n<li>Ruedas: 360\u00ba con freno.<\/li>\n<\/ul>\n<p>\t\t\t\t\t\t\t\t\t\t\t<a href=\"https:\/\/metrica6.xyz\/wp-content\/uploads\/2020\/09\/Dossier_Dispensador_Andasan_V4.pdf\"><br \/>\n\t\t\t\t\t\t\t<img decoding=\"async\" width=\"600\" height=\"815\" src=\"https:\/\/metrica6.xyz\/wp-content\/uploads\/2020\/09\/Dossier_Andasan_portada.jpg\" alt=\"\" loading=\"lazy\" srcset=\"https:\/\/metrica6.xyz\/wp-content\/uploads\/2020\/09\/Dossier_Andasan_portada.jpg 600w, https:\/\/metrica6.xyz\/wp-content\/uploads\/2020\/09\/Dossier_Andasan_portada-221x300.jpg 221w\" sizes=\"auto, (max-width: 600px) 100vw, 600px\" \/>\t\t\t\t\t\t\t\t<\/a><br \/>\n\t\t\t<a href=\"https:\/\/metrica6.xyz\/wp-content\/uploads\/2020\/09\/Dossier_Dispensador_Andasan_V4.pdf\" role=\"button\"><br \/>\n\t\t\t\t\t\tPULSA AQU\u00cd PARA DESCARGAR EL DOSSIER COMPLETO<br \/>\n\t\t\t\t\t<\/a><\/p>\n<h2>productos y servicios \u00abANGEL\u00bb<\/h2>\n<p>\t\t[products category=\u00bbhigiene-covid-19&#8243;]\t\t<\/p>\n<h2>TE AYUDAMOS A QUE CONTINUAR CON TU ACTIVIDAD SEA M\u00c1S SENCILLO<\/h2>\n","protected":false},"excerpt":{"rendered":"<p>DISPENSADOR DE GEL hidroalcoh\u00f3lico \u00abANGEL\u00bb EL DISPENSADOR SMART DE M\u00c9TRICA6 \u00a0 \u00a0 ANGEL es un dispensador inteligente y autom\u00e1tico de gel hidroalcoh\u00f3lico, dise\u00f1ado con el objetivo de garantizar la salud e higiene de clientes y trabajadores de cada establecimiento, lugar p\u00fablico o empresa donde se instale, potenciando la lucha contra la COVID-19 y otras enfermedades&#8230;<\/p>","protected":false},"author":1,"featured_media":0,"parent":0,"menu_order":0,"comment_status":"closed","ping_status":"closed","template":"full_width.php","meta":{"_kadence_starter_templates_imported_post":false,"_kad_post_transparent":"","_kad_post_title":"","_kad_post_layout":"","_kad_post_sidebar_id":"","_kad_post_content_style":"","_kad_post_vertical_padding":"","_kad_post_feature":"","_kad_post_feature_position":"","_kad_post_header":false,"_kad_post_footer":false,"_kad_post_classname":"","footnotes":""},"class_list":["post-3842","page","type-page","status-publish","hentry"],"jetpack_sharing_enabled":true,"_links":{"self":[{"href":"https:\/\/metrica6.xyz\/en\/wp-json\/wp\/v2\/pages\/3842","targetHints":{"allow":["GET"]}}],"collection":[{"href":"https:\/\/metrica6.xyz\/en\/wp-json\/wp\/v2\/pages"}],"about":[{"href":"https:\/\/metrica6.xyz\/en\/wp-json\/wp\/v2\/types\/page"}],"author":[{"embeddable":true,"href":"https:\/\/metrica6.xyz\/en\/wp-json\/wp\/v2\/users\/1"}],"replies":[{"embeddable":true,"href":"https:\/\/metrica6.xyz\/en\/wp-json\/wp\/v2\/comments?post=3842"}],"version-history":[{"count":11,"href":"https:\/\/metrica6.xyz\/en\/wp-json\/wp\/v2\/pages\/3842\/revisions"}],"predecessor-version":[{"id":5167,"href":"https:\/\/metrica6.xyz\/en\/wp-json\/wp\/v2\/pages\/3842\/revisions\/5167"}],"wp:attachment":[{"href":"https:\/\/metrica6.xyz\/en\/wp-json\/wp\/v2\/media?parent=3842"}],"curies":[{"name":"wp","href":"https:\/\/api.w.org\/{rel}","templated":true}]}}