{"id":2977,"date":"2018-11-07T07:50:16","date_gmt":"2018-11-07T06:50:16","guid":{"rendered":"http:\/\/metrica6.xyz\/?page_id=2977"},"modified":"2020-10-30T13:13:37","modified_gmt":"2020-10-30T12:13:37","slug":"aviso-legal","status":"publish","type":"page","link":"https:\/\/metrica6.xyz\/en\/aviso-legal\/","title":{"rendered":"Aviso Legal"},"content":{"rendered":"<p>[vc_row css_animation=\u00bb\u00bb row_type=\u00bbrow\u00bb use_row_as_full_screen_section=\u00bbno\u00bb type=\u00bbfull_width\u00bb angled_section=\u00bbno\u00bb text_align=\u00bbleft\u00bb background_image_as_pattern=\u00bbwithout_pattern\u00bb css=\u00bb.vc_custom_1537945044274{padding-bottom: 3% !important;}\u00bb z_index=\u00bb\u00bb][vc_column][vc_column_text]<\/p>\n<h4 style=\"text-align: center; padding-bottom: 20px;\"><strong>AVISO LEGAL<\/strong><\/h4>\n<p style=\"padding: 20px 0;\"><strong>1. DATOS IDENTIFICATIVOS:<\/strong> En cumplimiento con el deber de informaci\u00f3n recogido en art\u00edculo 10 de la Ley 34\/2002, de 11 de julio, de Servicios de la Sociedad de la Informaci\u00f3n y del Comercio Electr\u00f3nico, a continuaci\u00f3n, se reflejan los siguientes datos: el titular del dominio web es <strong>M\u00e9trica6 Ingenier\u00eda y Desarrollos S.L.<\/strong> (en adelante <strong>M\u00e9trica6<\/strong>) con CIF: B93288207 y domicilio fiscal a estos efectos en <strong>M\u00e9trica6 Ingenier\u00eda y Desarrollos S.L. Parque Tecnol\u00f3gico de Andaluc\u00eda \u00b7 Av. Juan L\u00f3pez Pe\u00f1alver 17, planta baja, Of 3 dcha &#8211; M\u00e1laga 29590<\/strong> Correo electr\u00f3nico de contacto: <a href=\"mailto:info@metrica6.es\"><strong>info@metrica6.es<\/strong><\/a> del sitio web.<\/p>\n<p style=\"padding: 20px 0;\"><strong>2. USUARIOS:<\/strong> El acceso y\/o uso de este portal de <strong>M\u00e9trica6<\/strong> propietaria del sitio web atribuye la condici\u00f3n de USUARIO, que acepta, desde dicho acceso y\/o uso, las Condiciones Generales de Uso aqu\u00ed reflejadas. Las citadas Condiciones ser\u00e1n de aplicaci\u00f3n independientemente de las Condiciones Generales de Contrataci\u00f3n que en su caso resulten de obligado cumplimiento.<\/p>\n<p style=\"padding: 20px 0;\"><strong>3. USO DEL PORTAL:<\/strong> www.metrica6.es proporciona el acceso a multitud de informaciones, servicios, programas o datos (en adelante, \u00ablos contenidos\u00bb) en Internet pertenecientes a <strong>M\u00e9trica6<\/strong> o a sus licenciantes a los que el USUARIO pueda tener acceso. El USUARIO asume la responsabilidad del uso del portal.<\/p>\n<p style=\"padding: 20px 0;\"><strong>4. PROTECCI\u00d3N DE DATOS:<\/strong> <strong>M\u00e9trica6<\/strong> cumple con las directrices del Reglamento Europeo de Protecci\u00f3n de Datos 2016\/679 del 27 de abril de 2016 y dem\u00e1s normativa que garantiza un correcto uso y tratamiento de los datos personales del usuario. Puede ejercer sus derechos sus derechos de acceso, rectificaci\u00f3n, supresi\u00f3n, limitaci\u00f3n del tratamiento, portabilidad u oposici\u00f3n, mediante correo electr\u00f3nico a \u201c<a href=\"mailto:info@metrica6.es\"><strong>info@metrica6.es<\/strong><\/a>\u201d, la finalidad del tratamiento ser\u00e1 contactar con los usuarios para facilitarle informaci\u00f3n de los servicios ofrecidos por la empresa, as\u00ed como su tratamiento como clientes. Mediante la presente cl\u00e1usula le informamos que puede realizar cualquier tipo de reclamaci\u00f3n ante la autoridad de control, la Agencia Espa\u00f1ola de Protecci\u00f3n de Datos. Asimismo, <strong>M\u00e9trica6<\/strong> informa que conservar\u00e1 sus datos personales siempre que la finalidad de la cesi\u00f3n siga vigente y mientras el usuario no haya indicado lo contrario.<\/p>\n<p style=\"padding: 20px 0;\"><strong>5. PROPIEDAD INTELECTUAL E INDUSTRIAL:<\/strong> <strong>M\u00e9trica6<\/strong> por s\u00ed o como cesionaria, es titular de todos los derechos de propiedad intelectual e industrial de su p\u00e1gina web, as\u00ed como de los elementos contenidos en la misma (a t\u00edtulo enunciativo, im\u00e1genes, sonido, audio, v\u00eddeo, software o textos; marcas o logotipos, combinaciones de colores, estructura y dise\u00f1o, selecci\u00f3n de materiales usados, programas de ordenador necesarios para su funcionamiento, acceso y uso, etc.), titularidad de <strong>M\u00e9trica6<\/strong> o bien de sus licenciantes. Todos los derechos reservados. En virtud de lo dispuesto en los art\u00edculos 8 y 32.1, p\u00e1rrafo segundo, de la Ley de Propiedad Intelectual, quedan expresamente prohibidas la reproducci\u00f3n, la distribuci\u00f3n y la comunicaci\u00f3n p\u00fablica, incluida su modalidad de puesta a disposici\u00f3n, de la totalidad o parte de los contenidos de esta p\u00e1gina web, con fines comerciales, en cualquier soporte y por cualquier medio t\u00e9cnico, sin la autorizaci\u00f3n de <strong>M\u00e9trica6<\/strong> El USUARIO se compromete a respetar los derechos de Propiedad Intelectual e Industrial titularidad de <strong>M\u00e9trica6<\/strong> Podr\u00e1 visualizar los elementos del portal e incluso imprimirlos, copiarlos y almacenarlos en el disco duro de su ordenador o en cualquier otro soporte f\u00edsico siempre y cuando sea, \u00fanica y exclusivamente, para su uso personal y privado. El USUARIO deber\u00e1 abstenerse de suprimir, alterar, eludir o manipular cualquier dispositivo de protecci\u00f3n o sistema de seguridad que estuviera instalado en las p\u00e1ginas de <strong>M\u00e9trica6<\/strong>.<\/p>\n<p style=\"padding: 20px 0;\"><strong>6. EXCLUSI\u00d3N DE GARANT\u00cdAS Y RESPONSABILIDAD:<\/strong> <strong>M\u00e9trica6<\/strong> no se hace responsable, en ning\u00fan caso, de los da\u00f1os y perjuicios de cualquier naturaleza que pudieran ocasionar, a t\u00edtulo enunciativo: errores u omisiones en los contenidos, falta de disponibilidad del portal o la transmisi\u00f3n de virus o programas maliciosos o lesivos en los contenidos, a pesar de haber adoptado todas las medidas tecnol\u00f3gicas necesarias para evitarlo.<\/p>\n<p style=\"padding: 20px 0;\"><strong>7. MODIFICACIONES:<\/strong> <strong>M\u00e9trica6<\/strong> se reserva el derecho de efectuar sin previo aviso las modificaciones que considere oportunas en su portal, pudiendo cambiar, suprimir o a\u00f1adir tanto los contenidos y servicios que se presten a trav\u00e9s de la misma como la forma en la que \u00e9stos aparezcan presentados o localizados en su portal.<\/p>\n<p style=\"padding: 20px 0;\"><strong>8. ENLACES:<\/strong> En el caso de que en nombre del dominio se dispusiesen enlaces o hiperv\u00ednculos hac\u00eda otros sitios de Internet, <strong>M\u00e9trica6<\/strong> no ejercer\u00e1 ning\u00fan tipo de control sobre dichos sitios y contenidos. En ning\u00fan caso <strong>M\u00e9trica6<\/strong> asumir\u00e1 responsabilidad alguna por los contenidos de alg\u00fan enlace perteneciente a un sitio web ajeno, ni garantizar\u00e1 la disponibilidad t\u00e9cnica, calidad, fiabilidad, exactitud, amplitud, veracidad, validez y constitucionalidad de cualquier material o informaci\u00f3n contenida en ninguno de dichos hiperv\u00ednculos u otros sitios de Internet. Igualmente, la inclusi\u00f3n de estas conexiones externas no implicar\u00e1 ning\u00fan tipo de asociaci\u00f3n, fusi\u00f3n o participaci\u00f3n con las entidades conectadas.<\/p>\n<p style=\"padding: 20px 0;\"><strong>9. DERECHO DE EXCLUSI\u00d3N:<\/strong> <strong>M\u00e9trica6<\/strong> se reserva el derecho a denegar o retirar el acceso a portal y\/o los servicios ofrecidos sin necesidad de preaviso, a instancia propia o de un tercero, a aquellos usuarios que incumplan las presentes Condiciones Generales de Uso.<\/p>\n<p style=\"padding: 20px 0;\"><strong>10. GENERALIDADES:<\/strong> <strong>M\u00e9trica6<\/strong> perseguir\u00e1 el incumplimiento de las presentes condiciones, as\u00ed como cualquier utilizaci\u00f3n indebida de su portal ejerciendo todas las acciones civiles y penales que le puedan corresponder en derecho.<\/p>\n<p style=\"padding: 20px 0;\"><strong>11. MODIFICACI\u00d3N DE LAS PRESENTES CONDICIONES Y DURACI\u00d3N:<\/strong> <strong>M\u00e9trica6<\/strong> podr\u00e1 modificar en cualquier momento las condiciones aqu\u00ed determinadas, siendo debidamente publicadas como aqu\u00ed aparecen. La vigencia de las citadas condiciones ir\u00e1 en funci\u00f3n de su exposici\u00f3n y estar\u00e1n vigentes hasta que sean modificadas por otras debidamente publicadas.<\/p>\n<p style=\"padding: 20px 0;\"><strong>12. LEGISLACI\u00d3N APLICABLE Y JURISDICCI\u00d3N:<\/strong> La relaci\u00f3n entre <strong>M\u00e9trica6<\/strong> y el USUARIO se regir\u00e1 por la normativa espa\u00f1ola vigente y cualquier controversia se someter\u00e1 a los Juzgados y tribunales de la ciudad de M\u00e1laga.<\/p>\n<p>[\/vc_column_text][\/vc_column][\/vc_row]<\/p>\n","protected":false},"excerpt":{"rendered":"<p>[vc_row css_animation=\u00bb\u00bb row_type=\u00bbrow\u00bb use_row_as_full_screen_section=\u00bbno\u00bb type=\u00bbfull_width\u00bb angled_section=\u00bbno\u00bb text_align=\u00bbleft\u00bb background_image_as_pattern=\u00bbwithout_pattern\u00bb css=\u00bb.vc_custom_1537945044274{padding-bottom: 3% !important;}\u00bb z_index=\u00bb\u00bb][vc_column][vc_column_text] AVISO LEGAL 1. DATOS IDENTIFICATIVOS: En cumplimiento con el deber de informaci\u00f3n recogido en art\u00edculo 10 de la Ley 34\/2002, de 11 de julio, de Servicios de la Sociedad de la Informaci\u00f3n y del Comercio Electr\u00f3nico, a continuaci\u00f3n, se reflejan los siguientes datos:&#8230;<\/p>\n","protected":false},"author":1,"featured_media":0,"parent":0,"menu_order":0,"comment_status":"closed","ping_status":"closed","template":"","meta":{"_kadence_starter_templates_imported_post":false,"_kad_post_transparent":"","_kad_post_title":"","_kad_post_layout":"","_kad_post_sidebar_id":"","_kad_post_content_style":"","_kad_post_vertical_padding":"","_kad_post_feature":"","_kad_post_feature_position":"","_kad_post_header":false,"_kad_post_footer":false,"_kad_post_classname":"","footnotes":""},"class_list":["post-2977","page","type-page","status-publish","hentry"],"jetpack_sharing_enabled":true,"_links":{"self":[{"href":"https:\/\/metrica6.xyz\/en\/wp-json\/wp\/v2\/pages\/2977","targetHints":{"allow":["GET"]}}],"collection":[{"href":"https:\/\/metrica6.xyz\/en\/wp-json\/wp\/v2\/pages"}],"about":[{"href":"https:\/\/metrica6.xyz\/en\/wp-json\/wp\/v2\/types\/page"}],"author":[{"embeddable":true,"href":"https:\/\/metrica6.xyz\/en\/wp-json\/wp\/v2\/users\/1"}],"replies":[{"embeddable":true,"href":"https:\/\/metrica6.xyz\/en\/wp-json\/wp\/v2\/comments?post=2977"}],"version-history":[{"count":1,"href":"https:\/\/metrica6.xyz\/en\/wp-json\/wp\/v2\/pages\/2977\/revisions"}],"predecessor-version":[{"id":5021,"href":"https:\/\/metrica6.xyz\/en\/wp-json\/wp\/v2\/pages\/2977\/revisions\/5021"}],"wp:attachment":[{"href":"https:\/\/metrica6.xyz\/en\/wp-json\/wp\/v2\/media?parent=2977"}],"curies":[{"name":"wp","href":"https:\/\/api.w.org\/{rel}","templated":true}]}}